{"id":1080,"date":"2022-01-12T11:32:46","date_gmt":"2022-01-12T10:32:46","guid":{"rendered":"https:\/\/lescreationsdejulia.fr\/?post_type=product&#038;p=1080"},"modified":"2022-05-06T12:20:18","modified_gmt":"2022-05-06T10:20:18","slug":"box-de-la-mariee-holo","status":"publish","type":"product","link":"https:\/\/lescreationsdejulia.fr\/index.php\/produit\/box-de-la-mariee-holo\/","title":{"rendered":"Box de la mari\u00e9e &#8220;Holographique&#8221;"},"content":{"rendered":"<p>Chaque produit est 100% fait main ou personnalis\u00e9 en Alsace, r\u00e9alis\u00e9 avec une attention particuli\u00e8re dans le respect de l\u2019environnement, tous nos tissus sont certifi\u00e9s OEKO-TEX et nos illustrations dessin\u00e9es par Julia Jordy.<\/p>\n<ul>\n<li><u>Un t-shirt<\/u> blanc 100% coton bio \u00ab la future mari\u00e9e \u00bb coupe loose fit, \u00e0 blouser dans un jeans et \u00e0 porter tout le long de ses pr\u00e9paratifs.<\/li>\n<li><u>Un chouchou velours<\/u>, 100% polyester pour \u00eatre assortie \u00e0 votre team \u00e0 votre EVJF<\/li>\n<li><u>Un lot de deux bracelets<\/u> &#8220;la mari\u00e9e&#8221; en perles de polym\u00e8re<\/li>\n<li><u>Une illustration<\/u> personnalis\u00e9e dessin\u00e9 par Julia Jordy<\/li>\n<\/ul>\n","protected":false},"excerpt":{"rendered":"<p>Comment rendre les pr\u00e9paratifs de mariage de votre BFF aussi magiques que son Jour J ? Immortalisez ce moment de vie intense et plein d\u2019\u00e9motions avec un cadeau sur-mesure. La box de la mari\u00e9e est compos\u00e9e d&#8217;un t-shirt &#8220;la future mari\u00e9e&#8221; holographique, d&#8217;un chouchou velours, d&#8217;un lot de 2 bracelets &#8220;la mari\u00e9e&#8221; et d&#8217;une illustration personnalis\u00e9e.<\/p>\n<p><strong>N\u2019oubliez pas de nous pr\u00e9ciser, lors de la finalisation de la commande, le pr\u00e9nom de la &#8220;bride to be&#8221; et la date de son mariage.<br \/>\n<\/strong><\/p>\n","protected":false},"featured_media":1394,"template":"","meta":[],"product_cat":[141,104,19],"product_tag":[39,71,108,109,107,105,106],"yoast_head":"<!-- This site is optimized with the Yoast SEO plugin v18.4.1 - https:\/\/yoast.com\/wordpress\/plugins\/seo\/ -->\n<title>Box de la mari\u00e9e &quot;Holographique&quot; - Les cr\u00e9ations de Julia<\/title>\n<meta name=\"robots\" content=\"index, follow, max-snippet:-1, max-image-preview:large, max-video-preview:-1\" \/>\n<link rel=\"canonical\" href=\"https:\/\/lescreationsdejulia.fr\/index.php\/produit\/box-de-la-mariee-holo\/\" \/>\n<meta property=\"og:locale\" content=\"fr_FR\" \/>\n<meta property=\"og:type\" content=\"article\" \/>\n<meta property=\"og:title\" content=\"Box de la mari\u00e9e &quot;Holographique&quot; - Les cr\u00e9ations de Julia\" \/>\n<meta property=\"og:description\" content=\"Comment rendre les pr\u00e9paratifs de mariage de votre BFF aussi magiques que son Jour J ? Immortalisez ce moment de vie intense et plein d\u2019\u00e9motions avec un cadeau sur-mesure. La box de la mari\u00e9e est compos\u00e9e d&#039;un t-shirt &quot;la future mari\u00e9e&quot; holographique, d&#039;un chouchou velours, d&#039;un lot de 2 bracelets &quot;la mari\u00e9e&quot; et d&#039;une illustration personnalis\u00e9e.  N\u2019oubliez pas de nous pr\u00e9ciser, lors de la finalisation de la commande, le pr\u00e9nom de la &quot;bride to be&quot; et la date de son mariage.\" \/>\n<meta property=\"og:url\" content=\"https:\/\/lescreationsdejulia.fr\/index.php\/produit\/box-de-la-mariee-holo\/\" \/>\n<meta property=\"og:site_name\" content=\"Les cr\u00e9ations de Julia\" \/>\n<meta property=\"article:modified_time\" content=\"2022-05-06T10:20:18+00:00\" \/>\n<meta property=\"og:image\" content=\"https:\/\/lescreationsdejulia.fr\/wp-content\/uploads\/2022\/01\/Box20de20la20marieCC81e20holo-scaled.jpg\" \/>\n\t<meta property=\"og:image:width\" content=\"2560\" \/>\n\t<meta property=\"og:image:height\" content=\"2560\" \/>\n\t<meta property=\"og:image:type\" content=\"image\/jpeg\" \/>\n<meta name=\"twitter:card\" content=\"summary_large_image\" \/>\n<script type=\"application\/ld+json\" class=\"yoast-schema-graph\">{\"@context\":\"https:\/\/schema.org\",\"@graph\":[{\"@type\":\"WebSite\",\"@id\":\"https:\/\/lescreationsdejulia.fr\/#website\",\"url\":\"https:\/\/lescreationsdejulia.fr\/\",\"name\":\"Les cr\u00e9ations de Julia\",\"description\":\"Fait main \u00e0 la fran\u00e7aise\",\"potentialAction\":[{\"@type\":\"SearchAction\",\"target\":{\"@type\":\"EntryPoint\",\"urlTemplate\":\"https:\/\/lescreationsdejulia.fr\/?s={search_term_string}\"},\"query-input\":\"required name=search_term_string\"}],\"inLanguage\":\"fr-FR\"},{\"@type\":\"ImageObject\",\"@id\":\"https:\/\/lescreationsdejulia.fr\/index.php\/produit\/box-de-la-mariee-holo\/#primaryimage\",\"inLanguage\":\"fr-FR\",\"url\":\"https:\/\/i0.wp.com\/lescreationsdejulia.fr\/wp-content\/uploads\/2022\/01\/Box20de20la20marieCC81e20holo-scaled.jpg?fit=2560%2C2560&ssl=1\",\"contentUrl\":\"https:\/\/i0.wp.com\/lescreationsdejulia.fr\/wp-content\/uploads\/2022\/01\/Box20de20la20marieCC81e20holo-scaled.jpg?fit=2560%2C2560&ssl=1\",\"width\":2560,\"height\":2560},{\"@type\":\"WebPage\",\"@id\":\"https:\/\/lescreationsdejulia.fr\/index.php\/produit\/box-de-la-mariee-holo\/#webpage\",\"url\":\"https:\/\/lescreationsdejulia.fr\/index.php\/produit\/box-de-la-mariee-holo\/\",\"name\":\"Box de la mari\u00e9e \\\"Holographique\\\" - Les cr\u00e9ations de Julia\",\"isPartOf\":{\"@id\":\"https:\/\/lescreationsdejulia.fr\/#website\"},\"primaryImageOfPage\":{\"@id\":\"https:\/\/lescreationsdejulia.fr\/index.php\/produit\/box-de-la-mariee-holo\/#primaryimage\"},\"datePublished\":\"2022-01-12T10:32:46+00:00\",\"dateModified\":\"2022-05-06T10:20:18+00:00\",\"breadcrumb\":{\"@id\":\"https:\/\/lescreationsdejulia.fr\/index.php\/produit\/box-de-la-mariee-holo\/#breadcrumb\"},\"inLanguage\":\"fr-FR\",\"potentialAction\":[{\"@type\":\"ReadAction\",\"target\":[\"https:\/\/lescreationsdejulia.fr\/index.php\/produit\/box-de-la-mariee-holo\/\"]}]},{\"@type\":\"BreadcrumbList\",\"@id\":\"https:\/\/lescreationsdejulia.fr\/index.php\/produit\/box-de-la-mariee-holo\/#breadcrumb\",\"itemListElement\":[{\"@type\":\"ListItem\",\"position\":1,\"name\":\"Accueil\",\"item\":\"https:\/\/lescreationsdejulia.fr\/\"},{\"@type\":\"ListItem\",\"position\":2,\"name\":\"Les box\",\"item\":\"https:\/\/lescreationsdejulia.fr\/index.php\/box\/\"},{\"@type\":\"ListItem\",\"position\":3,\"name\":\"Box de la mari\u00e9e &#8220;Holographique&#8221;\"}]}]}<\/script>\n<!-- \/ Yoast SEO plugin. -->","yoast_head_json":{"title":"Box de la mari\u00e9e \"Holographique\" - Les cr\u00e9ations de Julia","robots":{"index":"index","follow":"follow","max-snippet":"max-snippet:-1","max-image-preview":"max-image-preview:large","max-video-preview":"max-video-preview:-1"},"canonical":"https:\/\/lescreationsdejulia.fr\/index.php\/produit\/box-de-la-mariee-holo\/","og_locale":"fr_FR","og_type":"article","og_title":"Box de la mari\u00e9e \"Holographique\" - Les cr\u00e9ations de Julia","og_description":"Comment rendre les pr\u00e9paratifs de mariage de votre BFF aussi magiques que son Jour J ? Immortalisez ce moment de vie intense et plein d\u2019\u00e9motions avec un cadeau sur-mesure. La box de la mari\u00e9e est compos\u00e9e d'un t-shirt \"la future mari\u00e9e\" holographique, d'un chouchou velours, d'un lot de 2 bracelets \"la mari\u00e9e\" et d'une illustration personnalis\u00e9e.  N\u2019oubliez pas de nous pr\u00e9ciser, lors de la finalisation de la commande, le pr\u00e9nom de la \"bride to be\" et la date de son mariage.","og_url":"https:\/\/lescreationsdejulia.fr\/index.php\/produit\/box-de-la-mariee-holo\/","og_site_name":"Les cr\u00e9ations de Julia","article_modified_time":"2022-05-06T10:20:18+00:00","og_image":[{"width":2560,"height":2560,"url":"https:\/\/lescreationsdejulia.fr\/wp-content\/uploads\/2022\/01\/Box20de20la20marieCC81e20holo-scaled.jpg","type":"image\/jpeg"}],"twitter_card":"summary_large_image","schema":{"@context":"https:\/\/schema.org","@graph":[{"@type":"WebSite","@id":"https:\/\/lescreationsdejulia.fr\/#website","url":"https:\/\/lescreationsdejulia.fr\/","name":"Les cr\u00e9ations de Julia","description":"Fait main \u00e0 la fran\u00e7aise","potentialAction":[{"@type":"SearchAction","target":{"@type":"EntryPoint","urlTemplate":"https:\/\/lescreationsdejulia.fr\/?s={search_term_string}"},"query-input":"required name=search_term_string"}],"inLanguage":"fr-FR"},{"@type":"ImageObject","@id":"https:\/\/lescreationsdejulia.fr\/index.php\/produit\/box-de-la-mariee-holo\/#primaryimage","inLanguage":"fr-FR","url":"https:\/\/i0.wp.com\/lescreationsdejulia.fr\/wp-content\/uploads\/2022\/01\/Box20de20la20marieCC81e20holo-scaled.jpg?fit=2560%2C2560&ssl=1","contentUrl":"https:\/\/i0.wp.com\/lescreationsdejulia.fr\/wp-content\/uploads\/2022\/01\/Box20de20la20marieCC81e20holo-scaled.jpg?fit=2560%2C2560&ssl=1","width":2560,"height":2560},{"@type":"WebPage","@id":"https:\/\/lescreationsdejulia.fr\/index.php\/produit\/box-de-la-mariee-holo\/#webpage","url":"https:\/\/lescreationsdejulia.fr\/index.php\/produit\/box-de-la-mariee-holo\/","name":"Box de la mari\u00e9e \"Holographique\" - Les cr\u00e9ations de Julia","isPartOf":{"@id":"https:\/\/lescreationsdejulia.fr\/#website"},"primaryImageOfPage":{"@id":"https:\/\/lescreationsdejulia.fr\/index.php\/produit\/box-de-la-mariee-holo\/#primaryimage"},"datePublished":"2022-01-12T10:32:46+00:00","dateModified":"2022-05-06T10:20:18+00:00","breadcrumb":{"@id":"https:\/\/lescreationsdejulia.fr\/index.php\/produit\/box-de-la-mariee-holo\/#breadcrumb"},"inLanguage":"fr-FR","potentialAction":[{"@type":"ReadAction","target":["https:\/\/lescreationsdejulia.fr\/index.php\/produit\/box-de-la-mariee-holo\/"]}]},{"@type":"BreadcrumbList","@id":"https:\/\/lescreationsdejulia.fr\/index.php\/produit\/box-de-la-mariee-holo\/#breadcrumb","itemListElement":[{"@type":"ListItem","position":1,"name":"Accueil","item":"https:\/\/lescreationsdejulia.fr\/"},{"@type":"ListItem","position":2,"name":"Les box","item":"https:\/\/lescreationsdejulia.fr\/index.php\/box\/"},{"@type":"ListItem","position":3,"name":"Box de la mari\u00e9e &#8220;Holographique&#8221;"}]}]}},"jetpack_sharing_enabled":true,"_links":{"self":[{"href":"https:\/\/lescreationsdejulia.fr\/index.php\/wp-json\/wp\/v2\/product\/1080"}],"collection":[{"href":"https:\/\/lescreationsdejulia.fr\/index.php\/wp-json\/wp\/v2\/product"}],"about":[{"href":"https:\/\/lescreationsdejulia.fr\/index.php\/wp-json\/wp\/v2\/types\/product"}],"wp:featuredmedia":[{"embeddable":true,"href":"https:\/\/lescreationsdejulia.fr\/index.php\/wp-json\/wp\/v2\/media\/1394"}],"wp:attachment":[{"href":"https:\/\/lescreationsdejulia.fr\/index.php\/wp-json\/wp\/v2\/media?parent=1080"}],"wp:term":[{"taxonomy":"product_cat","embeddable":true,"href":"https:\/\/lescreationsdejulia.fr\/index.php\/wp-json\/wp\/v2\/product_cat?post=1080"},{"taxonomy":"product_tag","embeddable":true,"href":"https:\/\/lescreationsdejulia.fr\/index.php\/wp-json\/wp\/v2\/product_tag?post=1080"}],"curies":[{"name":"wp","href":"https:\/\/api.w.org\/{rel}","templated":true}]}}