{"id":1092,"date":"2022-01-12T11:49:29","date_gmt":"2022-01-12T10:49:29","guid":{"rendered":"https:\/\/lescreationsdejulia.fr\/?post_type=product&#038;p=1092"},"modified":"2022-05-06T12:20:17","modified_gmt":"2022-05-06T10:20:17","slug":"box-temoin-holo","status":"publish","type":"product","link":"https:\/\/lescreationsdejulia.fr\/index.php\/produit\/box-temoin-holo\/","title":{"rendered":"Box T\u00e9moin &#8220;Holographique&#8221;"},"content":{"rendered":"<p>Chaque produit est 100% fait main ou personnalis\u00e9 en Alsace, r\u00e9alis\u00e9 avec une attention particuli\u00e8re dans le respect de l\u2019environnement, tous nos tissus sont certifi\u00e9s OEKO-TEX et nos illustrations dessin\u00e9es par Julia Jordy.<\/p>\n<ul>\n<li><u>Un t-shirt<\/u> blanc 100% coton bio \u00ab la t\u00e9moin \u00bb coupe loose fit, \u00e0 blouser dans un jeans et \u00e0 porter tout le long des pr\u00e9paratifs de votre BFF<\/li>\n<li><u>Un chouchou velours<\/u>, 100% polyester pour \u00eatre assortie \u00e0 la team de la mari\u00e9e pour l&#8217;EVJF<\/li>\n<li><u>Un lot de deux bracelets<\/u> &#8220;t\u00e9moin&#8221; en perles de polym\u00e8re<\/li>\n<li><u>Une illustration<\/u> personnalis\u00e9e dessin\u00e9 par Julia Jordy<\/li>\n<\/ul>\n","protected":false},"excerpt":{"rendered":"<p>La demande \u2714\ufe0f, l\u2019annonce des fian\u00e7ailles \u2714\ufe0f, la recherche du lieu \u2714\ufe0f, et maintenant ? Il est temps de vous entourer pour vous aider \u00e0 pr\u00e9parer le plus beau jour de votre vie. Faites vos demandes \u00e0 vos BFF et composez vous une team de t\u00e9moin et demoiselles d\u2019honneur d\u2019anthologie ! La box t\u00e9moin se compose d&#8217;un t-shirt &#8220;la t\u00e9moin&#8221; holographique, d&#8217;un chouchou velours, d&#8217;un lot de 2 bracelets et d&#8217;une illustrations personnalis\u00e9e.<\/p>\n<p><strong>N\u2019oubliez pas de nous pr\u00e9ciser, lors de la finalisation de la commande, le pr\u00e9nom de la ou les t\u00e9moins. Si vous prenez plusieurs box mariage, contactez-nous par mail \u00e0 l&#8217;adresse juliane@lescreationsdejulia.fr, \u00e0 partir de 3 box, nous vous appliquerons une remise de 30%.<br \/>\n<\/strong><\/p>\n","protected":false},"featured_media":1347,"template":"","meta":[],"product_cat":[141,104,19],"product_tag":[39,71,108,114,112,105,113],"yoast_head":"<!-- This site is optimized with the Yoast SEO plugin v18.4.1 - https:\/\/yoast.com\/wordpress\/plugins\/seo\/ -->\n<title>Box T\u00e9moin &quot;Holographique&quot; - Les cr\u00e9ations de Julia<\/title>\n<meta name=\"robots\" content=\"index, follow, max-snippet:-1, max-image-preview:large, max-video-preview:-1\" \/>\n<link rel=\"canonical\" href=\"https:\/\/lescreationsdejulia.fr\/index.php\/produit\/box-temoin-holo\/\" \/>\n<meta property=\"og:locale\" content=\"fr_FR\" \/>\n<meta property=\"og:type\" content=\"article\" \/>\n<meta property=\"og:title\" content=\"Box T\u00e9moin &quot;Holographique&quot; - Les cr\u00e9ations de Julia\" \/>\n<meta property=\"og:description\" content=\"La demande \u2714\ufe0f, l\u2019annonce des fian\u00e7ailles \u2714\ufe0f, la recherche du lieu \u2714\ufe0f, et maintenant ? Il est temps de vous entourer pour vous aider \u00e0 pr\u00e9parer le plus beau jour de votre vie. Faites vos demandes \u00e0 vos BFF et composez vous une team de t\u00e9moin et demoiselles d\u2019honneur d\u2019anthologie ! La box t\u00e9moin se compose d&#039;un t-shirt &quot;la t\u00e9moin&quot; holographique, d&#039;un chouchou velours, d&#039;un lot de 2 bracelets et d&#039;une illustrations personnalis\u00e9e.  N\u2019oubliez pas de nous pr\u00e9ciser, lors de la finalisation de la commande, le pr\u00e9nom de la ou les t\u00e9moins. Si vous prenez plusieurs box mariage, contactez-nous par mail \u00e0 l&#039;adresse juliane@lescreationsdejulia.fr, \u00e0 partir de 3 box, nous vous appliquerons une remise de 30%.\" \/>\n<meta property=\"og:url\" content=\"https:\/\/lescreationsdejulia.fr\/index.php\/produit\/box-temoin-holo\/\" \/>\n<meta property=\"og:site_name\" content=\"Les cr\u00e9ations de Julia\" \/>\n<meta property=\"article:modified_time\" content=\"2022-05-06T10:20:17+00:00\" \/>\n<meta property=\"og:image\" content=\"https:\/\/lescreationsdejulia.fr\/wp-content\/uploads\/2022\/01\/Box-de-la-te\u0301moin-holo.jpg\" \/>\n\t<meta property=\"og:image:width\" content=\"2048\" \/>\n\t<meta property=\"og:image:height\" content=\"2048\" \/>\n\t<meta property=\"og:image:type\" content=\"image\/jpeg\" \/>\n<meta name=\"twitter:card\" content=\"summary_large_image\" \/>\n<script type=\"application\/ld+json\" class=\"yoast-schema-graph\">{\"@context\":\"https:\/\/schema.org\",\"@graph\":[{\"@type\":\"WebSite\",\"@id\":\"https:\/\/lescreationsdejulia.fr\/#website\",\"url\":\"https:\/\/lescreationsdejulia.fr\/\",\"name\":\"Les cr\u00e9ations de Julia\",\"description\":\"Fait main \u00e0 la fran\u00e7aise\",\"potentialAction\":[{\"@type\":\"SearchAction\",\"target\":{\"@type\":\"EntryPoint\",\"urlTemplate\":\"https:\/\/lescreationsdejulia.fr\/?s={search_term_string}\"},\"query-input\":\"required name=search_term_string\"}],\"inLanguage\":\"fr-FR\"},{\"@type\":\"ImageObject\",\"@id\":\"https:\/\/lescreationsdejulia.fr\/index.php\/produit\/box-temoin-holo\/#primaryimage\",\"inLanguage\":\"fr-FR\",\"url\":\"https:\/\/i0.wp.com\/lescreationsdejulia.fr\/wp-content\/uploads\/2022\/01\/Box-de-la-te\u0301moin-holo.jpg?fit=2048%2C2048&ssl=1\",\"contentUrl\":\"https:\/\/i0.wp.com\/lescreationsdejulia.fr\/wp-content\/uploads\/2022\/01\/Box-de-la-te\u0301moin-holo.jpg?fit=2048%2C2048&ssl=1\",\"width\":2048,\"height\":2048},{\"@type\":\"WebPage\",\"@id\":\"https:\/\/lescreationsdejulia.fr\/index.php\/produit\/box-temoin-holo\/#webpage\",\"url\":\"https:\/\/lescreationsdejulia.fr\/index.php\/produit\/box-temoin-holo\/\",\"name\":\"Box T\u00e9moin \\\"Holographique\\\" - Les cr\u00e9ations de Julia\",\"isPartOf\":{\"@id\":\"https:\/\/lescreationsdejulia.fr\/#website\"},\"primaryImageOfPage\":{\"@id\":\"https:\/\/lescreationsdejulia.fr\/index.php\/produit\/box-temoin-holo\/#primaryimage\"},\"datePublished\":\"2022-01-12T10:49:29+00:00\",\"dateModified\":\"2022-05-06T10:20:17+00:00\",\"breadcrumb\":{\"@id\":\"https:\/\/lescreationsdejulia.fr\/index.php\/produit\/box-temoin-holo\/#breadcrumb\"},\"inLanguage\":\"fr-FR\",\"potentialAction\":[{\"@type\":\"ReadAction\",\"target\":[\"https:\/\/lescreationsdejulia.fr\/index.php\/produit\/box-temoin-holo\/\"]}]},{\"@type\":\"BreadcrumbList\",\"@id\":\"https:\/\/lescreationsdejulia.fr\/index.php\/produit\/box-temoin-holo\/#breadcrumb\",\"itemListElement\":[{\"@type\":\"ListItem\",\"position\":1,\"name\":\"Accueil\",\"item\":\"https:\/\/lescreationsdejulia.fr\/\"},{\"@type\":\"ListItem\",\"position\":2,\"name\":\"Les box\",\"item\":\"https:\/\/lescreationsdejulia.fr\/index.php\/box\/\"},{\"@type\":\"ListItem\",\"position\":3,\"name\":\"Box T\u00e9moin &#8220;Holographique&#8221;\"}]}]}<\/script>\n<!-- \/ Yoast SEO plugin. -->","yoast_head_json":{"title":"Box T\u00e9moin \"Holographique\" - Les cr\u00e9ations de Julia","robots":{"index":"index","follow":"follow","max-snippet":"max-snippet:-1","max-image-preview":"max-image-preview:large","max-video-preview":"max-video-preview:-1"},"canonical":"https:\/\/lescreationsdejulia.fr\/index.php\/produit\/box-temoin-holo\/","og_locale":"fr_FR","og_type":"article","og_title":"Box T\u00e9moin \"Holographique\" - Les cr\u00e9ations de Julia","og_description":"La demande \u2714\ufe0f, l\u2019annonce des fian\u00e7ailles \u2714\ufe0f, la recherche du lieu \u2714\ufe0f, et maintenant ? Il est temps de vous entourer pour vous aider \u00e0 pr\u00e9parer le plus beau jour de votre vie. Faites vos demandes \u00e0 vos BFF et composez vous une team de t\u00e9moin et demoiselles d\u2019honneur d\u2019anthologie ! La box t\u00e9moin se compose d'un t-shirt \"la t\u00e9moin\" holographique, d'un chouchou velours, d'un lot de 2 bracelets et d'une illustrations personnalis\u00e9e.  N\u2019oubliez pas de nous pr\u00e9ciser, lors de la finalisation de la commande, le pr\u00e9nom de la ou les t\u00e9moins. Si vous prenez plusieurs box mariage, contactez-nous par mail \u00e0 l'adresse juliane@lescreationsdejulia.fr, \u00e0 partir de 3 box, nous vous appliquerons une remise de 30%.","og_url":"https:\/\/lescreationsdejulia.fr\/index.php\/produit\/box-temoin-holo\/","og_site_name":"Les cr\u00e9ations de Julia","article_modified_time":"2022-05-06T10:20:17+00:00","og_image":[{"width":2048,"height":2048,"url":"https:\/\/lescreationsdejulia.fr\/wp-content\/uploads\/2022\/01\/Box-de-la-te\u0301moin-holo.jpg","type":"image\/jpeg"}],"twitter_card":"summary_large_image","schema":{"@context":"https:\/\/schema.org","@graph":[{"@type":"WebSite","@id":"https:\/\/lescreationsdejulia.fr\/#website","url":"https:\/\/lescreationsdejulia.fr\/","name":"Les cr\u00e9ations de Julia","description":"Fait main \u00e0 la fran\u00e7aise","potentialAction":[{"@type":"SearchAction","target":{"@type":"EntryPoint","urlTemplate":"https:\/\/lescreationsdejulia.fr\/?s={search_term_string}"},"query-input":"required name=search_term_string"}],"inLanguage":"fr-FR"},{"@type":"ImageObject","@id":"https:\/\/lescreationsdejulia.fr\/index.php\/produit\/box-temoin-holo\/#primaryimage","inLanguage":"fr-FR","url":"https:\/\/i0.wp.com\/lescreationsdejulia.fr\/wp-content\/uploads\/2022\/01\/Box-de-la-te\u0301moin-holo.jpg?fit=2048%2C2048&ssl=1","contentUrl":"https:\/\/i0.wp.com\/lescreationsdejulia.fr\/wp-content\/uploads\/2022\/01\/Box-de-la-te\u0301moin-holo.jpg?fit=2048%2C2048&ssl=1","width":2048,"height":2048},{"@type":"WebPage","@id":"https:\/\/lescreationsdejulia.fr\/index.php\/produit\/box-temoin-holo\/#webpage","url":"https:\/\/lescreationsdejulia.fr\/index.php\/produit\/box-temoin-holo\/","name":"Box T\u00e9moin \"Holographique\" - Les cr\u00e9ations de Julia","isPartOf":{"@id":"https:\/\/lescreationsdejulia.fr\/#website"},"primaryImageOfPage":{"@id":"https:\/\/lescreationsdejulia.fr\/index.php\/produit\/box-temoin-holo\/#primaryimage"},"datePublished":"2022-01-12T10:49:29+00:00","dateModified":"2022-05-06T10:20:17+00:00","breadcrumb":{"@id":"https:\/\/lescreationsdejulia.fr\/index.php\/produit\/box-temoin-holo\/#breadcrumb"},"inLanguage":"fr-FR","potentialAction":[{"@type":"ReadAction","target":["https:\/\/lescreationsdejulia.fr\/index.php\/produit\/box-temoin-holo\/"]}]},{"@type":"BreadcrumbList","@id":"https:\/\/lescreationsdejulia.fr\/index.php\/produit\/box-temoin-holo\/#breadcrumb","itemListElement":[{"@type":"ListItem","position":1,"name":"Accueil","item":"https:\/\/lescreationsdejulia.fr\/"},{"@type":"ListItem","position":2,"name":"Les box","item":"https:\/\/lescreationsdejulia.fr\/index.php\/box\/"},{"@type":"ListItem","position":3,"name":"Box T\u00e9moin &#8220;Holographique&#8221;"}]}]}},"jetpack_sharing_enabled":true,"_links":{"self":[{"href":"https:\/\/lescreationsdejulia.fr\/index.php\/wp-json\/wp\/v2\/product\/1092"}],"collection":[{"href":"https:\/\/lescreationsdejulia.fr\/index.php\/wp-json\/wp\/v2\/product"}],"about":[{"href":"https:\/\/lescreationsdejulia.fr\/index.php\/wp-json\/wp\/v2\/types\/product"}],"wp:featuredmedia":[{"embeddable":true,"href":"https:\/\/lescreationsdejulia.fr\/index.php\/wp-json\/wp\/v2\/media\/1347"}],"wp:attachment":[{"href":"https:\/\/lescreationsdejulia.fr\/index.php\/wp-json\/wp\/v2\/media?parent=1092"}],"wp:term":[{"taxonomy":"product_cat","embeddable":true,"href":"https:\/\/lescreationsdejulia.fr\/index.php\/wp-json\/wp\/v2\/product_cat?post=1092"},{"taxonomy":"product_tag","embeddable":true,"href":"https:\/\/lescreationsdejulia.fr\/index.php\/wp-json\/wp\/v2\/product_tag?post=1092"}],"curies":[{"name":"wp","href":"https:\/\/api.w.org\/{rel}","templated":true}]}}