{"id":1186,"date":"2022-01-12T17:09:20","date_gmt":"2022-01-12T16:09:20","guid":{"rendered":"https:\/\/lescreationsdejulia.fr\/?post_type=product&#038;p=1186"},"modified":"2023-03-30T16:00:37","modified_gmt":"2023-03-30T14:00:37","slug":"fairepart-mariage-provencal","status":"publish","type":"product","link":"https:\/\/lescreationsdejulia.fr\/index.php\/produit\/fairepart-mariage-provencal\/","title":{"rendered":"Faire-part de mariage Proven\u00e7al"},"content":{"rendered":"<p>Tous nos faire-part sont imprim\u00e9s par nos soins sur du papier grain\u00e9 style &#8220;Canson&#8221; 224g\/m2 et dessin\u00e9s par Julia Jordy :<\/p>\n<ul>\n<li>Option 1 : Save the date + enveloppe + sticker<\/li>\n<li>Option 2 : Save the date + enveloppe + sticker + \u00e9tiquette adresse<\/li>\n<li>Option 3 : Faire-part recto\/verso + enveloppe + sticker<\/li>\n<li>Option 4 : Faire-part recto\/verso + enveloppe + sticker + \u00e9tiquette adresse<\/li>\n<li>Option 5 : Faire-part recto\/verso + enveloppe + sticker + feuillet<\/li>\n<li>Option 6 : Faire-part recto\/verso + enveloppe + sticker + \u00e9tiquette adresse + feuillet<\/li>\n<li>Option 7 : Menu + marque-place + num\u00e9ro de table<\/li>\n<li>Option 8 : Plan de table<\/li>\n<li>Option 9 : Panneau de bienvenue A3<\/li>\n<\/ul>\n","protected":false},"excerpt":{"rendered":"<p>La collection de faire-part de &#8220;Mariage proven\u00e7al&#8221; offre la possibilit\u00e9 de cr\u00e9er une ligne conductrice \u00e0 votre mariage, en passant des invitations jusqu&#8217;\u00e0 la d\u00e9coration de vos tables et panneau de bienvenue. Les diff\u00e9rentes options disponibles \u00e0 la cr\u00e9ation sont d\u00e9taill\u00e9es plus bas, mais comme nous savons que chaque mariage est unique, il est aussi possible de nous faire part de votre demande SUR-MESURE par mail \u00e0 l&#8217;adresse : julia@lescreationsdejulia.fr.<\/p>\n<p>Pour toutes nos collections, nous proposons des mises en pages et polices diff\u00e9rentes.<\/p>\n<p><strong>N&#8217;oubliez pas de nous indiquer votre mail \u00e0 la commande, nous vous contacterons sous 24h pour faire le point sur votre projet et \u00e9tablir une maquette.\u00a0<\/strong><\/p>\n","protected":false},"featured_media":2064,"template":"","meta":[],"product_cat":[115,102],"product_tag":[117,119,105,118,120],"yoast_head":"<!-- This site is optimized with the Yoast SEO plugin v18.4.1 - https:\/\/yoast.com\/wordpress\/plugins\/seo\/ -->\n<title>Faire-part de mariage Proven\u00e7al - Les cr\u00e9ations de Julia<\/title>\n<meta name=\"robots\" content=\"index, follow, max-snippet:-1, max-image-preview:large, max-video-preview:-1\" \/>\n<link rel=\"canonical\" href=\"https:\/\/lescreationsdejulia.fr\/index.php\/produit\/fairepart-mariage-provencal\/\" \/>\n<meta property=\"og:locale\" content=\"fr_FR\" \/>\n<meta property=\"og:type\" content=\"article\" \/>\n<meta property=\"og:title\" content=\"Faire-part de mariage Proven\u00e7al - Les cr\u00e9ations de Julia\" \/>\n<meta property=\"og:description\" content=\"La collection de faire-part de &quot;Mariage proven\u00e7al&quot; offre la possibilit\u00e9 de cr\u00e9er une ligne conductrice \u00e0 votre mariage, en passant des invitations jusqu&#039;\u00e0 la d\u00e9coration de vos tables et panneau de bienvenue. Les diff\u00e9rentes options disponibles \u00e0 la cr\u00e9ation sont d\u00e9taill\u00e9es plus bas, mais comme nous savons que chaque mariage est unique, il est aussi possible de nous faire part de votre demande SUR-MESURE par mail \u00e0 l&#039;adresse : julia@lescreationsdejulia.fr.  Pour toutes nos collections, nous proposons des mises en pages et polices diff\u00e9rentes.  N&#039;oubliez pas de nous indiquer votre mail \u00e0 la commande, nous vous contacterons sous 24h pour faire le point sur votre projet et \u00e9tablir une maquette.\u00a0\" \/>\n<meta property=\"og:url\" content=\"https:\/\/lescreationsdejulia.fr\/index.php\/produit\/fairepart-mariage-provencal\/\" \/>\n<meta property=\"og:site_name\" content=\"Les cr\u00e9ations de Julia\" \/>\n<meta property=\"article:modified_time\" content=\"2023-03-30T14:00:37+00:00\" \/>\n<meta property=\"og:image\" content=\"https:\/\/lescreationsdejulia.fr\/wp-content\/uploads\/2022\/01\/DSC_0020-scaled.jpg\" \/>\n\t<meta property=\"og:image:width\" content=\"2560\" \/>\n\t<meta property=\"og:image:height\" content=\"1810\" \/>\n\t<meta property=\"og:image:type\" content=\"image\/jpeg\" \/>\n<meta name=\"twitter:card\" content=\"summary_large_image\" \/>\n<script type=\"application\/ld+json\" class=\"yoast-schema-graph\">{\"@context\":\"https:\/\/schema.org\",\"@graph\":[{\"@type\":\"WebSite\",\"@id\":\"https:\/\/lescreationsdejulia.fr\/#website\",\"url\":\"https:\/\/lescreationsdejulia.fr\/\",\"name\":\"Les cr\u00e9ations de Julia\",\"description\":\"Fait main \u00e0 la fran\u00e7aise\",\"potentialAction\":[{\"@type\":\"SearchAction\",\"target\":{\"@type\":\"EntryPoint\",\"urlTemplate\":\"https:\/\/lescreationsdejulia.fr\/?s={search_term_string}\"},\"query-input\":\"required name=search_term_string\"}],\"inLanguage\":\"fr-FR\"},{\"@type\":\"ImageObject\",\"@id\":\"https:\/\/lescreationsdejulia.fr\/index.php\/produit\/fairepart-mariage-provencal\/#primaryimage\",\"inLanguage\":\"fr-FR\",\"url\":\"https:\/\/i0.wp.com\/lescreationsdejulia.fr\/wp-content\/uploads\/2022\/01\/DSC_0020-scaled.jpg?fit=2560%2C1810&ssl=1\",\"contentUrl\":\"https:\/\/i0.wp.com\/lescreationsdejulia.fr\/wp-content\/uploads\/2022\/01\/DSC_0020-scaled.jpg?fit=2560%2C1810&ssl=1\",\"width\":2560,\"height\":1810},{\"@type\":\"WebPage\",\"@id\":\"https:\/\/lescreationsdejulia.fr\/index.php\/produit\/fairepart-mariage-provencal\/#webpage\",\"url\":\"https:\/\/lescreationsdejulia.fr\/index.php\/produit\/fairepart-mariage-provencal\/\",\"name\":\"Faire-part de mariage Proven\u00e7al - Les cr\u00e9ations de Julia\",\"isPartOf\":{\"@id\":\"https:\/\/lescreationsdejulia.fr\/#website\"},\"primaryImageOfPage\":{\"@id\":\"https:\/\/lescreationsdejulia.fr\/index.php\/produit\/fairepart-mariage-provencal\/#primaryimage\"},\"datePublished\":\"2022-01-12T16:09:20+00:00\",\"dateModified\":\"2023-03-30T14:00:37+00:00\",\"breadcrumb\":{\"@id\":\"https:\/\/lescreationsdejulia.fr\/index.php\/produit\/fairepart-mariage-provencal\/#breadcrumb\"},\"inLanguage\":\"fr-FR\",\"potentialAction\":[{\"@type\":\"ReadAction\",\"target\":[\"https:\/\/lescreationsdejulia.fr\/index.php\/produit\/fairepart-mariage-provencal\/\"]}]},{\"@type\":\"BreadcrumbList\",\"@id\":\"https:\/\/lescreationsdejulia.fr\/index.php\/produit\/fairepart-mariage-provencal\/#breadcrumb\",\"itemListElement\":[{\"@type\":\"ListItem\",\"position\":1,\"name\":\"Accueil\",\"item\":\"https:\/\/lescreationsdejulia.fr\/\"},{\"@type\":\"ListItem\",\"position\":2,\"name\":\"Les box\",\"item\":\"https:\/\/lescreationsdejulia.fr\/index.php\/box\/\"},{\"@type\":\"ListItem\",\"position\":3,\"name\":\"Faire-part de mariage Proven\u00e7al\"}]}]}<\/script>\n<!-- \/ Yoast SEO plugin. -->","yoast_head_json":{"title":"Faire-part de mariage Proven\u00e7al - Les cr\u00e9ations de Julia","robots":{"index":"index","follow":"follow","max-snippet":"max-snippet:-1","max-image-preview":"max-image-preview:large","max-video-preview":"max-video-preview:-1"},"canonical":"https:\/\/lescreationsdejulia.fr\/index.php\/produit\/fairepart-mariage-provencal\/","og_locale":"fr_FR","og_type":"article","og_title":"Faire-part de mariage Proven\u00e7al - Les cr\u00e9ations de Julia","og_description":"La collection de faire-part de \"Mariage proven\u00e7al\" offre la possibilit\u00e9 de cr\u00e9er une ligne conductrice \u00e0 votre mariage, en passant des invitations jusqu'\u00e0 la d\u00e9coration de vos tables et panneau de bienvenue. Les diff\u00e9rentes options disponibles \u00e0 la cr\u00e9ation sont d\u00e9taill\u00e9es plus bas, mais comme nous savons que chaque mariage est unique, il est aussi possible de nous faire part de votre demande SUR-MESURE par mail \u00e0 l'adresse : julia@lescreationsdejulia.fr.  Pour toutes nos collections, nous proposons des mises en pages et polices diff\u00e9rentes.  N'oubliez pas de nous indiquer votre mail \u00e0 la commande, nous vous contacterons sous 24h pour faire le point sur votre projet et \u00e9tablir une maquette.\u00a0","og_url":"https:\/\/lescreationsdejulia.fr\/index.php\/produit\/fairepart-mariage-provencal\/","og_site_name":"Les cr\u00e9ations de Julia","article_modified_time":"2023-03-30T14:00:37+00:00","og_image":[{"width":2560,"height":1810,"url":"https:\/\/lescreationsdejulia.fr\/wp-content\/uploads\/2022\/01\/DSC_0020-scaled.jpg","type":"image\/jpeg"}],"twitter_card":"summary_large_image","schema":{"@context":"https:\/\/schema.org","@graph":[{"@type":"WebSite","@id":"https:\/\/lescreationsdejulia.fr\/#website","url":"https:\/\/lescreationsdejulia.fr\/","name":"Les cr\u00e9ations de Julia","description":"Fait main \u00e0 la fran\u00e7aise","potentialAction":[{"@type":"SearchAction","target":{"@type":"EntryPoint","urlTemplate":"https:\/\/lescreationsdejulia.fr\/?s={search_term_string}"},"query-input":"required name=search_term_string"}],"inLanguage":"fr-FR"},{"@type":"ImageObject","@id":"https:\/\/lescreationsdejulia.fr\/index.php\/produit\/fairepart-mariage-provencal\/#primaryimage","inLanguage":"fr-FR","url":"https:\/\/i0.wp.com\/lescreationsdejulia.fr\/wp-content\/uploads\/2022\/01\/DSC_0020-scaled.jpg?fit=2560%2C1810&ssl=1","contentUrl":"https:\/\/i0.wp.com\/lescreationsdejulia.fr\/wp-content\/uploads\/2022\/01\/DSC_0020-scaled.jpg?fit=2560%2C1810&ssl=1","width":2560,"height":1810},{"@type":"WebPage","@id":"https:\/\/lescreationsdejulia.fr\/index.php\/produit\/fairepart-mariage-provencal\/#webpage","url":"https:\/\/lescreationsdejulia.fr\/index.php\/produit\/fairepart-mariage-provencal\/","name":"Faire-part de mariage Proven\u00e7al - Les cr\u00e9ations de Julia","isPartOf":{"@id":"https:\/\/lescreationsdejulia.fr\/#website"},"primaryImageOfPage":{"@id":"https:\/\/lescreationsdejulia.fr\/index.php\/produit\/fairepart-mariage-provencal\/#primaryimage"},"datePublished":"2022-01-12T16:09:20+00:00","dateModified":"2023-03-30T14:00:37+00:00","breadcrumb":{"@id":"https:\/\/lescreationsdejulia.fr\/index.php\/produit\/fairepart-mariage-provencal\/#breadcrumb"},"inLanguage":"fr-FR","potentialAction":[{"@type":"ReadAction","target":["https:\/\/lescreationsdejulia.fr\/index.php\/produit\/fairepart-mariage-provencal\/"]}]},{"@type":"BreadcrumbList","@id":"https:\/\/lescreationsdejulia.fr\/index.php\/produit\/fairepart-mariage-provencal\/#breadcrumb","itemListElement":[{"@type":"ListItem","position":1,"name":"Accueil","item":"https:\/\/lescreationsdejulia.fr\/"},{"@type":"ListItem","position":2,"name":"Les box","item":"https:\/\/lescreationsdejulia.fr\/index.php\/box\/"},{"@type":"ListItem","position":3,"name":"Faire-part de mariage Proven\u00e7al"}]}]}},"jetpack_sharing_enabled":true,"_links":{"self":[{"href":"https:\/\/lescreationsdejulia.fr\/index.php\/wp-json\/wp\/v2\/product\/1186"}],"collection":[{"href":"https:\/\/lescreationsdejulia.fr\/index.php\/wp-json\/wp\/v2\/product"}],"about":[{"href":"https:\/\/lescreationsdejulia.fr\/index.php\/wp-json\/wp\/v2\/types\/product"}],"wp:featuredmedia":[{"embeddable":true,"href":"https:\/\/lescreationsdejulia.fr\/index.php\/wp-json\/wp\/v2\/media\/2064"}],"wp:attachment":[{"href":"https:\/\/lescreationsdejulia.fr\/index.php\/wp-json\/wp\/v2\/media?parent=1186"}],"wp:term":[{"taxonomy":"product_cat","embeddable":true,"href":"https:\/\/lescreationsdejulia.fr\/index.php\/wp-json\/wp\/v2\/product_cat?post=1186"},{"taxonomy":"product_tag","embeddable":true,"href":"https:\/\/lescreationsdejulia.fr\/index.php\/wp-json\/wp\/v2\/product_tag?post=1186"}],"curies":[{"name":"wp","href":"https:\/\/api.w.org\/{rel}","templated":true}]}}