{"id":146,"date":"2021-07-21T11:35:37","date_gmt":"2021-07-21T09:35:37","guid":{"rendered":"http:\/\/lescreationsdejulia.fr\/?post_type=product&#038;p=146"},"modified":"2022-12-06T17:38:12","modified_gmt":"2022-12-06T16:38:12","slug":"box-zodiaque-vierge","status":"publish","type":"product","link":"https:\/\/lescreationsdejulia.fr\/index.php\/produit\/box-zodiaque-vierge\/","title":{"rendered":"Box Vierge"},"content":{"rendered":"<p>Chaque produit est 100% fait main ou personnalis\u00e9 en Alsace, r\u00e9alis\u00e9 avec une attention particuli\u00e8re dans le respect de l\u2019environnement, tous nos tissus sont certifi\u00e9s OEKO-TEX et dessin\u00e9s par Julia Jordy.<\/p>\n<ul>\n<li><u>Bougie de lithoth\u00e9rapie parfum\u00e9e \u00e0 l\u2019ambre<\/u>: D\u2019une jolie d\u00e9coration sur-mesure, \u00e0 une r\u00e9elle aide au recentrage tant \u00e9motionnel, physique que spirituel. <u>Le jaspe<\/u> pr\u00e9sent dans la bougie zodiaque vous aidera \u00e0 booster votre confiance en vous afin d\u2019atteindre tous vos objectifs, il vous conf\u00e9rera courage et permettra de vous attaquer aux probl\u00e8mes avec plus de recul. Composition : 90% cire de soja, 10% de parfum d\u2019ambre, \u00e0 titre indicatif notre bougie a une dur\u00e9e de brule 27h.<\/li>\n<li><u>Un chouchou<\/u> 100% coton \u00e0 l\u2019image de votre signe, nouvel alli\u00e9 mode tant \u00e0 notre poignet que dans notre jolie crini\u00e8re, petit plus, il est compos\u00e9 sans \u00e9l\u00e9ments m\u00e9talliques pour prendre soin de nos cheveux, vous n\u2019avez plus qu\u2019\u00e0 l\u2019assortir \u00e0 votre tenue et le tour est jou\u00e9.<\/li>\n<li><u>Un sac shopping<\/u> 100% coton au design exclusif imprim\u00e9 dans notre atelier de cr\u00e9ation, parfait alli\u00e9 de notre quotidien.<\/li>\n<li><u>Une illustration zodiaque<\/u><\/li>\n<\/ul>\n<p>&nbsp;<\/p>\n","protected":false},"excerpt":{"rendered":"<p><u>Date<\/u> : du 24 ao\u00fbt au 23 septembre<\/p>\n<p>Perfectionnistes, prudentes et d\u00e9vou\u00e9es nos s\u0153urs Vierges sont parfois des incomprises, car bien moins expressives que certaines, elles n\u2019en font pas moins des \u00eatres d\u2019une grande douceur. Leur maitresse plan\u00e9taire Mercure, leur procure des facult\u00e9s d\u2019analyse, d\u2019ing\u00e9niosit\u00e9 et de m\u00e9thode qui font d\u2019elles des Girlboss sans failles. Mais derri\u00e8re cet \u00e9ternel besoin de maitrise, ce signe de Terre tr\u00e8s pudique d\u00e9borde de sensibilit\u00e9.<\/p>\n<p>La box Vierge se compose d&#8217;une bougie de lithoth\u00e9rapie, d&#8217;un chouchou, d&#8217;un sac shopping et d&#8217;une illustration exclusive.<\/p>\n","protected":false},"featured_media":1045,"template":"","meta":[],"product_cat":[141,126,19,20],"product_tag":[43,39,42,38,49,45],"yoast_head":"<!-- This site is optimized with the Yoast SEO plugin v18.4.1 - https:\/\/yoast.com\/wordpress\/plugins\/seo\/ -->\n<title>Box Vierge - Les cr\u00e9ations de Julia<\/title>\n<meta name=\"robots\" content=\"index, follow, max-snippet:-1, max-image-preview:large, max-video-preview:-1\" \/>\n<link rel=\"canonical\" href=\"https:\/\/lescreationsdejulia.fr\/index.php\/produit\/box-zodiaque-vierge\/\" \/>\n<meta property=\"og:locale\" content=\"fr_FR\" \/>\n<meta property=\"og:type\" content=\"article\" \/>\n<meta property=\"og:title\" content=\"Box Vierge - Les cr\u00e9ations de Julia\" \/>\n<meta property=\"og:description\" content=\"Date : du 24 ao\u00fbt au 23 septembre  Perfectionnistes, prudentes et d\u00e9vou\u00e9es nos s\u0153urs Vierges sont parfois des incomprises, car bien moins expressives que certaines, elles n\u2019en font pas moins des \u00eatres d\u2019une grande douceur. Leur maitresse plan\u00e9taire Mercure, leur procure des facult\u00e9s d\u2019analyse, d\u2019ing\u00e9niosit\u00e9 et de m\u00e9thode qui font d\u2019elles des Girlboss sans failles. Mais derri\u00e8re cet \u00e9ternel besoin de maitrise, ce signe de Terre tr\u00e8s pudique d\u00e9borde de sensibilit\u00e9.  La box Vierge se compose d&#039;une bougie de lithoth\u00e9rapie, d&#039;un chouchou, d&#039;un sac shopping et d&#039;une illustration exclusive.\" \/>\n<meta property=\"og:url\" content=\"https:\/\/lescreationsdejulia.fr\/index.php\/produit\/box-zodiaque-vierge\/\" \/>\n<meta property=\"og:site_name\" content=\"Les cr\u00e9ations de Julia\" \/>\n<meta property=\"article:modified_time\" content=\"2022-12-06T16:38:12+00:00\" \/>\n<meta property=\"og:image\" content=\"https:\/\/lescreationsdejulia.fr\/wp-content\/uploads\/2021\/07\/Box-Vierge-NV.jpg\" \/>\n\t<meta property=\"og:image:width\" content=\"1512\" \/>\n\t<meta property=\"og:image:height\" content=\"2016\" \/>\n\t<meta property=\"og:image:type\" content=\"image\/jpeg\" \/>\n<meta name=\"twitter:card\" content=\"summary_large_image\" \/>\n<meta name=\"twitter:label1\" content=\"Dur\u00e9e de lecture estim\u00e9e\" \/>\n\t<meta name=\"twitter:data1\" content=\"1 minute\" \/>\n<script type=\"application\/ld+json\" class=\"yoast-schema-graph\">{\"@context\":\"https:\/\/schema.org\",\"@graph\":[{\"@type\":\"WebSite\",\"@id\":\"https:\/\/lescreationsdejulia.fr\/#website\",\"url\":\"https:\/\/lescreationsdejulia.fr\/\",\"name\":\"Les cr\u00e9ations de Julia\",\"description\":\"Fait main \u00e0 la fran\u00e7aise\",\"potentialAction\":[{\"@type\":\"SearchAction\",\"target\":{\"@type\":\"EntryPoint\",\"urlTemplate\":\"https:\/\/lescreationsdejulia.fr\/?s={search_term_string}\"},\"query-input\":\"required name=search_term_string\"}],\"inLanguage\":\"fr-FR\"},{\"@type\":\"ImageObject\",\"@id\":\"https:\/\/lescreationsdejulia.fr\/index.php\/produit\/box-zodiaque-vierge\/#primaryimage\",\"inLanguage\":\"fr-FR\",\"url\":\"https:\/\/i0.wp.com\/lescreationsdejulia.fr\/wp-content\/uploads\/2021\/07\/Box-Vierge-NV.jpg?fit=1512%2C2016&ssl=1\",\"contentUrl\":\"https:\/\/i0.wp.com\/lescreationsdejulia.fr\/wp-content\/uploads\/2021\/07\/Box-Vierge-NV.jpg?fit=1512%2C2016&ssl=1\",\"width\":1512,\"height\":2016},{\"@type\":\"WebPage\",\"@id\":\"https:\/\/lescreationsdejulia.fr\/index.php\/produit\/box-zodiaque-vierge\/#webpage\",\"url\":\"https:\/\/lescreationsdejulia.fr\/index.php\/produit\/box-zodiaque-vierge\/\",\"name\":\"Box Vierge - Les cr\u00e9ations de Julia\",\"isPartOf\":{\"@id\":\"https:\/\/lescreationsdejulia.fr\/#website\"},\"primaryImageOfPage\":{\"@id\":\"https:\/\/lescreationsdejulia.fr\/index.php\/produit\/box-zodiaque-vierge\/#primaryimage\"},\"datePublished\":\"2021-07-21T09:35:37+00:00\",\"dateModified\":\"2022-12-06T16:38:12+00:00\",\"breadcrumb\":{\"@id\":\"https:\/\/lescreationsdejulia.fr\/index.php\/produit\/box-zodiaque-vierge\/#breadcrumb\"},\"inLanguage\":\"fr-FR\",\"potentialAction\":[{\"@type\":\"ReadAction\",\"target\":[\"https:\/\/lescreationsdejulia.fr\/index.php\/produit\/box-zodiaque-vierge\/\"]}]},{\"@type\":\"BreadcrumbList\",\"@id\":\"https:\/\/lescreationsdejulia.fr\/index.php\/produit\/box-zodiaque-vierge\/#breadcrumb\",\"itemListElement\":[{\"@type\":\"ListItem\",\"position\":1,\"name\":\"Accueil\",\"item\":\"https:\/\/lescreationsdejulia.fr\/\"},{\"@type\":\"ListItem\",\"position\":2,\"name\":\"Les box\",\"item\":\"https:\/\/lescreationsdejulia.fr\/index.php\/box\/\"},{\"@type\":\"ListItem\",\"position\":3,\"name\":\"Box Vierge\"}]}]}<\/script>\n<!-- \/ Yoast SEO plugin. -->","yoast_head_json":{"title":"Box Vierge - Les cr\u00e9ations de Julia","robots":{"index":"index","follow":"follow","max-snippet":"max-snippet:-1","max-image-preview":"max-image-preview:large","max-video-preview":"max-video-preview:-1"},"canonical":"https:\/\/lescreationsdejulia.fr\/index.php\/produit\/box-zodiaque-vierge\/","og_locale":"fr_FR","og_type":"article","og_title":"Box Vierge - Les cr\u00e9ations de Julia","og_description":"Date : du 24 ao\u00fbt au 23 septembre  Perfectionnistes, prudentes et d\u00e9vou\u00e9es nos s\u0153urs Vierges sont parfois des incomprises, car bien moins expressives que certaines, elles n\u2019en font pas moins des \u00eatres d\u2019une grande douceur. Leur maitresse plan\u00e9taire Mercure, leur procure des facult\u00e9s d\u2019analyse, d\u2019ing\u00e9niosit\u00e9 et de m\u00e9thode qui font d\u2019elles des Girlboss sans failles. Mais derri\u00e8re cet \u00e9ternel besoin de maitrise, ce signe de Terre tr\u00e8s pudique d\u00e9borde de sensibilit\u00e9.  La box Vierge se compose d'une bougie de lithoth\u00e9rapie, d'un chouchou, d'un sac shopping et d'une illustration exclusive.","og_url":"https:\/\/lescreationsdejulia.fr\/index.php\/produit\/box-zodiaque-vierge\/","og_site_name":"Les cr\u00e9ations de Julia","article_modified_time":"2022-12-06T16:38:12+00:00","og_image":[{"width":1512,"height":2016,"url":"https:\/\/lescreationsdejulia.fr\/wp-content\/uploads\/2021\/07\/Box-Vierge-NV.jpg","type":"image\/jpeg"}],"twitter_card":"summary_large_image","twitter_misc":{"Dur\u00e9e de lecture estim\u00e9e":"1 minute"},"schema":{"@context":"https:\/\/schema.org","@graph":[{"@type":"WebSite","@id":"https:\/\/lescreationsdejulia.fr\/#website","url":"https:\/\/lescreationsdejulia.fr\/","name":"Les cr\u00e9ations de Julia","description":"Fait main \u00e0 la fran\u00e7aise","potentialAction":[{"@type":"SearchAction","target":{"@type":"EntryPoint","urlTemplate":"https:\/\/lescreationsdejulia.fr\/?s={search_term_string}"},"query-input":"required name=search_term_string"}],"inLanguage":"fr-FR"},{"@type":"ImageObject","@id":"https:\/\/lescreationsdejulia.fr\/index.php\/produit\/box-zodiaque-vierge\/#primaryimage","inLanguage":"fr-FR","url":"https:\/\/i0.wp.com\/lescreationsdejulia.fr\/wp-content\/uploads\/2021\/07\/Box-Vierge-NV.jpg?fit=1512%2C2016&ssl=1","contentUrl":"https:\/\/i0.wp.com\/lescreationsdejulia.fr\/wp-content\/uploads\/2021\/07\/Box-Vierge-NV.jpg?fit=1512%2C2016&ssl=1","width":1512,"height":2016},{"@type":"WebPage","@id":"https:\/\/lescreationsdejulia.fr\/index.php\/produit\/box-zodiaque-vierge\/#webpage","url":"https:\/\/lescreationsdejulia.fr\/index.php\/produit\/box-zodiaque-vierge\/","name":"Box Vierge - Les cr\u00e9ations de Julia","isPartOf":{"@id":"https:\/\/lescreationsdejulia.fr\/#website"},"primaryImageOfPage":{"@id":"https:\/\/lescreationsdejulia.fr\/index.php\/produit\/box-zodiaque-vierge\/#primaryimage"},"datePublished":"2021-07-21T09:35:37+00:00","dateModified":"2022-12-06T16:38:12+00:00","breadcrumb":{"@id":"https:\/\/lescreationsdejulia.fr\/index.php\/produit\/box-zodiaque-vierge\/#breadcrumb"},"inLanguage":"fr-FR","potentialAction":[{"@type":"ReadAction","target":["https:\/\/lescreationsdejulia.fr\/index.php\/produit\/box-zodiaque-vierge\/"]}]},{"@type":"BreadcrumbList","@id":"https:\/\/lescreationsdejulia.fr\/index.php\/produit\/box-zodiaque-vierge\/#breadcrumb","itemListElement":[{"@type":"ListItem","position":1,"name":"Accueil","item":"https:\/\/lescreationsdejulia.fr\/"},{"@type":"ListItem","position":2,"name":"Les box","item":"https:\/\/lescreationsdejulia.fr\/index.php\/box\/"},{"@type":"ListItem","position":3,"name":"Box Vierge"}]}]}},"jetpack_sharing_enabled":true,"_links":{"self":[{"href":"https:\/\/lescreationsdejulia.fr\/index.php\/wp-json\/wp\/v2\/product\/146"}],"collection":[{"href":"https:\/\/lescreationsdejulia.fr\/index.php\/wp-json\/wp\/v2\/product"}],"about":[{"href":"https:\/\/lescreationsdejulia.fr\/index.php\/wp-json\/wp\/v2\/types\/product"}],"wp:featuredmedia":[{"embeddable":true,"href":"https:\/\/lescreationsdejulia.fr\/index.php\/wp-json\/wp\/v2\/media\/1045"}],"wp:attachment":[{"href":"https:\/\/lescreationsdejulia.fr\/index.php\/wp-json\/wp\/v2\/media?parent=146"}],"wp:term":[{"taxonomy":"product_cat","embeddable":true,"href":"https:\/\/lescreationsdejulia.fr\/index.php\/wp-json\/wp\/v2\/product_cat?post=146"},{"taxonomy":"product_tag","embeddable":true,"href":"https:\/\/lescreationsdejulia.fr\/index.php\/wp-json\/wp\/v2\/product_tag?post=146"}],"curies":[{"name":"wp","href":"https:\/\/api.w.org\/{rel}","templated":true}]}}