{"id":1523,"date":"2022-01-31T17:18:46","date_gmt":"2022-01-31T16:18:46","guid":{"rendered":"https:\/\/lescreationsdejulia.fr\/?post_type=product&#038;p=1523"},"modified":"2022-02-02T10:37:57","modified_gmt":"2022-02-02T09:37:57","slug":"illustration-personnalisee-telechargeable","status":"publish","type":"product","link":"https:\/\/lescreationsdejulia.fr\/index.php\/produit\/illustration-personnalisee-telechargeable\/","title":{"rendered":"Illustration personnalis\u00e9e T\u00e9l\u00e9chargeable"},"content":{"rendered":"","protected":false},"excerpt":{"rendered":"<p>Pour immortaliser un instant de vie, votre mariage, vos premi\u00e8res vacances, un EVJF inoubliable, ou m\u00eame la naissance de votre bout de chou, pensez aux illustrations personnalisables. Toutes les illustrations partent de la base d&#8217;une photo que nous retravaillons \u00e0 la main afin d&#8217;en d\u00e9gager un maximum de r\u00e9alisme. Pour r\u00e9pondre \u00e0 toutes vos demandes, 3 options de r\u00e9alisme sont propos\u00e9es \u00e0 la vente, l&#8217;<strong>option 1<\/strong> qui est une version l\u00e9g\u00e8rement d\u00e9taill\u00e9, l&#8217;<strong>option 2<\/strong> tr\u00e8s r\u00e9aliste et l&#8217;<strong>option 3<\/strong> qui inclus un travail de fond, ainsi que de d\u00e9tail ultra-r\u00e9aliste.<\/p>\n<p>L\u2019illustration en version t\u00e9l\u00e9chargeable vous parviendra sous 3 \u00e0 5 jours apr\u00e8s envoi du fichier photo par mail \u00e0 l\u2019adresse : julia@lescreationsdejulia.fr<\/p>\n","protected":false},"featured_media":1520,"template":"","meta":[],"product_cat":[84],"product_tag":[38,130,62,133,131,132],"yoast_head":"<!-- This site is optimized with the Yoast SEO plugin v18.4.1 - https:\/\/yoast.com\/wordpress\/plugins\/seo\/ -->\n<title>Illustration personnalis\u00e9e T\u00e9l\u00e9chargeable - Les cr\u00e9ations de Julia<\/title>\n<meta name=\"description\" content=\"Pour immortaliser un instant de vie, votre mariage, vos premi\u00e8res vacances, un EVJF inoubliable, ou m\u00eame la naissance de votre bout de chou, pensez aux illustrations personnalisables. Toutes les illustrations partent de la base d&#039;une photo que nous retravaillons \u00e0 la main afin d&#039;en d\u00e9gager un maximum de r\u00e9alisme.\" \/>\n<meta name=\"robots\" content=\"index, follow, max-snippet:-1, max-image-preview:large, max-video-preview:-1\" \/>\n<link rel=\"canonical\" href=\"https:\/\/lescreationsdejulia.fr\/index.php\/produit\/illustration-personnalisee-telechargeable\/\" \/>\n<meta property=\"og:locale\" content=\"fr_FR\" \/>\n<meta property=\"og:type\" content=\"article\" \/>\n<meta property=\"og:title\" content=\"Illustration personnalis\u00e9e T\u00e9l\u00e9chargeable - Les cr\u00e9ations de Julia\" \/>\n<meta property=\"og:description\" content=\"Pour immortaliser un instant de vie, votre mariage, vos premi\u00e8res vacances, un EVJF inoubliable, ou m\u00eame la naissance de votre bout de chou, pensez aux illustrations personnalisables. Toutes les illustrations partent de la base d&#039;une photo que nous retravaillons \u00e0 la main afin d&#039;en d\u00e9gager un maximum de r\u00e9alisme.\" \/>\n<meta property=\"og:url\" content=\"https:\/\/lescreationsdejulia.fr\/index.php\/produit\/illustration-personnalisee-telechargeable\/\" \/>\n<meta property=\"og:site_name\" content=\"Les cr\u00e9ations de Julia\" \/>\n<meta property=\"article:modified_time\" content=\"2022-02-02T09:37:57+00:00\" \/>\n<meta property=\"og:image\" content=\"https:\/\/lescreationsdejulia.fr\/wp-content\/uploads\/2022\/01\/SL-option3-2-scaled.jpg\" \/>\n\t<meta property=\"og:image:width\" content=\"2560\" \/>\n\t<meta property=\"og:image:height\" content=\"1810\" \/>\n\t<meta property=\"og:image:type\" content=\"image\/jpeg\" \/>\n<meta name=\"twitter:card\" content=\"summary_large_image\" \/>\n<script type=\"application\/ld+json\" class=\"yoast-schema-graph\">{\"@context\":\"https:\/\/schema.org\",\"@graph\":[{\"@type\":\"WebSite\",\"@id\":\"https:\/\/lescreationsdejulia.fr\/#website\",\"url\":\"https:\/\/lescreationsdejulia.fr\/\",\"name\":\"Les cr\u00e9ations de Julia\",\"description\":\"Fait main \u00e0 la fran\u00e7aise\",\"potentialAction\":[{\"@type\":\"SearchAction\",\"target\":{\"@type\":\"EntryPoint\",\"urlTemplate\":\"https:\/\/lescreationsdejulia.fr\/?s={search_term_string}\"},\"query-input\":\"required name=search_term_string\"}],\"inLanguage\":\"fr-FR\"},{\"@type\":\"ImageObject\",\"@id\":\"https:\/\/lescreationsdejulia.fr\/index.php\/produit\/illustration-personnalisee-telechargeable\/#primaryimage\",\"inLanguage\":\"fr-FR\",\"url\":\"https:\/\/i0.wp.com\/lescreationsdejulia.fr\/wp-content\/uploads\/2022\/01\/SL-option3-2-scaled.jpg?fit=2560%2C1810&ssl=1\",\"contentUrl\":\"https:\/\/i0.wp.com\/lescreationsdejulia.fr\/wp-content\/uploads\/2022\/01\/SL-option3-2-scaled.jpg?fit=2560%2C1810&ssl=1\",\"width\":2560,\"height\":1810},{\"@type\":\"WebPage\",\"@id\":\"https:\/\/lescreationsdejulia.fr\/index.php\/produit\/illustration-personnalisee-telechargeable\/#webpage\",\"url\":\"https:\/\/lescreationsdejulia.fr\/index.php\/produit\/illustration-personnalisee-telechargeable\/\",\"name\":\"Illustration personnalis\u00e9e T\u00e9l\u00e9chargeable - Les cr\u00e9ations de Julia\",\"isPartOf\":{\"@id\":\"https:\/\/lescreationsdejulia.fr\/#website\"},\"primaryImageOfPage\":{\"@id\":\"https:\/\/lescreationsdejulia.fr\/index.php\/produit\/illustration-personnalisee-telechargeable\/#primaryimage\"},\"datePublished\":\"2022-01-31T16:18:46+00:00\",\"dateModified\":\"2022-02-02T09:37:57+00:00\",\"description\":\"Pour immortaliser un instant de vie, votre mariage, vos premi\u00e8res vacances, un EVJF inoubliable, ou m\u00eame la naissance de votre bout de chou, pensez aux illustrations personnalisables. Toutes les illustrations partent de la base d'une photo que nous retravaillons \u00e0 la main afin d'en d\u00e9gager un maximum de r\u00e9alisme.\",\"breadcrumb\":{\"@id\":\"https:\/\/lescreationsdejulia.fr\/index.php\/produit\/illustration-personnalisee-telechargeable\/#breadcrumb\"},\"inLanguage\":\"fr-FR\",\"potentialAction\":[{\"@type\":\"ReadAction\",\"target\":[\"https:\/\/lescreationsdejulia.fr\/index.php\/produit\/illustration-personnalisee-telechargeable\/\"]}]},{\"@type\":\"BreadcrumbList\",\"@id\":\"https:\/\/lescreationsdejulia.fr\/index.php\/produit\/illustration-personnalisee-telechargeable\/#breadcrumb\",\"itemListElement\":[{\"@type\":\"ListItem\",\"position\":1,\"name\":\"Accueil\",\"item\":\"https:\/\/lescreationsdejulia.fr\/\"},{\"@type\":\"ListItem\",\"position\":2,\"name\":\"Les box\",\"item\":\"https:\/\/lescreationsdejulia.fr\/index.php\/box\/\"},{\"@type\":\"ListItem\",\"position\":3,\"name\":\"Illustration personnalis\u00e9e T\u00e9l\u00e9chargeable\"}]}]}<\/script>\n<!-- \/ Yoast SEO plugin. -->","yoast_head_json":{"title":"Illustration personnalis\u00e9e T\u00e9l\u00e9chargeable - Les cr\u00e9ations de Julia","description":"Pour immortaliser un instant de vie, votre mariage, vos premi\u00e8res vacances, un EVJF inoubliable, ou m\u00eame la naissance de votre bout de chou, pensez aux illustrations personnalisables. Toutes les illustrations partent de la base d'une photo que nous retravaillons \u00e0 la main afin d'en d\u00e9gager un maximum de r\u00e9alisme.","robots":{"index":"index","follow":"follow","max-snippet":"max-snippet:-1","max-image-preview":"max-image-preview:large","max-video-preview":"max-video-preview:-1"},"canonical":"https:\/\/lescreationsdejulia.fr\/index.php\/produit\/illustration-personnalisee-telechargeable\/","og_locale":"fr_FR","og_type":"article","og_title":"Illustration personnalis\u00e9e T\u00e9l\u00e9chargeable - Les cr\u00e9ations de Julia","og_description":"Pour immortaliser un instant de vie, votre mariage, vos premi\u00e8res vacances, un EVJF inoubliable, ou m\u00eame la naissance de votre bout de chou, pensez aux illustrations personnalisables. Toutes les illustrations partent de la base d'une photo que nous retravaillons \u00e0 la main afin d'en d\u00e9gager un maximum de r\u00e9alisme.","og_url":"https:\/\/lescreationsdejulia.fr\/index.php\/produit\/illustration-personnalisee-telechargeable\/","og_site_name":"Les cr\u00e9ations de Julia","article_modified_time":"2022-02-02T09:37:57+00:00","og_image":[{"width":2560,"height":1810,"url":"https:\/\/lescreationsdejulia.fr\/wp-content\/uploads\/2022\/01\/SL-option3-2-scaled.jpg","type":"image\/jpeg"}],"twitter_card":"summary_large_image","schema":{"@context":"https:\/\/schema.org","@graph":[{"@type":"WebSite","@id":"https:\/\/lescreationsdejulia.fr\/#website","url":"https:\/\/lescreationsdejulia.fr\/","name":"Les cr\u00e9ations de Julia","description":"Fait main \u00e0 la fran\u00e7aise","potentialAction":[{"@type":"SearchAction","target":{"@type":"EntryPoint","urlTemplate":"https:\/\/lescreationsdejulia.fr\/?s={search_term_string}"},"query-input":"required name=search_term_string"}],"inLanguage":"fr-FR"},{"@type":"ImageObject","@id":"https:\/\/lescreationsdejulia.fr\/index.php\/produit\/illustration-personnalisee-telechargeable\/#primaryimage","inLanguage":"fr-FR","url":"https:\/\/i0.wp.com\/lescreationsdejulia.fr\/wp-content\/uploads\/2022\/01\/SL-option3-2-scaled.jpg?fit=2560%2C1810&ssl=1","contentUrl":"https:\/\/i0.wp.com\/lescreationsdejulia.fr\/wp-content\/uploads\/2022\/01\/SL-option3-2-scaled.jpg?fit=2560%2C1810&ssl=1","width":2560,"height":1810},{"@type":"WebPage","@id":"https:\/\/lescreationsdejulia.fr\/index.php\/produit\/illustration-personnalisee-telechargeable\/#webpage","url":"https:\/\/lescreationsdejulia.fr\/index.php\/produit\/illustration-personnalisee-telechargeable\/","name":"Illustration personnalis\u00e9e T\u00e9l\u00e9chargeable - Les cr\u00e9ations de Julia","isPartOf":{"@id":"https:\/\/lescreationsdejulia.fr\/#website"},"primaryImageOfPage":{"@id":"https:\/\/lescreationsdejulia.fr\/index.php\/produit\/illustration-personnalisee-telechargeable\/#primaryimage"},"datePublished":"2022-01-31T16:18:46+00:00","dateModified":"2022-02-02T09:37:57+00:00","description":"Pour immortaliser un instant de vie, votre mariage, vos premi\u00e8res vacances, un EVJF inoubliable, ou m\u00eame la naissance de votre bout de chou, pensez aux illustrations personnalisables. Toutes les illustrations partent de la base d'une photo que nous retravaillons \u00e0 la main afin d'en d\u00e9gager un maximum de r\u00e9alisme.","breadcrumb":{"@id":"https:\/\/lescreationsdejulia.fr\/index.php\/produit\/illustration-personnalisee-telechargeable\/#breadcrumb"},"inLanguage":"fr-FR","potentialAction":[{"@type":"ReadAction","target":["https:\/\/lescreationsdejulia.fr\/index.php\/produit\/illustration-personnalisee-telechargeable\/"]}]},{"@type":"BreadcrumbList","@id":"https:\/\/lescreationsdejulia.fr\/index.php\/produit\/illustration-personnalisee-telechargeable\/#breadcrumb","itemListElement":[{"@type":"ListItem","position":1,"name":"Accueil","item":"https:\/\/lescreationsdejulia.fr\/"},{"@type":"ListItem","position":2,"name":"Les box","item":"https:\/\/lescreationsdejulia.fr\/index.php\/box\/"},{"@type":"ListItem","position":3,"name":"Illustration personnalis\u00e9e T\u00e9l\u00e9chargeable"}]}]}},"jetpack_sharing_enabled":true,"_links":{"self":[{"href":"https:\/\/lescreationsdejulia.fr\/index.php\/wp-json\/wp\/v2\/product\/1523"}],"collection":[{"href":"https:\/\/lescreationsdejulia.fr\/index.php\/wp-json\/wp\/v2\/product"}],"about":[{"href":"https:\/\/lescreationsdejulia.fr\/index.php\/wp-json\/wp\/v2\/types\/product"}],"wp:featuredmedia":[{"embeddable":true,"href":"https:\/\/lescreationsdejulia.fr\/index.php\/wp-json\/wp\/v2\/media\/1520"}],"wp:attachment":[{"href":"https:\/\/lescreationsdejulia.fr\/index.php\/wp-json\/wp\/v2\/media?parent=1523"}],"wp:term":[{"taxonomy":"product_cat","embeddable":true,"href":"https:\/\/lescreationsdejulia.fr\/index.php\/wp-json\/wp\/v2\/product_cat?post=1523"},{"taxonomy":"product_tag","embeddable":true,"href":"https:\/\/lescreationsdejulia.fr\/index.php\/wp-json\/wp\/v2\/product_tag?post=1523"}],"curies":[{"name":"wp","href":"https:\/\/api.w.org\/{rel}","templated":true}]}}