{"id":1736,"date":"2022-05-19T13:52:35","date_gmt":"2022-05-19T11:52:35","guid":{"rendered":"https:\/\/lescreationsdejulia.fr\/?post_type=product&#038;p=1736"},"modified":"2022-11-18T16:55:21","modified_gmt":"2022-11-18T15:55:21","slug":"savon-nature-oud","status":"publish","type":"product","link":"https:\/\/lescreationsdejulia.fr\/index.php\/produit\/savon-nature-oud\/","title":{"rendered":"Savon Nature Oud"},"content":{"rendered":"<p>D\u00e9couvrez notre savon naturel Oud r\u00e9alis\u00e9 par Les Cr\u00e9ations de Julia qui a une senteur raffin\u00e9 et d\u00e9licate.<\/p>\n<p>Chaque produit est 100% <strong>fait main en Alsace<\/strong>, r\u00e9alis\u00e9 avec une attention particuli\u00e8re dans le respect de l\u2019environnement.<\/p>\n<p>Existe en 4 fragrances : Mono\u00ef, Oud, Violette&amp;Rose ou Ambre.<\/p>\n<p><strong>Dur\u00e9e de conservation :<\/strong> 6 mois.<\/p>\n","protected":false},"excerpt":{"rendered":"<p>Le savon Nature enrichie aux beurres de cacao, mangue et karit\u00e9, sans paraben et sans sulfate, vous laisse un aspect peau douce instantan\u00e9, gr\u00e2ce \u00e0 son pouvoir hydratant.<\/p>\n<p style=\"text-align: left;\">\n","protected":false},"featured_media":1788,"template":"","meta":[],"product_cat":[140,139],"product_tag":[38,60,80,79,78],"yoast_head":"<!-- This site is optimized with the Yoast SEO plugin v18.4.1 - https:\/\/yoast.com\/wordpress\/plugins\/seo\/ -->\n<title>Savon Nature Oud - Les cr\u00e9ations de Julia<\/title>\n<meta name=\"description\" content=\"D\u00e9couvrez notre savon naturel Oud r\u00e9alis\u00e9 par Les Cr\u00e9ations de Julia qui a une senteur raffin\u00e9 et d\u00e9licate.\" \/>\n<meta name=\"robots\" content=\"index, follow, max-snippet:-1, max-image-preview:large, max-video-preview:-1\" \/>\n<link rel=\"canonical\" href=\"https:\/\/lescreationsdejulia.fr\/index.php\/produit\/savon-nature-oud\/\" \/>\n<meta property=\"og:locale\" content=\"fr_FR\" \/>\n<meta property=\"og:type\" content=\"article\" \/>\n<meta property=\"og:title\" content=\"Savon Nature Oud - Les cr\u00e9ations de Julia\" \/>\n<meta property=\"og:description\" content=\"D\u00e9couvrez notre savon naturel Oud r\u00e9alis\u00e9 par Les Cr\u00e9ations de Julia qui a une senteur raffin\u00e9 et d\u00e9licate.\" \/>\n<meta property=\"og:url\" content=\"https:\/\/lescreationsdejulia.fr\/index.php\/produit\/savon-nature-oud\/\" \/>\n<meta property=\"og:site_name\" content=\"Les cr\u00e9ations de Julia\" \/>\n<meta property=\"article:modified_time\" content=\"2022-11-18T15:55:21+00:00\" \/>\n<meta property=\"og:image\" content=\"https:\/\/lescreationsdejulia.fr\/wp-content\/uploads\/2022\/05\/IMG_6572-e1652965386976.jpg\" \/>\n\t<meta property=\"og:image:width\" content=\"1536\" \/>\n\t<meta property=\"og:image:height\" content=\"1536\" \/>\n\t<meta property=\"og:image:type\" content=\"image\/jpeg\" \/>\n<meta name=\"twitter:card\" content=\"summary_large_image\" \/>\n<meta name=\"twitter:label1\" content=\"Dur\u00e9e de lecture estim\u00e9e\" \/>\n\t<meta name=\"twitter:data1\" content=\"1 minute\" \/>\n<script type=\"application\/ld+json\" class=\"yoast-schema-graph\">{\"@context\":\"https:\/\/schema.org\",\"@graph\":[{\"@type\":\"WebSite\",\"@id\":\"https:\/\/lescreationsdejulia.fr\/#website\",\"url\":\"https:\/\/lescreationsdejulia.fr\/\",\"name\":\"Les cr\u00e9ations de Julia\",\"description\":\"Fait main \u00e0 la fran\u00e7aise\",\"potentialAction\":[{\"@type\":\"SearchAction\",\"target\":{\"@type\":\"EntryPoint\",\"urlTemplate\":\"https:\/\/lescreationsdejulia.fr\/?s={search_term_string}\"},\"query-input\":\"required name=search_term_string\"}],\"inLanguage\":\"fr-FR\"},{\"@type\":\"ImageObject\",\"@id\":\"https:\/\/lescreationsdejulia.fr\/index.php\/produit\/savon-nature-oud\/#primaryimage\",\"inLanguage\":\"fr-FR\",\"url\":\"https:\/\/i0.wp.com\/lescreationsdejulia.fr\/wp-content\/uploads\/2022\/05\/IMG_6572-e1652965386976.jpg?fit=1536%2C1536&ssl=1\",\"contentUrl\":\"https:\/\/i0.wp.com\/lescreationsdejulia.fr\/wp-content\/uploads\/2022\/05\/IMG_6572-e1652965386976.jpg?fit=1536%2C1536&ssl=1\",\"width\":1536,\"height\":1536},{\"@type\":\"WebPage\",\"@id\":\"https:\/\/lescreationsdejulia.fr\/index.php\/produit\/savon-nature-oud\/#webpage\",\"url\":\"https:\/\/lescreationsdejulia.fr\/index.php\/produit\/savon-nature-oud\/\",\"name\":\"Savon Nature Oud - Les cr\u00e9ations de Julia\",\"isPartOf\":{\"@id\":\"https:\/\/lescreationsdejulia.fr\/#website\"},\"primaryImageOfPage\":{\"@id\":\"https:\/\/lescreationsdejulia.fr\/index.php\/produit\/savon-nature-oud\/#primaryimage\"},\"datePublished\":\"2022-05-19T11:52:35+00:00\",\"dateModified\":\"2022-11-18T15:55:21+00:00\",\"description\":\"D\u00e9couvrez notre savon naturel Oud r\u00e9alis\u00e9 par Les Cr\u00e9ations de Julia qui a une senteur raffin\u00e9 et d\u00e9licate.\",\"breadcrumb\":{\"@id\":\"https:\/\/lescreationsdejulia.fr\/index.php\/produit\/savon-nature-oud\/#breadcrumb\"},\"inLanguage\":\"fr-FR\",\"potentialAction\":[{\"@type\":\"ReadAction\",\"target\":[\"https:\/\/lescreationsdejulia.fr\/index.php\/produit\/savon-nature-oud\/\"]}]},{\"@type\":\"BreadcrumbList\",\"@id\":\"https:\/\/lescreationsdejulia.fr\/index.php\/produit\/savon-nature-oud\/#breadcrumb\",\"itemListElement\":[{\"@type\":\"ListItem\",\"position\":1,\"name\":\"Accueil\",\"item\":\"https:\/\/lescreationsdejulia.fr\/\"},{\"@type\":\"ListItem\",\"position\":2,\"name\":\"Les box\",\"item\":\"https:\/\/lescreationsdejulia.fr\/index.php\/box\/\"},{\"@type\":\"ListItem\",\"position\":3,\"name\":\"Savon Nature Oud\"}]}]}<\/script>\n<!-- \/ Yoast SEO plugin. -->","yoast_head_json":{"title":"Savon Nature Oud - Les cr\u00e9ations de Julia","description":"D\u00e9couvrez notre savon naturel Oud r\u00e9alis\u00e9 par Les Cr\u00e9ations de Julia qui a une senteur raffin\u00e9 et d\u00e9licate.","robots":{"index":"index","follow":"follow","max-snippet":"max-snippet:-1","max-image-preview":"max-image-preview:large","max-video-preview":"max-video-preview:-1"},"canonical":"https:\/\/lescreationsdejulia.fr\/index.php\/produit\/savon-nature-oud\/","og_locale":"fr_FR","og_type":"article","og_title":"Savon Nature Oud - Les cr\u00e9ations de Julia","og_description":"D\u00e9couvrez notre savon naturel Oud r\u00e9alis\u00e9 par Les Cr\u00e9ations de Julia qui a une senteur raffin\u00e9 et d\u00e9licate.","og_url":"https:\/\/lescreationsdejulia.fr\/index.php\/produit\/savon-nature-oud\/","og_site_name":"Les cr\u00e9ations de Julia","article_modified_time":"2022-11-18T15:55:21+00:00","og_image":[{"width":1536,"height":1536,"url":"https:\/\/lescreationsdejulia.fr\/wp-content\/uploads\/2022\/05\/IMG_6572-e1652965386976.jpg","type":"image\/jpeg"}],"twitter_card":"summary_large_image","twitter_misc":{"Dur\u00e9e de lecture estim\u00e9e":"1 minute"},"schema":{"@context":"https:\/\/schema.org","@graph":[{"@type":"WebSite","@id":"https:\/\/lescreationsdejulia.fr\/#website","url":"https:\/\/lescreationsdejulia.fr\/","name":"Les cr\u00e9ations de Julia","description":"Fait main \u00e0 la fran\u00e7aise","potentialAction":[{"@type":"SearchAction","target":{"@type":"EntryPoint","urlTemplate":"https:\/\/lescreationsdejulia.fr\/?s={search_term_string}"},"query-input":"required name=search_term_string"}],"inLanguage":"fr-FR"},{"@type":"ImageObject","@id":"https:\/\/lescreationsdejulia.fr\/index.php\/produit\/savon-nature-oud\/#primaryimage","inLanguage":"fr-FR","url":"https:\/\/i0.wp.com\/lescreationsdejulia.fr\/wp-content\/uploads\/2022\/05\/IMG_6572-e1652965386976.jpg?fit=1536%2C1536&ssl=1","contentUrl":"https:\/\/i0.wp.com\/lescreationsdejulia.fr\/wp-content\/uploads\/2022\/05\/IMG_6572-e1652965386976.jpg?fit=1536%2C1536&ssl=1","width":1536,"height":1536},{"@type":"WebPage","@id":"https:\/\/lescreationsdejulia.fr\/index.php\/produit\/savon-nature-oud\/#webpage","url":"https:\/\/lescreationsdejulia.fr\/index.php\/produit\/savon-nature-oud\/","name":"Savon Nature Oud - Les cr\u00e9ations de Julia","isPartOf":{"@id":"https:\/\/lescreationsdejulia.fr\/#website"},"primaryImageOfPage":{"@id":"https:\/\/lescreationsdejulia.fr\/index.php\/produit\/savon-nature-oud\/#primaryimage"},"datePublished":"2022-05-19T11:52:35+00:00","dateModified":"2022-11-18T15:55:21+00:00","description":"D\u00e9couvrez notre savon naturel Oud r\u00e9alis\u00e9 par Les Cr\u00e9ations de Julia qui a une senteur raffin\u00e9 et d\u00e9licate.","breadcrumb":{"@id":"https:\/\/lescreationsdejulia.fr\/index.php\/produit\/savon-nature-oud\/#breadcrumb"},"inLanguage":"fr-FR","potentialAction":[{"@type":"ReadAction","target":["https:\/\/lescreationsdejulia.fr\/index.php\/produit\/savon-nature-oud\/"]}]},{"@type":"BreadcrumbList","@id":"https:\/\/lescreationsdejulia.fr\/index.php\/produit\/savon-nature-oud\/#breadcrumb","itemListElement":[{"@type":"ListItem","position":1,"name":"Accueil","item":"https:\/\/lescreationsdejulia.fr\/"},{"@type":"ListItem","position":2,"name":"Les box","item":"https:\/\/lescreationsdejulia.fr\/index.php\/box\/"},{"@type":"ListItem","position":3,"name":"Savon Nature Oud"}]}]}},"jetpack_sharing_enabled":true,"_links":{"self":[{"href":"https:\/\/lescreationsdejulia.fr\/index.php\/wp-json\/wp\/v2\/product\/1736"}],"collection":[{"href":"https:\/\/lescreationsdejulia.fr\/index.php\/wp-json\/wp\/v2\/product"}],"about":[{"href":"https:\/\/lescreationsdejulia.fr\/index.php\/wp-json\/wp\/v2\/types\/product"}],"wp:featuredmedia":[{"embeddable":true,"href":"https:\/\/lescreationsdejulia.fr\/index.php\/wp-json\/wp\/v2\/media\/1788"}],"wp:attachment":[{"href":"https:\/\/lescreationsdejulia.fr\/index.php\/wp-json\/wp\/v2\/media?parent=1736"}],"wp:term":[{"taxonomy":"product_cat","embeddable":true,"href":"https:\/\/lescreationsdejulia.fr\/index.php\/wp-json\/wp\/v2\/product_cat?post=1736"},{"taxonomy":"product_tag","embeddable":true,"href":"https:\/\/lescreationsdejulia.fr\/index.php\/wp-json\/wp\/v2\/product_tag?post=1736"}],"curies":[{"name":"wp","href":"https:\/\/api.w.org\/{rel}","templated":true}]}}