{"id":1749,"date":"2022-05-19T14:11:28","date_gmt":"2022-05-19T12:11:28","guid":{"rendered":"https:\/\/lescreationsdejulia.fr\/?post_type=product&#038;p=1749"},"modified":"2022-12-03T16:17:57","modified_gmt":"2022-12-03T15:17:57","slug":"lot-de-3-lingettes-demaquillantes-artemis-bleu","status":"publish","type":"product","link":"https:\/\/lescreationsdejulia.fr\/index.php\/produit\/lot-de-3-lingettes-demaquillantes-artemis-bleu\/","title":{"rendered":"Lot de 3 lingettes d\u00e9maquillantes Art\u00e9mis bleu"},"content":{"rendered":"<p>Chaque lingette d\u00e9maquillante est 100% fait main en Alsace, r\u00e9alis\u00e9 avec une attention particuli\u00e8re dans le respect de l\u2019environnement, tous nos tissus sont certifi\u00e9s OEKO-TEX et dessin\u00e9s par Julia Jordy.<\/p>\n<p>Composition : une face 100% coton et l&#8217;autre en micro-\u00e9ponge de bambou (40% coton, 40% bambou et 20% polyester)<\/p>\n<p>Conseil d&#8217;entretien : lavage \u00e0 40\u00b0C.<\/p>\n","protected":false},"excerpt":{"rendered":"<p>Lot de 3 lingettes d\u00e9maquillantes, lavables \u00e0 l\u2019infini. Vous pouvez les utiliser avec votre d\u00e9maquillant habituel, votre eau micellaire, ou m\u00eame de l\u2019huile de coco pour un impact carbone ultra maitris\u00e9.<\/p>\n<p style=\"text-align: left;\">\n","protected":false},"featured_media":1780,"template":"","meta":[],"product_cat":[139,126],"product_tag":[38,60,59,93],"yoast_head":"<!-- This site is optimized with the Yoast SEO plugin v18.4.1 - https:\/\/yoast.com\/wordpress\/plugins\/seo\/ -->\n<title>Lot de 3 lingettes d\u00e9maquillantes Art\u00e9mis bleu - Les cr\u00e9ations de Julia<\/title>\n<meta name=\"description\" content=\"D\u00e9couvrez nos lingettes d\u00e9maquillantes lavable et \u00e9co-responsable. Elles sont fabriqu\u00e9s \u00e0 la main par Les Cr\u00e9ations de Julia.\" \/>\n<meta name=\"robots\" content=\"index, follow, max-snippet:-1, max-image-preview:large, max-video-preview:-1\" \/>\n<link rel=\"canonical\" href=\"https:\/\/lescreationsdejulia.fr\/index.php\/produit\/lot-de-3-lingettes-demaquillantes-artemis-bleu\/\" \/>\n<meta property=\"og:locale\" content=\"fr_FR\" \/>\n<meta property=\"og:type\" content=\"article\" \/>\n<meta property=\"og:title\" content=\"Lot de 3 lingettes d\u00e9maquillantes Art\u00e9mis bleu - Les cr\u00e9ations de Julia\" \/>\n<meta property=\"og:description\" content=\"D\u00e9couvrez nos lingettes d\u00e9maquillantes lavable et \u00e9co-responsable. Elles sont fabriqu\u00e9s \u00e0 la main par Les Cr\u00e9ations de Julia.\" \/>\n<meta property=\"og:url\" content=\"https:\/\/lescreationsdejulia.fr\/index.php\/produit\/lot-de-3-lingettes-demaquillantes-artemis-bleu\/\" \/>\n<meta property=\"og:site_name\" content=\"Les cr\u00e9ations de Julia\" \/>\n<meta property=\"article:modified_time\" content=\"2022-12-03T15:17:57+00:00\" \/>\n<meta property=\"og:image\" content=\"https:\/\/lescreationsdejulia.fr\/wp-content\/uploads\/2022\/05\/IMG_6555-e1652965863351.jpg\" \/>\n\t<meta property=\"og:image:width\" content=\"1520\" \/>\n\t<meta property=\"og:image:height\" content=\"1520\" \/>\n\t<meta property=\"og:image:type\" content=\"image\/jpeg\" \/>\n<meta name=\"twitter:card\" content=\"summary_large_image\" \/>\n<meta name=\"twitter:label1\" content=\"Dur\u00e9e de lecture estim\u00e9e\" \/>\n\t<meta name=\"twitter:data1\" content=\"1 minute\" \/>\n<script type=\"application\/ld+json\" class=\"yoast-schema-graph\">{\"@context\":\"https:\/\/schema.org\",\"@graph\":[{\"@type\":\"WebSite\",\"@id\":\"https:\/\/lescreationsdejulia.fr\/#website\",\"url\":\"https:\/\/lescreationsdejulia.fr\/\",\"name\":\"Les cr\u00e9ations de Julia\",\"description\":\"Fait main \u00e0 la fran\u00e7aise\",\"potentialAction\":[{\"@type\":\"SearchAction\",\"target\":{\"@type\":\"EntryPoint\",\"urlTemplate\":\"https:\/\/lescreationsdejulia.fr\/?s={search_term_string}\"},\"query-input\":\"required name=search_term_string\"}],\"inLanguage\":\"fr-FR\"},{\"@type\":\"ImageObject\",\"@id\":\"https:\/\/lescreationsdejulia.fr\/index.php\/produit\/lot-de-3-lingettes-demaquillantes-artemis-bleu\/#primaryimage\",\"inLanguage\":\"fr-FR\",\"url\":\"https:\/\/i0.wp.com\/lescreationsdejulia.fr\/wp-content\/uploads\/2022\/05\/IMG_6555-e1652965863351.jpg?fit=1520%2C1520&ssl=1\",\"contentUrl\":\"https:\/\/i0.wp.com\/lescreationsdejulia.fr\/wp-content\/uploads\/2022\/05\/IMG_6555-e1652965863351.jpg?fit=1520%2C1520&ssl=1\",\"width\":1520,\"height\":1520},{\"@type\":\"WebPage\",\"@id\":\"https:\/\/lescreationsdejulia.fr\/index.php\/produit\/lot-de-3-lingettes-demaquillantes-artemis-bleu\/#webpage\",\"url\":\"https:\/\/lescreationsdejulia.fr\/index.php\/produit\/lot-de-3-lingettes-demaquillantes-artemis-bleu\/\",\"name\":\"Lot de 3 lingettes d\u00e9maquillantes Art\u00e9mis bleu - Les cr\u00e9ations de Julia\",\"isPartOf\":{\"@id\":\"https:\/\/lescreationsdejulia.fr\/#website\"},\"primaryImageOfPage\":{\"@id\":\"https:\/\/lescreationsdejulia.fr\/index.php\/produit\/lot-de-3-lingettes-demaquillantes-artemis-bleu\/#primaryimage\"},\"datePublished\":\"2022-05-19T12:11:28+00:00\",\"dateModified\":\"2022-12-03T15:17:57+00:00\",\"description\":\"D\u00e9couvrez nos lingettes d\u00e9maquillantes lavable et \u00e9co-responsable. Elles sont fabriqu\u00e9s \u00e0 la main par Les Cr\u00e9ations de Julia.\",\"breadcrumb\":{\"@id\":\"https:\/\/lescreationsdejulia.fr\/index.php\/produit\/lot-de-3-lingettes-demaquillantes-artemis-bleu\/#breadcrumb\"},\"inLanguage\":\"fr-FR\",\"potentialAction\":[{\"@type\":\"ReadAction\",\"target\":[\"https:\/\/lescreationsdejulia.fr\/index.php\/produit\/lot-de-3-lingettes-demaquillantes-artemis-bleu\/\"]}]},{\"@type\":\"BreadcrumbList\",\"@id\":\"https:\/\/lescreationsdejulia.fr\/index.php\/produit\/lot-de-3-lingettes-demaquillantes-artemis-bleu\/#breadcrumb\",\"itemListElement\":[{\"@type\":\"ListItem\",\"position\":1,\"name\":\"Accueil\",\"item\":\"https:\/\/lescreationsdejulia.fr\/\"},{\"@type\":\"ListItem\",\"position\":2,\"name\":\"Les box\",\"item\":\"https:\/\/lescreationsdejulia.fr\/index.php\/box\/\"},{\"@type\":\"ListItem\",\"position\":3,\"name\":\"Lot de 3 lingettes d\u00e9maquillantes Art\u00e9mis bleu\"}]}]}<\/script>\n<!-- \/ Yoast SEO plugin. -->","yoast_head_json":{"title":"Lot de 3 lingettes d\u00e9maquillantes Art\u00e9mis bleu - Les cr\u00e9ations de Julia","description":"D\u00e9couvrez nos lingettes d\u00e9maquillantes lavable et \u00e9co-responsable. Elles sont fabriqu\u00e9s \u00e0 la main par Les Cr\u00e9ations de Julia.","robots":{"index":"index","follow":"follow","max-snippet":"max-snippet:-1","max-image-preview":"max-image-preview:large","max-video-preview":"max-video-preview:-1"},"canonical":"https:\/\/lescreationsdejulia.fr\/index.php\/produit\/lot-de-3-lingettes-demaquillantes-artemis-bleu\/","og_locale":"fr_FR","og_type":"article","og_title":"Lot de 3 lingettes d\u00e9maquillantes Art\u00e9mis bleu - Les cr\u00e9ations de Julia","og_description":"D\u00e9couvrez nos lingettes d\u00e9maquillantes lavable et \u00e9co-responsable. Elles sont fabriqu\u00e9s \u00e0 la main par Les Cr\u00e9ations de Julia.","og_url":"https:\/\/lescreationsdejulia.fr\/index.php\/produit\/lot-de-3-lingettes-demaquillantes-artemis-bleu\/","og_site_name":"Les cr\u00e9ations de Julia","article_modified_time":"2022-12-03T15:17:57+00:00","og_image":[{"width":1520,"height":1520,"url":"https:\/\/lescreationsdejulia.fr\/wp-content\/uploads\/2022\/05\/IMG_6555-e1652965863351.jpg","type":"image\/jpeg"}],"twitter_card":"summary_large_image","twitter_misc":{"Dur\u00e9e de lecture estim\u00e9e":"1 minute"},"schema":{"@context":"https:\/\/schema.org","@graph":[{"@type":"WebSite","@id":"https:\/\/lescreationsdejulia.fr\/#website","url":"https:\/\/lescreationsdejulia.fr\/","name":"Les cr\u00e9ations de Julia","description":"Fait main \u00e0 la fran\u00e7aise","potentialAction":[{"@type":"SearchAction","target":{"@type":"EntryPoint","urlTemplate":"https:\/\/lescreationsdejulia.fr\/?s={search_term_string}"},"query-input":"required name=search_term_string"}],"inLanguage":"fr-FR"},{"@type":"ImageObject","@id":"https:\/\/lescreationsdejulia.fr\/index.php\/produit\/lot-de-3-lingettes-demaquillantes-artemis-bleu\/#primaryimage","inLanguage":"fr-FR","url":"https:\/\/i0.wp.com\/lescreationsdejulia.fr\/wp-content\/uploads\/2022\/05\/IMG_6555-e1652965863351.jpg?fit=1520%2C1520&ssl=1","contentUrl":"https:\/\/i0.wp.com\/lescreationsdejulia.fr\/wp-content\/uploads\/2022\/05\/IMG_6555-e1652965863351.jpg?fit=1520%2C1520&ssl=1","width":1520,"height":1520},{"@type":"WebPage","@id":"https:\/\/lescreationsdejulia.fr\/index.php\/produit\/lot-de-3-lingettes-demaquillantes-artemis-bleu\/#webpage","url":"https:\/\/lescreationsdejulia.fr\/index.php\/produit\/lot-de-3-lingettes-demaquillantes-artemis-bleu\/","name":"Lot de 3 lingettes d\u00e9maquillantes Art\u00e9mis bleu - Les cr\u00e9ations de Julia","isPartOf":{"@id":"https:\/\/lescreationsdejulia.fr\/#website"},"primaryImageOfPage":{"@id":"https:\/\/lescreationsdejulia.fr\/index.php\/produit\/lot-de-3-lingettes-demaquillantes-artemis-bleu\/#primaryimage"},"datePublished":"2022-05-19T12:11:28+00:00","dateModified":"2022-12-03T15:17:57+00:00","description":"D\u00e9couvrez nos lingettes d\u00e9maquillantes lavable et \u00e9co-responsable. Elles sont fabriqu\u00e9s \u00e0 la main par Les Cr\u00e9ations de Julia.","breadcrumb":{"@id":"https:\/\/lescreationsdejulia.fr\/index.php\/produit\/lot-de-3-lingettes-demaquillantes-artemis-bleu\/#breadcrumb"},"inLanguage":"fr-FR","potentialAction":[{"@type":"ReadAction","target":["https:\/\/lescreationsdejulia.fr\/index.php\/produit\/lot-de-3-lingettes-demaquillantes-artemis-bleu\/"]}]},{"@type":"BreadcrumbList","@id":"https:\/\/lescreationsdejulia.fr\/index.php\/produit\/lot-de-3-lingettes-demaquillantes-artemis-bleu\/#breadcrumb","itemListElement":[{"@type":"ListItem","position":1,"name":"Accueil","item":"https:\/\/lescreationsdejulia.fr\/"},{"@type":"ListItem","position":2,"name":"Les box","item":"https:\/\/lescreationsdejulia.fr\/index.php\/box\/"},{"@type":"ListItem","position":3,"name":"Lot de 3 lingettes d\u00e9maquillantes Art\u00e9mis bleu"}]}]}},"jetpack_sharing_enabled":true,"_links":{"self":[{"href":"https:\/\/lescreationsdejulia.fr\/index.php\/wp-json\/wp\/v2\/product\/1749"}],"collection":[{"href":"https:\/\/lescreationsdejulia.fr\/index.php\/wp-json\/wp\/v2\/product"}],"about":[{"href":"https:\/\/lescreationsdejulia.fr\/index.php\/wp-json\/wp\/v2\/types\/product"}],"wp:featuredmedia":[{"embeddable":true,"href":"https:\/\/lescreationsdejulia.fr\/index.php\/wp-json\/wp\/v2\/media\/1780"}],"wp:attachment":[{"href":"https:\/\/lescreationsdejulia.fr\/index.php\/wp-json\/wp\/v2\/media?parent=1749"}],"wp:term":[{"taxonomy":"product_cat","embeddable":true,"href":"https:\/\/lescreationsdejulia.fr\/index.php\/wp-json\/wp\/v2\/product_cat?post=1749"},{"taxonomy":"product_tag","embeddable":true,"href":"https:\/\/lescreationsdejulia.fr\/index.php\/wp-json\/wp\/v2\/product_tag?post=1749"}],"curies":[{"name":"wp","href":"https:\/\/api.w.org\/{rel}","templated":true}]}}