{"id":2182,"date":"2023-04-04T11:13:05","date_gmt":"2023-04-04T09:13:05","guid":{"rendered":"https:\/\/lescreationsdejulia.fr\/?post_type=product&#038;p=2182"},"modified":"2023-04-04T12:02:11","modified_gmt":"2023-04-04T10:02:11","slug":"fairepart-naissance-ourea","status":"publish","type":"product","link":"https:\/\/lescreationsdejulia.fr\/index.php\/produit\/fairepart-naissance-ourea\/","title":{"rendered":"Faire-part de naissance &#8220;Our\u00e9a"},"content":{"rendered":"<p>Tous nos faire-part sont imprim\u00e9s par nos soins sur du papier grain\u00e9 style &#8220;Canson&#8221; 224g\/m2 et dessin\u00e9s par Julia Jordy :<\/p>\n<ul>\n<li>Option 1 : Faire-part recto\/verso + enveloppe + sticker<\/li>\n<li>Option 2 : Faire-part recto\/verso + photos + enveloppe + sticker<\/li>\n<\/ul>\n","protected":false},"excerpt":{"rendered":"<p>Fondez pour la collection Physis avec sa couronne de fleurs minimaliste et rendez ce merveilleux \u00e9v\u00e8nement encore plus m\u00e9morable, en envoyant \u00e0 votre proches un faire-part qu&#8217;ils garderont toujours. Nos faire-part de naissance, \u00e0 l&#8217;image de nos box sont toujours non genr\u00e9s.<\/p>\n<p><strong>N&#8217;oubliez pas de nous indiquer votre mail \u00e0 la commande, nous vous contacterons sous 24h pour faire le point sur votre projet et \u00e9tablir une maquette.\u00a0<\/strong><\/p>\n","protected":false},"featured_media":2180,"template":"","meta":[],"product_cat":[116,102],"product_tag":[40,117,37,123],"yoast_head":"<!-- This site is optimized with the Yoast SEO plugin v18.4.1 - https:\/\/yoast.com\/wordpress\/plugins\/seo\/ -->\n<title>Faire-part de naissance &quot;Our\u00e9a - Les cr\u00e9ations de Julia<\/title>\n<meta name=\"robots\" content=\"index, follow, max-snippet:-1, max-image-preview:large, max-video-preview:-1\" \/>\n<link rel=\"canonical\" href=\"https:\/\/lescreationsdejulia.fr\/index.php\/produit\/fairepart-naissance-ourea\/\" \/>\n<meta property=\"og:locale\" content=\"fr_FR\" \/>\n<meta property=\"og:type\" content=\"article\" \/>\n<meta property=\"og:title\" content=\"Faire-part de naissance &quot;Our\u00e9a - Les cr\u00e9ations de Julia\" \/>\n<meta property=\"og:description\" content=\"Fondez pour la collection Physis avec sa couronne de fleurs minimaliste et rendez ce merveilleux \u00e9v\u00e8nement encore plus m\u00e9morable, en envoyant \u00e0 votre proches un faire-part qu&#039;ils garderont toujours. Nos faire-part de naissance, \u00e0 l&#039;image de nos box sont toujours non genr\u00e9s.  N&#039;oubliez pas de nous indiquer votre mail \u00e0 la commande, nous vous contacterons sous 24h pour faire le point sur votre projet et \u00e9tablir une maquette.\u00a0\" \/>\n<meta property=\"og:url\" content=\"https:\/\/lescreationsdejulia.fr\/index.php\/produit\/fairepart-naissance-ourea\/\" \/>\n<meta property=\"og:site_name\" content=\"Les cr\u00e9ations de Julia\" \/>\n<meta property=\"article:modified_time\" content=\"2023-04-04T10:02:11+00:00\" \/>\n<meta property=\"og:image\" content=\"https:\/\/lescreationsdejulia.fr\/wp-content\/uploads\/2023\/04\/DSC_0027-scaled.jpg\" \/>\n\t<meta property=\"og:image:width\" content=\"2560\" \/>\n\t<meta property=\"og:image:height\" content=\"2019\" \/>\n\t<meta property=\"og:image:type\" content=\"image\/jpeg\" \/>\n<meta name=\"twitter:card\" content=\"summary_large_image\" \/>\n<script type=\"application\/ld+json\" class=\"yoast-schema-graph\">{\"@context\":\"https:\/\/schema.org\",\"@graph\":[{\"@type\":\"WebSite\",\"@id\":\"https:\/\/lescreationsdejulia.fr\/#website\",\"url\":\"https:\/\/lescreationsdejulia.fr\/\",\"name\":\"Les cr\u00e9ations de Julia\",\"description\":\"Fait main \u00e0 la fran\u00e7aise\",\"potentialAction\":[{\"@type\":\"SearchAction\",\"target\":{\"@type\":\"EntryPoint\",\"urlTemplate\":\"https:\/\/lescreationsdejulia.fr\/?s={search_term_string}\"},\"query-input\":\"required name=search_term_string\"}],\"inLanguage\":\"fr-FR\"},{\"@type\":\"ImageObject\",\"@id\":\"https:\/\/lescreationsdejulia.fr\/index.php\/produit\/fairepart-naissance-ourea\/#primaryimage\",\"inLanguage\":\"fr-FR\",\"url\":\"https:\/\/i0.wp.com\/lescreationsdejulia.fr\/wp-content\/uploads\/2023\/04\/DSC_0027-scaled.jpg?fit=2560%2C2019&ssl=1\",\"contentUrl\":\"https:\/\/i0.wp.com\/lescreationsdejulia.fr\/wp-content\/uploads\/2023\/04\/DSC_0027-scaled.jpg?fit=2560%2C2019&ssl=1\",\"width\":2560,\"height\":2019},{\"@type\":\"WebPage\",\"@id\":\"https:\/\/lescreationsdejulia.fr\/index.php\/produit\/fairepart-naissance-ourea\/#webpage\",\"url\":\"https:\/\/lescreationsdejulia.fr\/index.php\/produit\/fairepart-naissance-ourea\/\",\"name\":\"Faire-part de naissance \\\"Our\u00e9a - Les cr\u00e9ations de Julia\",\"isPartOf\":{\"@id\":\"https:\/\/lescreationsdejulia.fr\/#website\"},\"primaryImageOfPage\":{\"@id\":\"https:\/\/lescreationsdejulia.fr\/index.php\/produit\/fairepart-naissance-ourea\/#primaryimage\"},\"datePublished\":\"2023-04-04T09:13:05+00:00\",\"dateModified\":\"2023-04-04T10:02:11+00:00\",\"breadcrumb\":{\"@id\":\"https:\/\/lescreationsdejulia.fr\/index.php\/produit\/fairepart-naissance-ourea\/#breadcrumb\"},\"inLanguage\":\"fr-FR\",\"potentialAction\":[{\"@type\":\"ReadAction\",\"target\":[\"https:\/\/lescreationsdejulia.fr\/index.php\/produit\/fairepart-naissance-ourea\/\"]}]},{\"@type\":\"BreadcrumbList\",\"@id\":\"https:\/\/lescreationsdejulia.fr\/index.php\/produit\/fairepart-naissance-ourea\/#breadcrumb\",\"itemListElement\":[{\"@type\":\"ListItem\",\"position\":1,\"name\":\"Accueil\",\"item\":\"https:\/\/lescreationsdejulia.fr\/\"},{\"@type\":\"ListItem\",\"position\":2,\"name\":\"Les box\",\"item\":\"https:\/\/lescreationsdejulia.fr\/index.php\/box\/\"},{\"@type\":\"ListItem\",\"position\":3,\"name\":\"Faire-part de naissance &#8220;Our\u00e9a\"}]}]}<\/script>\n<!-- \/ Yoast SEO plugin. -->","yoast_head_json":{"title":"Faire-part de naissance \"Our\u00e9a - Les cr\u00e9ations de Julia","robots":{"index":"index","follow":"follow","max-snippet":"max-snippet:-1","max-image-preview":"max-image-preview:large","max-video-preview":"max-video-preview:-1"},"canonical":"https:\/\/lescreationsdejulia.fr\/index.php\/produit\/fairepart-naissance-ourea\/","og_locale":"fr_FR","og_type":"article","og_title":"Faire-part de naissance \"Our\u00e9a - Les cr\u00e9ations de Julia","og_description":"Fondez pour la collection Physis avec sa couronne de fleurs minimaliste et rendez ce merveilleux \u00e9v\u00e8nement encore plus m\u00e9morable, en envoyant \u00e0 votre proches un faire-part qu'ils garderont toujours. Nos faire-part de naissance, \u00e0 l'image de nos box sont toujours non genr\u00e9s.  N'oubliez pas de nous indiquer votre mail \u00e0 la commande, nous vous contacterons sous 24h pour faire le point sur votre projet et \u00e9tablir une maquette.\u00a0","og_url":"https:\/\/lescreationsdejulia.fr\/index.php\/produit\/fairepart-naissance-ourea\/","og_site_name":"Les cr\u00e9ations de Julia","article_modified_time":"2023-04-04T10:02:11+00:00","og_image":[{"width":2560,"height":2019,"url":"https:\/\/lescreationsdejulia.fr\/wp-content\/uploads\/2023\/04\/DSC_0027-scaled.jpg","type":"image\/jpeg"}],"twitter_card":"summary_large_image","schema":{"@context":"https:\/\/schema.org","@graph":[{"@type":"WebSite","@id":"https:\/\/lescreationsdejulia.fr\/#website","url":"https:\/\/lescreationsdejulia.fr\/","name":"Les cr\u00e9ations de Julia","description":"Fait main \u00e0 la fran\u00e7aise","potentialAction":[{"@type":"SearchAction","target":{"@type":"EntryPoint","urlTemplate":"https:\/\/lescreationsdejulia.fr\/?s={search_term_string}"},"query-input":"required name=search_term_string"}],"inLanguage":"fr-FR"},{"@type":"ImageObject","@id":"https:\/\/lescreationsdejulia.fr\/index.php\/produit\/fairepart-naissance-ourea\/#primaryimage","inLanguage":"fr-FR","url":"https:\/\/i0.wp.com\/lescreationsdejulia.fr\/wp-content\/uploads\/2023\/04\/DSC_0027-scaled.jpg?fit=2560%2C2019&ssl=1","contentUrl":"https:\/\/i0.wp.com\/lescreationsdejulia.fr\/wp-content\/uploads\/2023\/04\/DSC_0027-scaled.jpg?fit=2560%2C2019&ssl=1","width":2560,"height":2019},{"@type":"WebPage","@id":"https:\/\/lescreationsdejulia.fr\/index.php\/produit\/fairepart-naissance-ourea\/#webpage","url":"https:\/\/lescreationsdejulia.fr\/index.php\/produit\/fairepart-naissance-ourea\/","name":"Faire-part de naissance \"Our\u00e9a - Les cr\u00e9ations de Julia","isPartOf":{"@id":"https:\/\/lescreationsdejulia.fr\/#website"},"primaryImageOfPage":{"@id":"https:\/\/lescreationsdejulia.fr\/index.php\/produit\/fairepart-naissance-ourea\/#primaryimage"},"datePublished":"2023-04-04T09:13:05+00:00","dateModified":"2023-04-04T10:02:11+00:00","breadcrumb":{"@id":"https:\/\/lescreationsdejulia.fr\/index.php\/produit\/fairepart-naissance-ourea\/#breadcrumb"},"inLanguage":"fr-FR","potentialAction":[{"@type":"ReadAction","target":["https:\/\/lescreationsdejulia.fr\/index.php\/produit\/fairepart-naissance-ourea\/"]}]},{"@type":"BreadcrumbList","@id":"https:\/\/lescreationsdejulia.fr\/index.php\/produit\/fairepart-naissance-ourea\/#breadcrumb","itemListElement":[{"@type":"ListItem","position":1,"name":"Accueil","item":"https:\/\/lescreationsdejulia.fr\/"},{"@type":"ListItem","position":2,"name":"Les box","item":"https:\/\/lescreationsdejulia.fr\/index.php\/box\/"},{"@type":"ListItem","position":3,"name":"Faire-part de naissance &#8220;Our\u00e9a"}]}]}},"jetpack_sharing_enabled":true,"_links":{"self":[{"href":"https:\/\/lescreationsdejulia.fr\/index.php\/wp-json\/wp\/v2\/product\/2182"}],"collection":[{"href":"https:\/\/lescreationsdejulia.fr\/index.php\/wp-json\/wp\/v2\/product"}],"about":[{"href":"https:\/\/lescreationsdejulia.fr\/index.php\/wp-json\/wp\/v2\/types\/product"}],"wp:featuredmedia":[{"embeddable":true,"href":"https:\/\/lescreationsdejulia.fr\/index.php\/wp-json\/wp\/v2\/media\/2180"}],"wp:attachment":[{"href":"https:\/\/lescreationsdejulia.fr\/index.php\/wp-json\/wp\/v2\/media?parent=2182"}],"wp:term":[{"taxonomy":"product_cat","embeddable":true,"href":"https:\/\/lescreationsdejulia.fr\/index.php\/wp-json\/wp\/v2\/product_cat?post=2182"},{"taxonomy":"product_tag","embeddable":true,"href":"https:\/\/lescreationsdejulia.fr\/index.php\/wp-json\/wp\/v2\/product_tag?post=2182"}],"curies":[{"name":"wp","href":"https:\/\/api.w.org\/{rel}","templated":true}]}}