{"id":414,"date":"2021-08-12T11:56:06","date_gmt":"2021-08-12T09:56:06","guid":{"rendered":"http:\/\/lescreationsdejulia.fr\/?post_type=product&#038;p=414"},"modified":"2022-11-19T10:51:10","modified_gmt":"2022-11-19T09:51:10","slug":"eponge-lavable","status":"publish","type":"product","link":"https:\/\/lescreationsdejulia.fr\/index.php\/produit\/eponge-lavable\/","title":{"rendered":"\u00c9ponge lavable"},"content":{"rendered":"<p>D\u00e9couvrez nos \u00e9ponges lavables r\u00e9alis\u00e9s par nos soins. Elles sont tr\u00e8s pratique et surtout qui aide \u00e0 avoir un impact \u00e9cologique amoindri.<\/p>\n<p>En plus d&#8217;\u00eatre super \u00e9cologique, ce produit <strong>made in Alsace<\/strong> est certifi\u00e9 OEKO-TEX.<\/p>\n<p><strong>Composition :<\/strong> 50% jute, 50% coton.<\/p>\n<p><strong>Conseil d&#8217;entretien :<\/strong> lavage \u00e0 40\u00b0C.<\/p>\n","protected":false},"excerpt":{"rendered":"<p>Cette \u00e9ponge lavable double emploi est compos\u00e9e de 2 faces, la premi\u00e8re en jute pour gratter et d\u00e9sincruster, la seconde en tissus \u00e9ponge pour essuyer.<\/p>\n","protected":false},"featured_media":1778,"template":"","meta":[],"product_cat":[140,126,23],"product_tag":[38,60,75],"yoast_head":"<!-- This site is optimized with the Yoast SEO plugin v18.4.1 - https:\/\/yoast.com\/wordpress\/plugins\/seo\/ -->\n<title>\u00c9ponge lavable - Les cr\u00e9ations de Julia<\/title>\n<meta name=\"description\" content=\"D\u00e9couvrez nos \u00e9ponges lavables r\u00e9alis\u00e9s par nos soins. Elles sont tr\u00e8s pratique et surtout qui aide \u00e0 avoir un impact \u00e9cologique amoindri.\" \/>\n<meta name=\"robots\" content=\"index, follow, max-snippet:-1, max-image-preview:large, max-video-preview:-1\" \/>\n<link rel=\"canonical\" href=\"https:\/\/lescreationsdejulia.fr\/index.php\/produit\/eponge-lavable\/\" \/>\n<meta property=\"og:locale\" content=\"fr_FR\" \/>\n<meta property=\"og:type\" content=\"article\" \/>\n<meta property=\"og:title\" content=\"\u00c9ponge lavable - Les cr\u00e9ations de Julia\" \/>\n<meta property=\"og:description\" content=\"D\u00e9couvrez nos \u00e9ponges lavables r\u00e9alis\u00e9s par nos soins. Elles sont tr\u00e8s pratique et surtout qui aide \u00e0 avoir un impact \u00e9cologique amoindri.\" \/>\n<meta property=\"og:url\" content=\"https:\/\/lescreationsdejulia.fr\/index.php\/produit\/eponge-lavable\/\" \/>\n<meta property=\"og:site_name\" content=\"Les cr\u00e9ations de Julia\" \/>\n<meta property=\"article:modified_time\" content=\"2022-11-19T09:51:10+00:00\" \/>\n<meta property=\"og:image\" content=\"https:\/\/lescreationsdejulia.fr\/wp-content\/uploads\/2022\/05\/IMG_6549-e1652966096907.jpg\" \/>\n\t<meta property=\"og:image:width\" content=\"1536\" \/>\n\t<meta property=\"og:image:height\" content=\"1536\" \/>\n\t<meta property=\"og:image:type\" content=\"image\/jpeg\" \/>\n<meta name=\"twitter:card\" content=\"summary_large_image\" \/>\n<meta name=\"twitter:label1\" content=\"Dur\u00e9e de lecture estim\u00e9e\" \/>\n\t<meta name=\"twitter:data1\" content=\"1 minute\" \/>\n<script type=\"application\/ld+json\" class=\"yoast-schema-graph\">{\"@context\":\"https:\/\/schema.org\",\"@graph\":[{\"@type\":\"WebSite\",\"@id\":\"https:\/\/lescreationsdejulia.fr\/#website\",\"url\":\"https:\/\/lescreationsdejulia.fr\/\",\"name\":\"Les cr\u00e9ations de Julia\",\"description\":\"Fait main \u00e0 la fran\u00e7aise\",\"potentialAction\":[{\"@type\":\"SearchAction\",\"target\":{\"@type\":\"EntryPoint\",\"urlTemplate\":\"https:\/\/lescreationsdejulia.fr\/?s={search_term_string}\"},\"query-input\":\"required name=search_term_string\"}],\"inLanguage\":\"fr-FR\"},{\"@type\":\"ImageObject\",\"@id\":\"https:\/\/lescreationsdejulia.fr\/index.php\/produit\/eponge-lavable\/#primaryimage\",\"inLanguage\":\"fr-FR\",\"url\":\"https:\/\/i0.wp.com\/lescreationsdejulia.fr\/wp-content\/uploads\/2022\/05\/IMG_6549-e1652966096907.jpg?fit=1536%2C1536&ssl=1\",\"contentUrl\":\"https:\/\/i0.wp.com\/lescreationsdejulia.fr\/wp-content\/uploads\/2022\/05\/IMG_6549-e1652966096907.jpg?fit=1536%2C1536&ssl=1\",\"width\":1536,\"height\":1536},{\"@type\":\"WebPage\",\"@id\":\"https:\/\/lescreationsdejulia.fr\/index.php\/produit\/eponge-lavable\/#webpage\",\"url\":\"https:\/\/lescreationsdejulia.fr\/index.php\/produit\/eponge-lavable\/\",\"name\":\"\u00c9ponge lavable - Les cr\u00e9ations de Julia\",\"isPartOf\":{\"@id\":\"https:\/\/lescreationsdejulia.fr\/#website\"},\"primaryImageOfPage\":{\"@id\":\"https:\/\/lescreationsdejulia.fr\/index.php\/produit\/eponge-lavable\/#primaryimage\"},\"datePublished\":\"2021-08-12T09:56:06+00:00\",\"dateModified\":\"2022-11-19T09:51:10+00:00\",\"description\":\"D\u00e9couvrez nos \u00e9ponges lavables r\u00e9alis\u00e9s par nos soins. Elles sont tr\u00e8s pratique et surtout qui aide \u00e0 avoir un impact \u00e9cologique amoindri.\",\"breadcrumb\":{\"@id\":\"https:\/\/lescreationsdejulia.fr\/index.php\/produit\/eponge-lavable\/#breadcrumb\"},\"inLanguage\":\"fr-FR\",\"potentialAction\":[{\"@type\":\"ReadAction\",\"target\":[\"https:\/\/lescreationsdejulia.fr\/index.php\/produit\/eponge-lavable\/\"]}]},{\"@type\":\"BreadcrumbList\",\"@id\":\"https:\/\/lescreationsdejulia.fr\/index.php\/produit\/eponge-lavable\/#breadcrumb\",\"itemListElement\":[{\"@type\":\"ListItem\",\"position\":1,\"name\":\"Accueil\",\"item\":\"https:\/\/lescreationsdejulia.fr\/\"},{\"@type\":\"ListItem\",\"position\":2,\"name\":\"Les box\",\"item\":\"https:\/\/lescreationsdejulia.fr\/index.php\/box\/\"},{\"@type\":\"ListItem\",\"position\":3,\"name\":\"\u00c9ponge lavable\"}]}]}<\/script>\n<!-- \/ Yoast SEO plugin. -->","yoast_head_json":{"title":"\u00c9ponge lavable - Les cr\u00e9ations de Julia","description":"D\u00e9couvrez nos \u00e9ponges lavables r\u00e9alis\u00e9s par nos soins. Elles sont tr\u00e8s pratique et surtout qui aide \u00e0 avoir un impact \u00e9cologique amoindri.","robots":{"index":"index","follow":"follow","max-snippet":"max-snippet:-1","max-image-preview":"max-image-preview:large","max-video-preview":"max-video-preview:-1"},"canonical":"https:\/\/lescreationsdejulia.fr\/index.php\/produit\/eponge-lavable\/","og_locale":"fr_FR","og_type":"article","og_title":"\u00c9ponge lavable - Les cr\u00e9ations de Julia","og_description":"D\u00e9couvrez nos \u00e9ponges lavables r\u00e9alis\u00e9s par nos soins. Elles sont tr\u00e8s pratique et surtout qui aide \u00e0 avoir un impact \u00e9cologique amoindri.","og_url":"https:\/\/lescreationsdejulia.fr\/index.php\/produit\/eponge-lavable\/","og_site_name":"Les cr\u00e9ations de Julia","article_modified_time":"2022-11-19T09:51:10+00:00","og_image":[{"width":1536,"height":1536,"url":"https:\/\/lescreationsdejulia.fr\/wp-content\/uploads\/2022\/05\/IMG_6549-e1652966096907.jpg","type":"image\/jpeg"}],"twitter_card":"summary_large_image","twitter_misc":{"Dur\u00e9e de lecture estim\u00e9e":"1 minute"},"schema":{"@context":"https:\/\/schema.org","@graph":[{"@type":"WebSite","@id":"https:\/\/lescreationsdejulia.fr\/#website","url":"https:\/\/lescreationsdejulia.fr\/","name":"Les cr\u00e9ations de Julia","description":"Fait main \u00e0 la fran\u00e7aise","potentialAction":[{"@type":"SearchAction","target":{"@type":"EntryPoint","urlTemplate":"https:\/\/lescreationsdejulia.fr\/?s={search_term_string}"},"query-input":"required name=search_term_string"}],"inLanguage":"fr-FR"},{"@type":"ImageObject","@id":"https:\/\/lescreationsdejulia.fr\/index.php\/produit\/eponge-lavable\/#primaryimage","inLanguage":"fr-FR","url":"https:\/\/i0.wp.com\/lescreationsdejulia.fr\/wp-content\/uploads\/2022\/05\/IMG_6549-e1652966096907.jpg?fit=1536%2C1536&ssl=1","contentUrl":"https:\/\/i0.wp.com\/lescreationsdejulia.fr\/wp-content\/uploads\/2022\/05\/IMG_6549-e1652966096907.jpg?fit=1536%2C1536&ssl=1","width":1536,"height":1536},{"@type":"WebPage","@id":"https:\/\/lescreationsdejulia.fr\/index.php\/produit\/eponge-lavable\/#webpage","url":"https:\/\/lescreationsdejulia.fr\/index.php\/produit\/eponge-lavable\/","name":"\u00c9ponge lavable - Les cr\u00e9ations de Julia","isPartOf":{"@id":"https:\/\/lescreationsdejulia.fr\/#website"},"primaryImageOfPage":{"@id":"https:\/\/lescreationsdejulia.fr\/index.php\/produit\/eponge-lavable\/#primaryimage"},"datePublished":"2021-08-12T09:56:06+00:00","dateModified":"2022-11-19T09:51:10+00:00","description":"D\u00e9couvrez nos \u00e9ponges lavables r\u00e9alis\u00e9s par nos soins. Elles sont tr\u00e8s pratique et surtout qui aide \u00e0 avoir un impact \u00e9cologique amoindri.","breadcrumb":{"@id":"https:\/\/lescreationsdejulia.fr\/index.php\/produit\/eponge-lavable\/#breadcrumb"},"inLanguage":"fr-FR","potentialAction":[{"@type":"ReadAction","target":["https:\/\/lescreationsdejulia.fr\/index.php\/produit\/eponge-lavable\/"]}]},{"@type":"BreadcrumbList","@id":"https:\/\/lescreationsdejulia.fr\/index.php\/produit\/eponge-lavable\/#breadcrumb","itemListElement":[{"@type":"ListItem","position":1,"name":"Accueil","item":"https:\/\/lescreationsdejulia.fr\/"},{"@type":"ListItem","position":2,"name":"Les box","item":"https:\/\/lescreationsdejulia.fr\/index.php\/box\/"},{"@type":"ListItem","position":3,"name":"\u00c9ponge lavable"}]}]}},"jetpack_sharing_enabled":true,"_links":{"self":[{"href":"https:\/\/lescreationsdejulia.fr\/index.php\/wp-json\/wp\/v2\/product\/414"}],"collection":[{"href":"https:\/\/lescreationsdejulia.fr\/index.php\/wp-json\/wp\/v2\/product"}],"about":[{"href":"https:\/\/lescreationsdejulia.fr\/index.php\/wp-json\/wp\/v2\/types\/product"}],"wp:featuredmedia":[{"embeddable":true,"href":"https:\/\/lescreationsdejulia.fr\/index.php\/wp-json\/wp\/v2\/media\/1778"}],"wp:attachment":[{"href":"https:\/\/lescreationsdejulia.fr\/index.php\/wp-json\/wp\/v2\/media?parent=414"}],"wp:term":[{"taxonomy":"product_cat","embeddable":true,"href":"https:\/\/lescreationsdejulia.fr\/index.php\/wp-json\/wp\/v2\/product_cat?post=414"},{"taxonomy":"product_tag","embeddable":true,"href":"https:\/\/lescreationsdejulia.fr\/index.php\/wp-json\/wp\/v2\/product_tag?post=414"}],"curies":[{"name":"wp","href":"https:\/\/api.w.org\/{rel}","templated":true}]}}