{"id":560,"date":"2021-08-15T20:43:55","date_gmt":"2021-08-15T18:43:55","guid":{"rendered":"http:\/\/lescreationsdejulia.fr\/?post_type=product&#038;p=560"},"modified":"2022-01-13T10:36:24","modified_gmt":"2022-01-13T09:36:24","slug":"illustration-de-naissance-calypso","status":"publish","type":"product","link":"https:\/\/lescreationsdejulia.fr\/index.php\/produit\/illustration-de-naissance-calypso\/","title":{"rendered":"Illustration de naissance Calypso personnalisable"},"content":{"rendered":"","protected":false},"excerpt":{"rendered":"<p>Quoi de mieux qu&#8217;une illustration personnalis\u00e9e pour immortaliser la naissance d&#8217;un bout de chou ? Compl\u00e9tez vos cadeaux de naissance avec cette aquarelle exclusive sign\u00e9e Julia Jordy.<\/p>\n<p>Impression sur papier grain\u00e9 haut de gamme pour faire ressortir le travail de l&#8217;aquarelle (224g\/m2 pour le format A4 et 180g\/m2 pour le format A3).<\/p>\n<p><strong>N\u2019oubliez pas de nous pr\u00e9ciser, lors de la finalisation de la commande, le pr\u00e9nom du b\u00e9b\u00e9, sa date de naissance et son poids (facultatif) pour la personnalisation. L\u2019envoi se fera par mail sous 24h pour la version t\u00e9l\u00e9chargeable. <\/strong><\/p>\n<p style=\"text-align: left;\">\n","protected":false},"featured_media":1242,"template":"","meta":[],"product_cat":[84],"product_tag":[38,66,62,37,41],"yoast_head":"<!-- This site is optimized with the Yoast SEO plugin v18.4.1 - https:\/\/yoast.com\/wordpress\/plugins\/seo\/ -->\n<title>Illustration de naissance Calypso personnalisable - Les cr\u00e9ations de Julia<\/title>\n<meta name=\"robots\" content=\"index, follow, max-snippet:-1, max-image-preview:large, max-video-preview:-1\" \/>\n<link rel=\"canonical\" href=\"https:\/\/lescreationsdejulia.fr\/index.php\/produit\/illustration-de-naissance-calypso\/\" \/>\n<meta property=\"og:locale\" content=\"fr_FR\" \/>\n<meta property=\"og:type\" content=\"article\" \/>\n<meta property=\"og:title\" content=\"Illustration de naissance Calypso personnalisable - Les cr\u00e9ations de Julia\" \/>\n<meta property=\"og:description\" content=\"Quoi de mieux qu&#039;une illustration personnalis\u00e9e pour immortaliser la naissance d&#039;un bout de chou ? Compl\u00e9tez vos cadeaux de naissance avec cette aquarelle exclusive sign\u00e9e Julia Jordy.  Impression sur papier grain\u00e9 haut de gamme pour faire ressortir le travail de l&#039;aquarelle (224g\/m2 pour le format A4 et 180g\/m2 pour le format A3).  N\u2019oubliez pas de nous pr\u00e9ciser, lors de la finalisation de la commande, le pr\u00e9nom du b\u00e9b\u00e9, sa date de naissance et son poids (facultatif) pour la personnalisation. L\u2019envoi se fera par mail sous 24h pour la version t\u00e9l\u00e9chargeable.\" \/>\n<meta property=\"og:url\" content=\"https:\/\/lescreationsdejulia.fr\/index.php\/produit\/illustration-de-naissance-calypso\/\" \/>\n<meta property=\"og:site_name\" content=\"Les cr\u00e9ations de Julia\" \/>\n<meta property=\"article:modified_time\" content=\"2022-01-13T09:36:24+00:00\" \/>\n<meta property=\"og:image\" content=\"https:\/\/lescreationsdejulia.fr\/wp-content\/uploads\/2022\/01\/Visuel-illustration-Calypso-scaled.jpg\" \/>\n\t<meta property=\"og:image:width\" content=\"2560\" \/>\n\t<meta property=\"og:image:height\" content=\"1810\" \/>\n\t<meta property=\"og:image:type\" content=\"image\/jpeg\" \/>\n<meta name=\"twitter:card\" content=\"summary_large_image\" \/>\n<script type=\"application\/ld+json\" class=\"yoast-schema-graph\">{\"@context\":\"https:\/\/schema.org\",\"@graph\":[{\"@type\":\"WebSite\",\"@id\":\"https:\/\/lescreationsdejulia.fr\/#website\",\"url\":\"https:\/\/lescreationsdejulia.fr\/\",\"name\":\"Les cr\u00e9ations de Julia\",\"description\":\"Fait main \u00e0 la fran\u00e7aise\",\"potentialAction\":[{\"@type\":\"SearchAction\",\"target\":{\"@type\":\"EntryPoint\",\"urlTemplate\":\"https:\/\/lescreationsdejulia.fr\/?s={search_term_string}\"},\"query-input\":\"required name=search_term_string\"}],\"inLanguage\":\"fr-FR\"},{\"@type\":\"ImageObject\",\"@id\":\"https:\/\/lescreationsdejulia.fr\/index.php\/produit\/illustration-de-naissance-calypso\/#primaryimage\",\"inLanguage\":\"fr-FR\",\"url\":\"https:\/\/i0.wp.com\/lescreationsdejulia.fr\/wp-content\/uploads\/2022\/01\/Visuel-illustration-Calypso-scaled.jpg?fit=2560%2C1810&ssl=1\",\"contentUrl\":\"https:\/\/i0.wp.com\/lescreationsdejulia.fr\/wp-content\/uploads\/2022\/01\/Visuel-illustration-Calypso-scaled.jpg?fit=2560%2C1810&ssl=1\",\"width\":2560,\"height\":1810},{\"@type\":\"WebPage\",\"@id\":\"https:\/\/lescreationsdejulia.fr\/index.php\/produit\/illustration-de-naissance-calypso\/#webpage\",\"url\":\"https:\/\/lescreationsdejulia.fr\/index.php\/produit\/illustration-de-naissance-calypso\/\",\"name\":\"Illustration de naissance Calypso personnalisable - Les cr\u00e9ations de Julia\",\"isPartOf\":{\"@id\":\"https:\/\/lescreationsdejulia.fr\/#website\"},\"primaryImageOfPage\":{\"@id\":\"https:\/\/lescreationsdejulia.fr\/index.php\/produit\/illustration-de-naissance-calypso\/#primaryimage\"},\"datePublished\":\"2021-08-15T18:43:55+00:00\",\"dateModified\":\"2022-01-13T09:36:24+00:00\",\"breadcrumb\":{\"@id\":\"https:\/\/lescreationsdejulia.fr\/index.php\/produit\/illustration-de-naissance-calypso\/#breadcrumb\"},\"inLanguage\":\"fr-FR\",\"potentialAction\":[{\"@type\":\"ReadAction\",\"target\":[\"https:\/\/lescreationsdejulia.fr\/index.php\/produit\/illustration-de-naissance-calypso\/\"]}]},{\"@type\":\"BreadcrumbList\",\"@id\":\"https:\/\/lescreationsdejulia.fr\/index.php\/produit\/illustration-de-naissance-calypso\/#breadcrumb\",\"itemListElement\":[{\"@type\":\"ListItem\",\"position\":1,\"name\":\"Accueil\",\"item\":\"https:\/\/lescreationsdejulia.fr\/\"},{\"@type\":\"ListItem\",\"position\":2,\"name\":\"Les box\",\"item\":\"https:\/\/lescreationsdejulia.fr\/index.php\/box\/\"},{\"@type\":\"ListItem\",\"position\":3,\"name\":\"Illustration de naissance Calypso personnalisable\"}]}]}<\/script>\n<!-- \/ Yoast SEO plugin. -->","yoast_head_json":{"title":"Illustration de naissance Calypso personnalisable - Les cr\u00e9ations de Julia","robots":{"index":"index","follow":"follow","max-snippet":"max-snippet:-1","max-image-preview":"max-image-preview:large","max-video-preview":"max-video-preview:-1"},"canonical":"https:\/\/lescreationsdejulia.fr\/index.php\/produit\/illustration-de-naissance-calypso\/","og_locale":"fr_FR","og_type":"article","og_title":"Illustration de naissance Calypso personnalisable - Les cr\u00e9ations de Julia","og_description":"Quoi de mieux qu'une illustration personnalis\u00e9e pour immortaliser la naissance d'un bout de chou ? Compl\u00e9tez vos cadeaux de naissance avec cette aquarelle exclusive sign\u00e9e Julia Jordy.  Impression sur papier grain\u00e9 haut de gamme pour faire ressortir le travail de l'aquarelle (224g\/m2 pour le format A4 et 180g\/m2 pour le format A3).  N\u2019oubliez pas de nous pr\u00e9ciser, lors de la finalisation de la commande, le pr\u00e9nom du b\u00e9b\u00e9, sa date de naissance et son poids (facultatif) pour la personnalisation. L\u2019envoi se fera par mail sous 24h pour la version t\u00e9l\u00e9chargeable.","og_url":"https:\/\/lescreationsdejulia.fr\/index.php\/produit\/illustration-de-naissance-calypso\/","og_site_name":"Les cr\u00e9ations de Julia","article_modified_time":"2022-01-13T09:36:24+00:00","og_image":[{"width":2560,"height":1810,"url":"https:\/\/lescreationsdejulia.fr\/wp-content\/uploads\/2022\/01\/Visuel-illustration-Calypso-scaled.jpg","type":"image\/jpeg"}],"twitter_card":"summary_large_image","schema":{"@context":"https:\/\/schema.org","@graph":[{"@type":"WebSite","@id":"https:\/\/lescreationsdejulia.fr\/#website","url":"https:\/\/lescreationsdejulia.fr\/","name":"Les cr\u00e9ations de Julia","description":"Fait main \u00e0 la fran\u00e7aise","potentialAction":[{"@type":"SearchAction","target":{"@type":"EntryPoint","urlTemplate":"https:\/\/lescreationsdejulia.fr\/?s={search_term_string}"},"query-input":"required name=search_term_string"}],"inLanguage":"fr-FR"},{"@type":"ImageObject","@id":"https:\/\/lescreationsdejulia.fr\/index.php\/produit\/illustration-de-naissance-calypso\/#primaryimage","inLanguage":"fr-FR","url":"https:\/\/i0.wp.com\/lescreationsdejulia.fr\/wp-content\/uploads\/2022\/01\/Visuel-illustration-Calypso-scaled.jpg?fit=2560%2C1810&ssl=1","contentUrl":"https:\/\/i0.wp.com\/lescreationsdejulia.fr\/wp-content\/uploads\/2022\/01\/Visuel-illustration-Calypso-scaled.jpg?fit=2560%2C1810&ssl=1","width":2560,"height":1810},{"@type":"WebPage","@id":"https:\/\/lescreationsdejulia.fr\/index.php\/produit\/illustration-de-naissance-calypso\/#webpage","url":"https:\/\/lescreationsdejulia.fr\/index.php\/produit\/illustration-de-naissance-calypso\/","name":"Illustration de naissance Calypso personnalisable - Les cr\u00e9ations de Julia","isPartOf":{"@id":"https:\/\/lescreationsdejulia.fr\/#website"},"primaryImageOfPage":{"@id":"https:\/\/lescreationsdejulia.fr\/index.php\/produit\/illustration-de-naissance-calypso\/#primaryimage"},"datePublished":"2021-08-15T18:43:55+00:00","dateModified":"2022-01-13T09:36:24+00:00","breadcrumb":{"@id":"https:\/\/lescreationsdejulia.fr\/index.php\/produit\/illustration-de-naissance-calypso\/#breadcrumb"},"inLanguage":"fr-FR","potentialAction":[{"@type":"ReadAction","target":["https:\/\/lescreationsdejulia.fr\/index.php\/produit\/illustration-de-naissance-calypso\/"]}]},{"@type":"BreadcrumbList","@id":"https:\/\/lescreationsdejulia.fr\/index.php\/produit\/illustration-de-naissance-calypso\/#breadcrumb","itemListElement":[{"@type":"ListItem","position":1,"name":"Accueil","item":"https:\/\/lescreationsdejulia.fr\/"},{"@type":"ListItem","position":2,"name":"Les box","item":"https:\/\/lescreationsdejulia.fr\/index.php\/box\/"},{"@type":"ListItem","position":3,"name":"Illustration de naissance Calypso personnalisable"}]}]}},"jetpack_sharing_enabled":true,"_links":{"self":[{"href":"https:\/\/lescreationsdejulia.fr\/index.php\/wp-json\/wp\/v2\/product\/560"}],"collection":[{"href":"https:\/\/lescreationsdejulia.fr\/index.php\/wp-json\/wp\/v2\/product"}],"about":[{"href":"https:\/\/lescreationsdejulia.fr\/index.php\/wp-json\/wp\/v2\/types\/product"}],"wp:featuredmedia":[{"embeddable":true,"href":"https:\/\/lescreationsdejulia.fr\/index.php\/wp-json\/wp\/v2\/media\/1242"}],"wp:attachment":[{"href":"https:\/\/lescreationsdejulia.fr\/index.php\/wp-json\/wp\/v2\/media?parent=560"}],"wp:term":[{"taxonomy":"product_cat","embeddable":true,"href":"https:\/\/lescreationsdejulia.fr\/index.php\/wp-json\/wp\/v2\/product_cat?post=560"},{"taxonomy":"product_tag","embeddable":true,"href":"https:\/\/lescreationsdejulia.fr\/index.php\/wp-json\/wp\/v2\/product_tag?post=560"}],"curies":[{"name":"wp","href":"https:\/\/api.w.org\/{rel}","templated":true}]}}