{"id":586,"date":"2021-08-16T09:17:42","date_gmt":"2021-08-16T07:17:42","guid":{"rendered":"http:\/\/lescreationsdejulia.fr\/?post_type=product&#038;p=586"},"modified":"2022-05-20T17:26:10","modified_gmt":"2022-05-20T15:26:10","slug":"bracelet-zodiaque","status":"publish","type":"product","link":"https:\/\/lescreationsdejulia.fr\/index.php\/produit\/bracelet-zodiaque\/","title":{"rendered":"Bracelets Zodiaque"},"content":{"rendered":"<p>D\u00e9couvrez ici nos bracelets zodiaque, ils aident \u00e0 trouver son \u00e9quilibre et agiront comme un soin holistique.<\/p>\n<p>N&#8217;oubliez jamais que vos pierres naturelles viennent de la terre et qu&#8217;elles ont parfois besoin de se recharger, n&#8217;h\u00e9sitez pas \u00e0 nous contacter pour en savoir plus.<\/p>\n<p><strong>Composition :<\/strong> 100% pierre naturelle.<\/p>\n","protected":false},"excerpt":{"rendered":"<p>Trouvez l&#8217;\u00e9quilibre gr\u00e2ce \u00e0 ces bracelets en pierre naturelle, ils agiront comme un soin holistique sur-mesure pour chaque individu selon son signe du zodiaque. N&#8217;oubliez jamais que vos pierres naturelles viennent de la terre et qu&#8217;elles ont parfois besoin de se recharger, n&#8217;h\u00e9sitez pas \u00e0 nous contacter pour en savoir plus.<\/p>\n","protected":false},"featured_media":1776,"template":"","meta":[],"product_cat":[139,23],"product_tag":[82,38,83,77,45],"yoast_head":"<!-- This site is optimized with the Yoast SEO plugin v18.4.1 - https:\/\/yoast.com\/wordpress\/plugins\/seo\/ -->\n<title>Bracelets Zodiaque - Les cr\u00e9ations de Julia<\/title>\n<meta name=\"description\" content=\"D\u00e9couvrez ici nos bracelets zodiaque, ils aident \u00e0 trouver son \u00e9quilibre et agiront comme un soin holistique.\" \/>\n<meta name=\"robots\" content=\"index, follow, max-snippet:-1, max-image-preview:large, max-video-preview:-1\" \/>\n<link rel=\"canonical\" href=\"https:\/\/lescreationsdejulia.fr\/index.php\/produit\/bracelet-zodiaque\/\" \/>\n<meta property=\"og:locale\" content=\"fr_FR\" \/>\n<meta property=\"og:type\" content=\"article\" \/>\n<meta property=\"og:title\" content=\"Bracelets Zodiaque - Les cr\u00e9ations de Julia\" \/>\n<meta property=\"og:description\" content=\"D\u00e9couvrez ici nos bracelets zodiaque, ils aident \u00e0 trouver son \u00e9quilibre et agiront comme un soin holistique.\" \/>\n<meta property=\"og:url\" content=\"https:\/\/lescreationsdejulia.fr\/index.php\/produit\/bracelet-zodiaque\/\" \/>\n<meta property=\"og:site_name\" content=\"Les cr\u00e9ations de Julia\" \/>\n<meta property=\"article:modified_time\" content=\"2022-05-20T15:26:10+00:00\" \/>\n<meta property=\"og:image\" content=\"https:\/\/lescreationsdejulia.fr\/wp-content\/uploads\/2022\/05\/IMG_6538.jpg\" \/>\n\t<meta property=\"og:image:width\" content=\"1536\" \/>\n\t<meta property=\"og:image:height\" content=\"2048\" \/>\n\t<meta property=\"og:image:type\" content=\"image\/jpeg\" \/>\n<meta name=\"twitter:card\" content=\"summary_large_image\" \/>\n<meta name=\"twitter:label1\" content=\"Dur\u00e9e de lecture estim\u00e9e\" \/>\n\t<meta name=\"twitter:data1\" content=\"1 minute\" \/>\n<script type=\"application\/ld+json\" class=\"yoast-schema-graph\">{\"@context\":\"https:\/\/schema.org\",\"@graph\":[{\"@type\":\"WebSite\",\"@id\":\"https:\/\/lescreationsdejulia.fr\/#website\",\"url\":\"https:\/\/lescreationsdejulia.fr\/\",\"name\":\"Les cr\u00e9ations de Julia\",\"description\":\"Fait main \u00e0 la fran\u00e7aise\",\"potentialAction\":[{\"@type\":\"SearchAction\",\"target\":{\"@type\":\"EntryPoint\",\"urlTemplate\":\"https:\/\/lescreationsdejulia.fr\/?s={search_term_string}\"},\"query-input\":\"required name=search_term_string\"}],\"inLanguage\":\"fr-FR\"},{\"@type\":\"ImageObject\",\"@id\":\"https:\/\/lescreationsdejulia.fr\/index.php\/produit\/bracelet-zodiaque\/#primaryimage\",\"inLanguage\":\"fr-FR\",\"url\":\"https:\/\/i0.wp.com\/lescreationsdejulia.fr\/wp-content\/uploads\/2022\/05\/IMG_6538.jpg?fit=1536%2C2048&ssl=1\",\"contentUrl\":\"https:\/\/i0.wp.com\/lescreationsdejulia.fr\/wp-content\/uploads\/2022\/05\/IMG_6538.jpg?fit=1536%2C2048&ssl=1\",\"width\":1536,\"height\":2048},{\"@type\":\"WebPage\",\"@id\":\"https:\/\/lescreationsdejulia.fr\/index.php\/produit\/bracelet-zodiaque\/#webpage\",\"url\":\"https:\/\/lescreationsdejulia.fr\/index.php\/produit\/bracelet-zodiaque\/\",\"name\":\"Bracelets Zodiaque - Les cr\u00e9ations de Julia\",\"isPartOf\":{\"@id\":\"https:\/\/lescreationsdejulia.fr\/#website\"},\"primaryImageOfPage\":{\"@id\":\"https:\/\/lescreationsdejulia.fr\/index.php\/produit\/bracelet-zodiaque\/#primaryimage\"},\"datePublished\":\"2021-08-16T07:17:42+00:00\",\"dateModified\":\"2022-05-20T15:26:10+00:00\",\"description\":\"D\u00e9couvrez ici nos bracelets zodiaque, ils aident \u00e0 trouver son \u00e9quilibre et agiront comme un soin holistique.\",\"breadcrumb\":{\"@id\":\"https:\/\/lescreationsdejulia.fr\/index.php\/produit\/bracelet-zodiaque\/#breadcrumb\"},\"inLanguage\":\"fr-FR\",\"potentialAction\":[{\"@type\":\"ReadAction\",\"target\":[\"https:\/\/lescreationsdejulia.fr\/index.php\/produit\/bracelet-zodiaque\/\"]}]},{\"@type\":\"BreadcrumbList\",\"@id\":\"https:\/\/lescreationsdejulia.fr\/index.php\/produit\/bracelet-zodiaque\/#breadcrumb\",\"itemListElement\":[{\"@type\":\"ListItem\",\"position\":1,\"name\":\"Accueil\",\"item\":\"https:\/\/lescreationsdejulia.fr\/\"},{\"@type\":\"ListItem\",\"position\":2,\"name\":\"Les box\",\"item\":\"https:\/\/lescreationsdejulia.fr\/index.php\/box\/\"},{\"@type\":\"ListItem\",\"position\":3,\"name\":\"Bracelets Zodiaque\"}]}]}<\/script>\n<!-- \/ Yoast SEO plugin. -->","yoast_head_json":{"title":"Bracelets Zodiaque - Les cr\u00e9ations de Julia","description":"D\u00e9couvrez ici nos bracelets zodiaque, ils aident \u00e0 trouver son \u00e9quilibre et agiront comme un soin holistique.","robots":{"index":"index","follow":"follow","max-snippet":"max-snippet:-1","max-image-preview":"max-image-preview:large","max-video-preview":"max-video-preview:-1"},"canonical":"https:\/\/lescreationsdejulia.fr\/index.php\/produit\/bracelet-zodiaque\/","og_locale":"fr_FR","og_type":"article","og_title":"Bracelets Zodiaque - Les cr\u00e9ations de Julia","og_description":"D\u00e9couvrez ici nos bracelets zodiaque, ils aident \u00e0 trouver son \u00e9quilibre et agiront comme un soin holistique.","og_url":"https:\/\/lescreationsdejulia.fr\/index.php\/produit\/bracelet-zodiaque\/","og_site_name":"Les cr\u00e9ations de Julia","article_modified_time":"2022-05-20T15:26:10+00:00","og_image":[{"width":1536,"height":2048,"url":"https:\/\/lescreationsdejulia.fr\/wp-content\/uploads\/2022\/05\/IMG_6538.jpg","type":"image\/jpeg"}],"twitter_card":"summary_large_image","twitter_misc":{"Dur\u00e9e de lecture estim\u00e9e":"1 minute"},"schema":{"@context":"https:\/\/schema.org","@graph":[{"@type":"WebSite","@id":"https:\/\/lescreationsdejulia.fr\/#website","url":"https:\/\/lescreationsdejulia.fr\/","name":"Les cr\u00e9ations de Julia","description":"Fait main \u00e0 la fran\u00e7aise","potentialAction":[{"@type":"SearchAction","target":{"@type":"EntryPoint","urlTemplate":"https:\/\/lescreationsdejulia.fr\/?s={search_term_string}"},"query-input":"required name=search_term_string"}],"inLanguage":"fr-FR"},{"@type":"ImageObject","@id":"https:\/\/lescreationsdejulia.fr\/index.php\/produit\/bracelet-zodiaque\/#primaryimage","inLanguage":"fr-FR","url":"https:\/\/i0.wp.com\/lescreationsdejulia.fr\/wp-content\/uploads\/2022\/05\/IMG_6538.jpg?fit=1536%2C2048&ssl=1","contentUrl":"https:\/\/i0.wp.com\/lescreationsdejulia.fr\/wp-content\/uploads\/2022\/05\/IMG_6538.jpg?fit=1536%2C2048&ssl=1","width":1536,"height":2048},{"@type":"WebPage","@id":"https:\/\/lescreationsdejulia.fr\/index.php\/produit\/bracelet-zodiaque\/#webpage","url":"https:\/\/lescreationsdejulia.fr\/index.php\/produit\/bracelet-zodiaque\/","name":"Bracelets Zodiaque - Les cr\u00e9ations de Julia","isPartOf":{"@id":"https:\/\/lescreationsdejulia.fr\/#website"},"primaryImageOfPage":{"@id":"https:\/\/lescreationsdejulia.fr\/index.php\/produit\/bracelet-zodiaque\/#primaryimage"},"datePublished":"2021-08-16T07:17:42+00:00","dateModified":"2022-05-20T15:26:10+00:00","description":"D\u00e9couvrez ici nos bracelets zodiaque, ils aident \u00e0 trouver son \u00e9quilibre et agiront comme un soin holistique.","breadcrumb":{"@id":"https:\/\/lescreationsdejulia.fr\/index.php\/produit\/bracelet-zodiaque\/#breadcrumb"},"inLanguage":"fr-FR","potentialAction":[{"@type":"ReadAction","target":["https:\/\/lescreationsdejulia.fr\/index.php\/produit\/bracelet-zodiaque\/"]}]},{"@type":"BreadcrumbList","@id":"https:\/\/lescreationsdejulia.fr\/index.php\/produit\/bracelet-zodiaque\/#breadcrumb","itemListElement":[{"@type":"ListItem","position":1,"name":"Accueil","item":"https:\/\/lescreationsdejulia.fr\/"},{"@type":"ListItem","position":2,"name":"Les box","item":"https:\/\/lescreationsdejulia.fr\/index.php\/box\/"},{"@type":"ListItem","position":3,"name":"Bracelets Zodiaque"}]}]}},"jetpack_sharing_enabled":true,"_links":{"self":[{"href":"https:\/\/lescreationsdejulia.fr\/index.php\/wp-json\/wp\/v2\/product\/586"}],"collection":[{"href":"https:\/\/lescreationsdejulia.fr\/index.php\/wp-json\/wp\/v2\/product"}],"about":[{"href":"https:\/\/lescreationsdejulia.fr\/index.php\/wp-json\/wp\/v2\/types\/product"}],"wp:featuredmedia":[{"embeddable":true,"href":"https:\/\/lescreationsdejulia.fr\/index.php\/wp-json\/wp\/v2\/media\/1776"}],"wp:attachment":[{"href":"https:\/\/lescreationsdejulia.fr\/index.php\/wp-json\/wp\/v2\/media?parent=586"}],"wp:term":[{"taxonomy":"product_cat","embeddable":true,"href":"https:\/\/lescreationsdejulia.fr\/index.php\/wp-json\/wp\/v2\/product_cat?post=586"},{"taxonomy":"product_tag","embeddable":true,"href":"https:\/\/lescreationsdejulia.fr\/index.php\/wp-json\/wp\/v2\/product_tag?post=586"}],"curies":[{"name":"wp","href":"https:\/\/api.w.org\/{rel}","templated":true}]}}