{"id":695,"date":"2021-08-16T11:13:00","date_gmt":"2021-08-16T09:13:00","guid":{"rendered":"http:\/\/lescreationsdejulia.fr\/?post_type=product&#038;p=695"},"modified":"2022-01-13T10:27:14","modified_gmt":"2022-01-13T09:27:14","slug":"illustration-zodiaque-poissons","status":"publish","type":"product","link":"https:\/\/lescreationsdejulia.fr\/index.php\/produit\/illustration-zodiaque-poissons\/","title":{"rendered":"Illustration Zodiaque Poissons"},"content":{"rendered":"","protected":false},"excerpt":{"rendered":"<p>Envie d&#8217;offrir un cadeau d&#8217;anniversaire original et inoubliable ? Pensez \u00e0 nos illustrations zodiaque personnalisables exclusives dessin\u00e9es par Julia Jordy.<\/p>\n<p>Impression sur papier grain\u00e9 haut de gamme pour faire ressortir le travail de l&#8217;aquarelle (224g\/m2 pour le format A4 et 180g\/m2 pour le format A3).<\/p>\n","protected":false},"featured_media":1253,"template":"","meta":[],"product_cat":[84],"product_tag":[38,62,92,77,45],"yoast_head":"<!-- This site is optimized with the Yoast SEO plugin v18.4.1 - https:\/\/yoast.com\/wordpress\/plugins\/seo\/ -->\n<title>Illustration Zodiaque Poissons - Les cr\u00e9ations de Julia<\/title>\n<meta name=\"robots\" content=\"index, follow, max-snippet:-1, max-image-preview:large, max-video-preview:-1\" \/>\n<link rel=\"canonical\" href=\"https:\/\/lescreationsdejulia.fr\/index.php\/produit\/illustration-zodiaque-poissons\/\" \/>\n<meta property=\"og:locale\" content=\"fr_FR\" \/>\n<meta property=\"og:type\" content=\"article\" \/>\n<meta property=\"og:title\" content=\"Illustration Zodiaque Poissons - Les cr\u00e9ations de Julia\" \/>\n<meta property=\"og:description\" content=\"Envie d&#039;offrir un cadeau d&#039;anniversaire original et inoubliable ? Pensez \u00e0 nos illustrations zodiaque personnalisables exclusives dessin\u00e9es par Julia Jordy.  Impression sur papier grain\u00e9 haut de gamme pour faire ressortir le travail de l&#039;aquarelle (224g\/m2 pour le format A4 et 180g\/m2 pour le format A3).\" \/>\n<meta property=\"og:url\" content=\"https:\/\/lescreationsdejulia.fr\/index.php\/produit\/illustration-zodiaque-poissons\/\" \/>\n<meta property=\"og:site_name\" content=\"Les cr\u00e9ations de Julia\" \/>\n<meta property=\"article:modified_time\" content=\"2022-01-13T09:27:14+00:00\" \/>\n<meta property=\"og:image\" content=\"https:\/\/lescreationsdejulia.fr\/wp-content\/uploads\/2022\/01\/Visuel-illustration-Poissons-copie-scaled.jpg\" \/>\n\t<meta property=\"og:image:width\" content=\"2560\" \/>\n\t<meta property=\"og:image:height\" content=\"1810\" \/>\n\t<meta property=\"og:image:type\" content=\"image\/jpeg\" \/>\n<meta name=\"twitter:card\" content=\"summary_large_image\" \/>\n<script type=\"application\/ld+json\" class=\"yoast-schema-graph\">{\"@context\":\"https:\/\/schema.org\",\"@graph\":[{\"@type\":\"WebSite\",\"@id\":\"https:\/\/lescreationsdejulia.fr\/#website\",\"url\":\"https:\/\/lescreationsdejulia.fr\/\",\"name\":\"Les cr\u00e9ations de Julia\",\"description\":\"Fait main \u00e0 la fran\u00e7aise\",\"potentialAction\":[{\"@type\":\"SearchAction\",\"target\":{\"@type\":\"EntryPoint\",\"urlTemplate\":\"https:\/\/lescreationsdejulia.fr\/?s={search_term_string}\"},\"query-input\":\"required name=search_term_string\"}],\"inLanguage\":\"fr-FR\"},{\"@type\":\"ImageObject\",\"@id\":\"https:\/\/lescreationsdejulia.fr\/index.php\/produit\/illustration-zodiaque-poissons\/#primaryimage\",\"inLanguage\":\"fr-FR\",\"url\":\"https:\/\/i0.wp.com\/lescreationsdejulia.fr\/wp-content\/uploads\/2022\/01\/Visuel-illustration-Poissons-copie-scaled.jpg?fit=2560%2C1810&ssl=1\",\"contentUrl\":\"https:\/\/i0.wp.com\/lescreationsdejulia.fr\/wp-content\/uploads\/2022\/01\/Visuel-illustration-Poissons-copie-scaled.jpg?fit=2560%2C1810&ssl=1\",\"width\":2560,\"height\":1810},{\"@type\":\"WebPage\",\"@id\":\"https:\/\/lescreationsdejulia.fr\/index.php\/produit\/illustration-zodiaque-poissons\/#webpage\",\"url\":\"https:\/\/lescreationsdejulia.fr\/index.php\/produit\/illustration-zodiaque-poissons\/\",\"name\":\"Illustration Zodiaque Poissons - Les cr\u00e9ations de Julia\",\"isPartOf\":{\"@id\":\"https:\/\/lescreationsdejulia.fr\/#website\"},\"primaryImageOfPage\":{\"@id\":\"https:\/\/lescreationsdejulia.fr\/index.php\/produit\/illustration-zodiaque-poissons\/#primaryimage\"},\"datePublished\":\"2021-08-16T09:13:00+00:00\",\"dateModified\":\"2022-01-13T09:27:14+00:00\",\"breadcrumb\":{\"@id\":\"https:\/\/lescreationsdejulia.fr\/index.php\/produit\/illustration-zodiaque-poissons\/#breadcrumb\"},\"inLanguage\":\"fr-FR\",\"potentialAction\":[{\"@type\":\"ReadAction\",\"target\":[\"https:\/\/lescreationsdejulia.fr\/index.php\/produit\/illustration-zodiaque-poissons\/\"]}]},{\"@type\":\"BreadcrumbList\",\"@id\":\"https:\/\/lescreationsdejulia.fr\/index.php\/produit\/illustration-zodiaque-poissons\/#breadcrumb\",\"itemListElement\":[{\"@type\":\"ListItem\",\"position\":1,\"name\":\"Accueil\",\"item\":\"https:\/\/lescreationsdejulia.fr\/\"},{\"@type\":\"ListItem\",\"position\":2,\"name\":\"Les box\",\"item\":\"https:\/\/lescreationsdejulia.fr\/index.php\/box\/\"},{\"@type\":\"ListItem\",\"position\":3,\"name\":\"Illustration Zodiaque Poissons\"}]}]}<\/script>\n<!-- \/ Yoast SEO plugin. -->","yoast_head_json":{"title":"Illustration Zodiaque Poissons - Les cr\u00e9ations de Julia","robots":{"index":"index","follow":"follow","max-snippet":"max-snippet:-1","max-image-preview":"max-image-preview:large","max-video-preview":"max-video-preview:-1"},"canonical":"https:\/\/lescreationsdejulia.fr\/index.php\/produit\/illustration-zodiaque-poissons\/","og_locale":"fr_FR","og_type":"article","og_title":"Illustration Zodiaque Poissons - Les cr\u00e9ations de Julia","og_description":"Envie d'offrir un cadeau d'anniversaire original et inoubliable ? Pensez \u00e0 nos illustrations zodiaque personnalisables exclusives dessin\u00e9es par Julia Jordy.  Impression sur papier grain\u00e9 haut de gamme pour faire ressortir le travail de l'aquarelle (224g\/m2 pour le format A4 et 180g\/m2 pour le format A3).","og_url":"https:\/\/lescreationsdejulia.fr\/index.php\/produit\/illustration-zodiaque-poissons\/","og_site_name":"Les cr\u00e9ations de Julia","article_modified_time":"2022-01-13T09:27:14+00:00","og_image":[{"width":2560,"height":1810,"url":"https:\/\/lescreationsdejulia.fr\/wp-content\/uploads\/2022\/01\/Visuel-illustration-Poissons-copie-scaled.jpg","type":"image\/jpeg"}],"twitter_card":"summary_large_image","schema":{"@context":"https:\/\/schema.org","@graph":[{"@type":"WebSite","@id":"https:\/\/lescreationsdejulia.fr\/#website","url":"https:\/\/lescreationsdejulia.fr\/","name":"Les cr\u00e9ations de Julia","description":"Fait main \u00e0 la fran\u00e7aise","potentialAction":[{"@type":"SearchAction","target":{"@type":"EntryPoint","urlTemplate":"https:\/\/lescreationsdejulia.fr\/?s={search_term_string}"},"query-input":"required name=search_term_string"}],"inLanguage":"fr-FR"},{"@type":"ImageObject","@id":"https:\/\/lescreationsdejulia.fr\/index.php\/produit\/illustration-zodiaque-poissons\/#primaryimage","inLanguage":"fr-FR","url":"https:\/\/i0.wp.com\/lescreationsdejulia.fr\/wp-content\/uploads\/2022\/01\/Visuel-illustration-Poissons-copie-scaled.jpg?fit=2560%2C1810&ssl=1","contentUrl":"https:\/\/i0.wp.com\/lescreationsdejulia.fr\/wp-content\/uploads\/2022\/01\/Visuel-illustration-Poissons-copie-scaled.jpg?fit=2560%2C1810&ssl=1","width":2560,"height":1810},{"@type":"WebPage","@id":"https:\/\/lescreationsdejulia.fr\/index.php\/produit\/illustration-zodiaque-poissons\/#webpage","url":"https:\/\/lescreationsdejulia.fr\/index.php\/produit\/illustration-zodiaque-poissons\/","name":"Illustration Zodiaque Poissons - Les cr\u00e9ations de Julia","isPartOf":{"@id":"https:\/\/lescreationsdejulia.fr\/#website"},"primaryImageOfPage":{"@id":"https:\/\/lescreationsdejulia.fr\/index.php\/produit\/illustration-zodiaque-poissons\/#primaryimage"},"datePublished":"2021-08-16T09:13:00+00:00","dateModified":"2022-01-13T09:27:14+00:00","breadcrumb":{"@id":"https:\/\/lescreationsdejulia.fr\/index.php\/produit\/illustration-zodiaque-poissons\/#breadcrumb"},"inLanguage":"fr-FR","potentialAction":[{"@type":"ReadAction","target":["https:\/\/lescreationsdejulia.fr\/index.php\/produit\/illustration-zodiaque-poissons\/"]}]},{"@type":"BreadcrumbList","@id":"https:\/\/lescreationsdejulia.fr\/index.php\/produit\/illustration-zodiaque-poissons\/#breadcrumb","itemListElement":[{"@type":"ListItem","position":1,"name":"Accueil","item":"https:\/\/lescreationsdejulia.fr\/"},{"@type":"ListItem","position":2,"name":"Les box","item":"https:\/\/lescreationsdejulia.fr\/index.php\/box\/"},{"@type":"ListItem","position":3,"name":"Illustration Zodiaque Poissons"}]}]}},"jetpack_sharing_enabled":true,"_links":{"self":[{"href":"https:\/\/lescreationsdejulia.fr\/index.php\/wp-json\/wp\/v2\/product\/695"}],"collection":[{"href":"https:\/\/lescreationsdejulia.fr\/index.php\/wp-json\/wp\/v2\/product"}],"about":[{"href":"https:\/\/lescreationsdejulia.fr\/index.php\/wp-json\/wp\/v2\/types\/product"}],"wp:featuredmedia":[{"embeddable":true,"href":"https:\/\/lescreationsdejulia.fr\/index.php\/wp-json\/wp\/v2\/media\/1253"}],"wp:attachment":[{"href":"https:\/\/lescreationsdejulia.fr\/index.php\/wp-json\/wp\/v2\/media?parent=695"}],"wp:term":[{"taxonomy":"product_cat","embeddable":true,"href":"https:\/\/lescreationsdejulia.fr\/index.php\/wp-json\/wp\/v2\/product_cat?post=695"},{"taxonomy":"product_tag","embeddable":true,"href":"https:\/\/lescreationsdejulia.fr\/index.php\/wp-json\/wp\/v2\/product_tag?post=695"}],"curies":[{"name":"wp","href":"https:\/\/api.w.org\/{rel}","templated":true}]}}