{"id":84,"date":"2021-06-29T09:34:48","date_gmt":"2021-06-29T07:34:48","guid":{"rendered":"http:\/\/lescreationsdejulia.fr\/?post_type=product&#038;p=84"},"modified":"2023-07-25T11:10:42","modified_gmt":"2023-07-25T09:10:42","slug":"box-naissance-pan","status":"publish","type":"product","link":"https:\/\/lescreationsdejulia.fr\/index.php\/produit\/box-naissance-pan\/","title":{"rendered":"Box Naissance &#8220;Pan&#8221;"},"content":{"rendered":"<p><u>Les produits<\/u> : Chaque produit est 100% fait main en Alsace, r\u00e9alis\u00e9 avec une attention particuli\u00e8re dans le respect de l\u2019environnement, tous nos tissus sont certifi\u00e9s OEKO-TEX et dessin\u00e9s par Julia Jordy.<\/p>\n<ul>\n<li><u>Lot de 3 lingettes r\u00e9utilisables<\/u>: une face 100% coton au design exclusif, et l\u2019autre en micro-\u00e9ponge de bambou (40% bambou, 40% coton, 20% polyester) ultra douce. Ces lingettes lavables \u00e0 l\u2019infini permettront de prendre soin au mieux du bout de chou tout en restant dans une d\u00e9marche de pr\u00e9servation de l\u2019environnement. Lavage \u00e0 40\u00b0C.<\/li>\n<li><u>Un attache-t\u00e9tine<\/u>: personnalis\u00e9 au pr\u00e9nom du b\u00e9b\u00e9, cet attache-t\u00e9tine en bois non trait\u00e9 et silicone, respecte la norme NF EN<strong>12586+A1 pour garantir une suret\u00e9 optimale. Attention ce produit n\u2019est pas un jouet. <\/strong><\/li>\n<li><u>Une carte \u00e0 planter<\/u> agr\u00e9ment\u00e9 de graines de vigne, symbole de vie et de long\u00e9vit\u00e9, ultra-facile \u00e0 faire planter en int\u00e9rieur ou en ext\u00e9rieur.<\/li>\n<li><u>Illustration personnalis\u00e9e<\/u><\/li>\n<\/ul>\n","protected":false},"excerpt":{"rendered":"<p>A l&#8217;\u00e9poque, lorsqu&#8217;une amie m&#8217;a annonc\u00e9 l&#8217;agrandissement de sa petite famille, je me suis mise en qu\u00eate du PARFAIT cadeau pour l&#8217;aider \u00e0 accueillir son bout de chou. Comme les articles cousu-main sont ultra tendances pour les naissances, je me suis automatiquement tourn\u00e9e vers ce type de cadeaux, j&#8217;ai rapidement \u00e9t\u00e9 d\u00e9\u00e7u face au choix qui s&#8217;offrait \u00e0 moi, \u00e9tant dessinatrice, j&#8217;avais envie de quelque chose d&#8217;in\u00e9dit, pas d&#8217;un tissus que je pouvais trouver dans n&#8217;importe quelle enseigne de couture. C&#8217;est \u00e0 ce moment l\u00e0 que m\u2019est venu l\u2019id\u00e9e de dessiner mes premiers tissus, et plus particuli\u00e8rement ma premi\u00e8re collection de tissus de naissance.<\/p>\n<p>La box se compose de lingettes lavables, d&#8217;un attache t\u00e9tine, d&#8217;une carte \u00e0 planter et d&#8217;une illustration. Que vous pr\u00e9f\u00e9riez la box Pan, Ga\u00efa, Calyspo ou Pers\u00e9phone, tous nos cadeaux de naissance sont non genr\u00e9s.<\/p>\n<p><strong>N&#8217;oubliez pas de nous pr\u00e9ciser, lors de la finalisation de la commande, le pr\u00e9nom du b\u00e9b\u00e9 pour la personnalisation.<\/strong><\/p>\n","protected":false},"featured_media":1026,"template":"","meta":[],"product_cat":[141,19,22],"product_tag":[39,40,38,37,65,41],"yoast_head":"<!-- This site is optimized with the Yoast SEO plugin v18.4.1 - https:\/\/yoast.com\/wordpress\/plugins\/seo\/ -->\n<title>Box Naissance &quot;Pan&quot; - Les cr\u00e9ations de Julia<\/title>\n<meta name=\"robots\" content=\"index, follow, max-snippet:-1, max-image-preview:large, max-video-preview:-1\" \/>\n<link rel=\"canonical\" href=\"https:\/\/lescreationsdejulia.fr\/index.php\/produit\/box-naissance-pan\/\" \/>\n<meta property=\"og:locale\" content=\"fr_FR\" \/>\n<meta property=\"og:type\" content=\"article\" \/>\n<meta property=\"og:title\" content=\"Box Naissance &quot;Pan&quot; - Les cr\u00e9ations de Julia\" \/>\n<meta property=\"og:description\" content=\"A l&#039;\u00e9poque, lorsqu&#039;une amie m&#039;a annonc\u00e9 l&#039;agrandissement de sa petite famille, je me suis mise en qu\u00eate du PARFAIT cadeau pour l&#039;aider \u00e0 accueillir son bout de chou. Comme les articles cousu-main sont ultra tendances pour les naissances, je me suis automatiquement tourn\u00e9e vers ce type de cadeaux, j&#039;ai rapidement \u00e9t\u00e9 d\u00e9\u00e7u face au choix qui s&#039;offrait \u00e0 moi, \u00e9tant dessinatrice, j&#039;avais envie de quelque chose d&#039;in\u00e9dit, pas d&#039;un tissus que je pouvais trouver dans n&#039;importe quelle enseigne de couture. C&#039;est \u00e0 ce moment l\u00e0 que m\u2019est venu l\u2019id\u00e9e de dessiner mes premiers tissus, et plus particuli\u00e8rement ma premi\u00e8re collection de tissus de naissance.  La box se compose de lingettes lavables, d&#039;un attache t\u00e9tine, d&#039;une carte \u00e0 planter et d&#039;une illustration. Que vous pr\u00e9f\u00e9riez la box Pan, Ga\u00efa, Calyspo ou Pers\u00e9phone, tous nos cadeaux de naissance sont non genr\u00e9s.  N&#039;oubliez pas de nous pr\u00e9ciser, lors de la finalisation de la commande, le pr\u00e9nom du b\u00e9b\u00e9 pour la personnalisation.\" \/>\n<meta property=\"og:url\" content=\"https:\/\/lescreationsdejulia.fr\/index.php\/produit\/box-naissance-pan\/\" \/>\n<meta property=\"og:site_name\" content=\"Les cr\u00e9ations de Julia\" \/>\n<meta property=\"article:modified_time\" content=\"2023-07-25T09:10:42+00:00\" \/>\n<meta property=\"og:image\" content=\"https:\/\/lescreationsdejulia.fr\/wp-content\/uploads\/2021\/06\/Box-Pan-NV.jpg\" \/>\n\t<meta property=\"og:image:width\" content=\"1512\" \/>\n\t<meta property=\"og:image:height\" content=\"2016\" \/>\n\t<meta property=\"og:image:type\" content=\"image\/jpeg\" \/>\n<meta name=\"twitter:card\" content=\"summary_large_image\" \/>\n<meta name=\"twitter:label1\" content=\"Dur\u00e9e de lecture estim\u00e9e\" \/>\n\t<meta name=\"twitter:data1\" content=\"1 minute\" \/>\n<script type=\"application\/ld+json\" class=\"yoast-schema-graph\">{\"@context\":\"https:\/\/schema.org\",\"@graph\":[{\"@type\":\"WebSite\",\"@id\":\"https:\/\/lescreationsdejulia.fr\/#website\",\"url\":\"https:\/\/lescreationsdejulia.fr\/\",\"name\":\"Les cr\u00e9ations de Julia\",\"description\":\"Fait main \u00e0 la fran\u00e7aise\",\"potentialAction\":[{\"@type\":\"SearchAction\",\"target\":{\"@type\":\"EntryPoint\",\"urlTemplate\":\"https:\/\/lescreationsdejulia.fr\/?s={search_term_string}\"},\"query-input\":\"required name=search_term_string\"}],\"inLanguage\":\"fr-FR\"},{\"@type\":\"ImageObject\",\"@id\":\"https:\/\/lescreationsdejulia.fr\/index.php\/produit\/box-naissance-pan\/#primaryimage\",\"inLanguage\":\"fr-FR\",\"url\":\"https:\/\/i0.wp.com\/lescreationsdejulia.fr\/wp-content\/uploads\/2021\/06\/Box-Pan-NV.jpg?fit=1512%2C2016&ssl=1\",\"contentUrl\":\"https:\/\/i0.wp.com\/lescreationsdejulia.fr\/wp-content\/uploads\/2021\/06\/Box-Pan-NV.jpg?fit=1512%2C2016&ssl=1\",\"width\":1512,\"height\":2016},{\"@type\":\"WebPage\",\"@id\":\"https:\/\/lescreationsdejulia.fr\/index.php\/produit\/box-naissance-pan\/#webpage\",\"url\":\"https:\/\/lescreationsdejulia.fr\/index.php\/produit\/box-naissance-pan\/\",\"name\":\"Box Naissance \\\"Pan\\\" - Les cr\u00e9ations de Julia\",\"isPartOf\":{\"@id\":\"https:\/\/lescreationsdejulia.fr\/#website\"},\"primaryImageOfPage\":{\"@id\":\"https:\/\/lescreationsdejulia.fr\/index.php\/produit\/box-naissance-pan\/#primaryimage\"},\"datePublished\":\"2021-06-29T07:34:48+00:00\",\"dateModified\":\"2023-07-25T09:10:42+00:00\",\"breadcrumb\":{\"@id\":\"https:\/\/lescreationsdejulia.fr\/index.php\/produit\/box-naissance-pan\/#breadcrumb\"},\"inLanguage\":\"fr-FR\",\"potentialAction\":[{\"@type\":\"ReadAction\",\"target\":[\"https:\/\/lescreationsdejulia.fr\/index.php\/produit\/box-naissance-pan\/\"]}]},{\"@type\":\"BreadcrumbList\",\"@id\":\"https:\/\/lescreationsdejulia.fr\/index.php\/produit\/box-naissance-pan\/#breadcrumb\",\"itemListElement\":[{\"@type\":\"ListItem\",\"position\":1,\"name\":\"Accueil\",\"item\":\"https:\/\/lescreationsdejulia.fr\/\"},{\"@type\":\"ListItem\",\"position\":2,\"name\":\"Les box\",\"item\":\"https:\/\/lescreationsdejulia.fr\/index.php\/box\/\"},{\"@type\":\"ListItem\",\"position\":3,\"name\":\"Box Naissance &#8220;Pan&#8221;\"}]}]}<\/script>\n<!-- \/ Yoast SEO plugin. -->","yoast_head_json":{"title":"Box Naissance \"Pan\" - Les cr\u00e9ations de Julia","robots":{"index":"index","follow":"follow","max-snippet":"max-snippet:-1","max-image-preview":"max-image-preview:large","max-video-preview":"max-video-preview:-1"},"canonical":"https:\/\/lescreationsdejulia.fr\/index.php\/produit\/box-naissance-pan\/","og_locale":"fr_FR","og_type":"article","og_title":"Box Naissance \"Pan\" - Les cr\u00e9ations de Julia","og_description":"A l'\u00e9poque, lorsqu'une amie m'a annonc\u00e9 l'agrandissement de sa petite famille, je me suis mise en qu\u00eate du PARFAIT cadeau pour l'aider \u00e0 accueillir son bout de chou. Comme les articles cousu-main sont ultra tendances pour les naissances, je me suis automatiquement tourn\u00e9e vers ce type de cadeaux, j'ai rapidement \u00e9t\u00e9 d\u00e9\u00e7u face au choix qui s'offrait \u00e0 moi, \u00e9tant dessinatrice, j'avais envie de quelque chose d'in\u00e9dit, pas d'un tissus que je pouvais trouver dans n'importe quelle enseigne de couture. C'est \u00e0 ce moment l\u00e0 que m\u2019est venu l\u2019id\u00e9e de dessiner mes premiers tissus, et plus particuli\u00e8rement ma premi\u00e8re collection de tissus de naissance.  La box se compose de lingettes lavables, d'un attache t\u00e9tine, d'une carte \u00e0 planter et d'une illustration. Que vous pr\u00e9f\u00e9riez la box Pan, Ga\u00efa, Calyspo ou Pers\u00e9phone, tous nos cadeaux de naissance sont non genr\u00e9s.  N'oubliez pas de nous pr\u00e9ciser, lors de la finalisation de la commande, le pr\u00e9nom du b\u00e9b\u00e9 pour la personnalisation.","og_url":"https:\/\/lescreationsdejulia.fr\/index.php\/produit\/box-naissance-pan\/","og_site_name":"Les cr\u00e9ations de Julia","article_modified_time":"2023-07-25T09:10:42+00:00","og_image":[{"width":1512,"height":2016,"url":"https:\/\/lescreationsdejulia.fr\/wp-content\/uploads\/2021\/06\/Box-Pan-NV.jpg","type":"image\/jpeg"}],"twitter_card":"summary_large_image","twitter_misc":{"Dur\u00e9e de lecture estim\u00e9e":"1 minute"},"schema":{"@context":"https:\/\/schema.org","@graph":[{"@type":"WebSite","@id":"https:\/\/lescreationsdejulia.fr\/#website","url":"https:\/\/lescreationsdejulia.fr\/","name":"Les cr\u00e9ations de Julia","description":"Fait main \u00e0 la fran\u00e7aise","potentialAction":[{"@type":"SearchAction","target":{"@type":"EntryPoint","urlTemplate":"https:\/\/lescreationsdejulia.fr\/?s={search_term_string}"},"query-input":"required name=search_term_string"}],"inLanguage":"fr-FR"},{"@type":"ImageObject","@id":"https:\/\/lescreationsdejulia.fr\/index.php\/produit\/box-naissance-pan\/#primaryimage","inLanguage":"fr-FR","url":"https:\/\/i0.wp.com\/lescreationsdejulia.fr\/wp-content\/uploads\/2021\/06\/Box-Pan-NV.jpg?fit=1512%2C2016&ssl=1","contentUrl":"https:\/\/i0.wp.com\/lescreationsdejulia.fr\/wp-content\/uploads\/2021\/06\/Box-Pan-NV.jpg?fit=1512%2C2016&ssl=1","width":1512,"height":2016},{"@type":"WebPage","@id":"https:\/\/lescreationsdejulia.fr\/index.php\/produit\/box-naissance-pan\/#webpage","url":"https:\/\/lescreationsdejulia.fr\/index.php\/produit\/box-naissance-pan\/","name":"Box Naissance \"Pan\" - Les cr\u00e9ations de Julia","isPartOf":{"@id":"https:\/\/lescreationsdejulia.fr\/#website"},"primaryImageOfPage":{"@id":"https:\/\/lescreationsdejulia.fr\/index.php\/produit\/box-naissance-pan\/#primaryimage"},"datePublished":"2021-06-29T07:34:48+00:00","dateModified":"2023-07-25T09:10:42+00:00","breadcrumb":{"@id":"https:\/\/lescreationsdejulia.fr\/index.php\/produit\/box-naissance-pan\/#breadcrumb"},"inLanguage":"fr-FR","potentialAction":[{"@type":"ReadAction","target":["https:\/\/lescreationsdejulia.fr\/index.php\/produit\/box-naissance-pan\/"]}]},{"@type":"BreadcrumbList","@id":"https:\/\/lescreationsdejulia.fr\/index.php\/produit\/box-naissance-pan\/#breadcrumb","itemListElement":[{"@type":"ListItem","position":1,"name":"Accueil","item":"https:\/\/lescreationsdejulia.fr\/"},{"@type":"ListItem","position":2,"name":"Les box","item":"https:\/\/lescreationsdejulia.fr\/index.php\/box\/"},{"@type":"ListItem","position":3,"name":"Box Naissance &#8220;Pan&#8221;"}]}]}},"jetpack_sharing_enabled":true,"_links":{"self":[{"href":"https:\/\/lescreationsdejulia.fr\/index.php\/wp-json\/wp\/v2\/product\/84"}],"collection":[{"href":"https:\/\/lescreationsdejulia.fr\/index.php\/wp-json\/wp\/v2\/product"}],"about":[{"href":"https:\/\/lescreationsdejulia.fr\/index.php\/wp-json\/wp\/v2\/types\/product"}],"wp:featuredmedia":[{"embeddable":true,"href":"https:\/\/lescreationsdejulia.fr\/index.php\/wp-json\/wp\/v2\/media\/1026"}],"wp:attachment":[{"href":"https:\/\/lescreationsdejulia.fr\/index.php\/wp-json\/wp\/v2\/media?parent=84"}],"wp:term":[{"taxonomy":"product_cat","embeddable":true,"href":"https:\/\/lescreationsdejulia.fr\/index.php\/wp-json\/wp\/v2\/product_cat?post=84"},{"taxonomy":"product_tag","embeddable":true,"href":"https:\/\/lescreationsdejulia.fr\/index.php\/wp-json\/wp\/v2\/product_tag?post=84"}],"curies":[{"name":"wp","href":"https:\/\/api.w.org\/{rel}","templated":true}]}}