{"id":858,"date":"2021-09-09T10:17:49","date_gmt":"2021-09-09T08:17:49","guid":{"rendered":"http:\/\/lescreationsdejulia.fr\/?post_type=product&#038;p=858"},"modified":"2022-12-01T12:32:58","modified_gmt":"2022-12-01T11:32:58","slug":"bougie-zodiaque","status":"publish","type":"product","link":"https:\/\/lescreationsdejulia.fr\/index.php\/produit\/bougie-zodiaque\/","title":{"rendered":"Bougie Zodiaque &#8220;Ambre&#8221;"},"content":{"rendered":"<p>D\u00e9couvrez notre bougie zodiaque &#8220;Ambre&#8221;, elle est parfaite pour un cadeau. Ce sont des bougies artisanales made in Alsace.<\/p>\n<p>&#8211; <strong>Lion<\/strong> : La pierre de lune pr\u00e9sente dans la bougie zodiaque saura canaliser votre temp\u00e9rament de lionne. Elle att\u00e9nuera aussi vos \u00e9motions n\u00e9gatives li\u00e9es au stress.<br \/>\n&#8211; <strong>Vierge<\/strong> : Le jaspe pr\u00e9sent dans la bougie zodiaque vous aidera \u00e0 booster votre confiance en vous afin d\u2019atteindre tous vos objectifs. Il vous conf\u00e9rera courage et permettra de vous attaquer aux probl\u00e8mes avec plus de recul.<br \/>\n&#8211; <strong>Balance<\/strong> : En parfaite pierre de communication, le lapis-lazuli pr\u00e9sent dans la bougie zodiaque boostera votre vie sentimentale et vos rapports aux autres. Il favorise l\u2019\u00e9change.<br \/>\n&#8211; <strong>Scorpion<\/strong> : L\u2019agate pr\u00e9sente dans la bougie zodiaque est une pierre d\u2019\u00e9quilibre qui saura canaliser votre intensit\u00e9. Elle saura aussi se dresser contre vos id\u00e9es n\u00e9gatives et col\u00e8res non justifi\u00e9es.<br \/>\n&#8211;<strong> B\u00e9lier<\/strong> : L\u2019am\u00e9thyste pr\u00e9sente dans la bougie zodiaque vous apportera le calme et la s\u00e9r\u00e9nit\u00e9 n\u00e9cessaire dans vos prises de d\u00e9cisions. Elle vous aidera \u00e0 d\u00e9velopper votre intuition.<br \/>\n&#8211; <strong>Taureau<\/strong> : L\u2019\u0153il de tigre pr\u00e9sent dans la bougie zodiaque saura d\u00e9velopper votre cr\u00e9ativit\u00e9 parfois obstru\u00e9e, et lib\u00e9rera vos \u00e9motions, souvent prises au pi\u00e8ge par votre caract\u00e8re tr\u00e8s affirm\u00e9. N\u2019h\u00e9sitez pas \u00e0 utiliser la ressource de votre pierre pour r\u00e9soudre vos dilemmes et conflits int\u00e9rieurs.<br \/>\n&#8211; <strong>G\u00e9meaux<\/strong> : La labradorite pr\u00e9sente dans la bougie zodiaque est id\u00e9ale pour booster \u00e0 la fois votre vie professionnelle. Mais aussi pour vous aider \u00e0 canaliser et accepter vos envies de changement.<br \/>\n&#8211; <strong>Cancer<\/strong> : L\u2019aventurine pr\u00e9sente dans la bougie zodiaque vous apportera de l\u2019\u00e9quilibre dans votre quotidien, et saura vous rassurer dans vos prises de d\u00e9cisions.<br \/>\n&#8211;<strong> Sagittaire<\/strong> : L\u2019obsidienne pr\u00e9sente dans la bougie zodiaque est un r\u00e9el \u00e9lixir pour votre corps. En effet elle apporte une harmonie \u00e0 tout votre \u00eatre, autant sur le plan physique que mental.<br \/>\n&#8211; <strong>Capricorne<\/strong> : Le quartz rose pr\u00e9sent dans la bougie zodiaque vous donnera l\u2019impulsion d\u2019exprimer vos envies et vos \u00e9motions sans g\u00eane. Afin de vous \u00e9panouir sur le plan social et sentimental.<br \/>\n&#8211; <strong>Verseau<\/strong> : Le cristal de roche pr\u00e9sent dans la bougie zodiaque est source d&#8217;harmonie mais est aussi un excellent alli\u00e9 pour partir \u00e0 la d\u00e9couverte de votre part de mystique.<br \/>\n&#8211; <strong>Poissons<\/strong> : La citrine pr\u00e9sente dans la bougie zodiaque vous aidera \u00e0 trouver un \u00e9quilibre \u00e9motionnel, en pierre de joie. Elle vous aidera \u00e0 avancer en tout optimisme vers un avenir radieux.<\/p>\n","protected":false},"excerpt":{"rendered":"<p>La bougie de lithoth\u00e9rapie zodiaque parfum\u00e9e \u00e0 l\u2019ambre est \u00e0 la fois une jolie d\u00e9coration sur-mesure et une r\u00e9elle aide au recentrage, tant \u00e9motionnel, physique que spirituel en parfait alignement avec votre signe du zodiaque<\/p>\n<p>Composition : 90% cire de soja, 10% de parfum d\u2019ambre, \u00e0 titre indicatif notre bougie a une dur\u00e9e de brule 28h<\/p>\n<p>&nbsp;<\/p>\n<p style=\"text-align: left;\">\n","protected":false},"featured_media":1769,"template":"","meta":[],"product_cat":[140,126,23],"product_tag":[38,76,77,45],"yoast_head":"<!-- This site is optimized with the Yoast SEO plugin v18.4.1 - https:\/\/yoast.com\/wordpress\/plugins\/seo\/ -->\n<title>Bougie Zodiaque &quot;Ambre&quot; - Les cr\u00e9ations de Julia<\/title>\n<meta name=\"description\" content=\"D\u00e9couvrez notre bougie zodiaque &quot;Ambre&quot;, elle est parfaite pour un cadeau. Ce sont des bougies artisanales made in Alsace.\" \/>\n<meta name=\"robots\" content=\"index, follow, max-snippet:-1, max-image-preview:large, max-video-preview:-1\" \/>\n<link rel=\"canonical\" href=\"https:\/\/lescreationsdejulia.fr\/index.php\/produit\/bougie-zodiaque\/\" \/>\n<meta property=\"og:locale\" content=\"fr_FR\" \/>\n<meta property=\"og:type\" content=\"article\" \/>\n<meta property=\"og:title\" content=\"Bougie Zodiaque &quot;Ambre&quot; - Les cr\u00e9ations de Julia\" \/>\n<meta property=\"og:description\" content=\"D\u00e9couvrez notre bougie zodiaque &quot;Ambre&quot;, elle est parfaite pour un cadeau. Ce sont des bougies artisanales made in Alsace.\" \/>\n<meta property=\"og:url\" content=\"https:\/\/lescreationsdejulia.fr\/index.php\/produit\/bougie-zodiaque\/\" \/>\n<meta property=\"og:site_name\" content=\"Les cr\u00e9ations de Julia\" \/>\n<meta property=\"article:modified_time\" content=\"2022-12-01T11:32:58+00:00\" \/>\n<meta property=\"og:image\" content=\"https:\/\/lescreationsdejulia.fr\/wp-content\/uploads\/2022\/05\/IMG_6518-e1653387164682.jpg\" \/>\n\t<meta property=\"og:image:width\" content=\"1617\" \/>\n\t<meta property=\"og:image:height\" content=\"1617\" \/>\n\t<meta property=\"og:image:type\" content=\"image\/jpeg\" \/>\n<meta name=\"twitter:card\" content=\"summary_large_image\" \/>\n<meta name=\"twitter:label1\" content=\"Dur\u00e9e de lecture estim\u00e9e\" \/>\n\t<meta name=\"twitter:data1\" content=\"2 minutes\" \/>\n<script type=\"application\/ld+json\" class=\"yoast-schema-graph\">{\"@context\":\"https:\/\/schema.org\",\"@graph\":[{\"@type\":\"WebSite\",\"@id\":\"https:\/\/lescreationsdejulia.fr\/#website\",\"url\":\"https:\/\/lescreationsdejulia.fr\/\",\"name\":\"Les cr\u00e9ations de Julia\",\"description\":\"Fait main \u00e0 la fran\u00e7aise\",\"potentialAction\":[{\"@type\":\"SearchAction\",\"target\":{\"@type\":\"EntryPoint\",\"urlTemplate\":\"https:\/\/lescreationsdejulia.fr\/?s={search_term_string}\"},\"query-input\":\"required name=search_term_string\"}],\"inLanguage\":\"fr-FR\"},{\"@type\":\"ImageObject\",\"@id\":\"https:\/\/lescreationsdejulia.fr\/index.php\/produit\/bougie-zodiaque\/#primaryimage\",\"inLanguage\":\"fr-FR\",\"url\":\"https:\/\/i0.wp.com\/lescreationsdejulia.fr\/wp-content\/uploads\/2022\/05\/IMG_6518-e1653387164682.jpg?fit=1617%2C1617&ssl=1\",\"contentUrl\":\"https:\/\/i0.wp.com\/lescreationsdejulia.fr\/wp-content\/uploads\/2022\/05\/IMG_6518-e1653387164682.jpg?fit=1617%2C1617&ssl=1\",\"width\":1617,\"height\":1617},{\"@type\":\"WebPage\",\"@id\":\"https:\/\/lescreationsdejulia.fr\/index.php\/produit\/bougie-zodiaque\/#webpage\",\"url\":\"https:\/\/lescreationsdejulia.fr\/index.php\/produit\/bougie-zodiaque\/\",\"name\":\"Bougie Zodiaque \\\"Ambre\\\" - Les cr\u00e9ations de Julia\",\"isPartOf\":{\"@id\":\"https:\/\/lescreationsdejulia.fr\/#website\"},\"primaryImageOfPage\":{\"@id\":\"https:\/\/lescreationsdejulia.fr\/index.php\/produit\/bougie-zodiaque\/#primaryimage\"},\"datePublished\":\"2021-09-09T08:17:49+00:00\",\"dateModified\":\"2022-12-01T11:32:58+00:00\",\"description\":\"D\u00e9couvrez notre bougie zodiaque \\\"Ambre\\\", elle est parfaite pour un cadeau. Ce sont des bougies artisanales made in Alsace.\",\"breadcrumb\":{\"@id\":\"https:\/\/lescreationsdejulia.fr\/index.php\/produit\/bougie-zodiaque\/#breadcrumb\"},\"inLanguage\":\"fr-FR\",\"potentialAction\":[{\"@type\":\"ReadAction\",\"target\":[\"https:\/\/lescreationsdejulia.fr\/index.php\/produit\/bougie-zodiaque\/\"]}]},{\"@type\":\"BreadcrumbList\",\"@id\":\"https:\/\/lescreationsdejulia.fr\/index.php\/produit\/bougie-zodiaque\/#breadcrumb\",\"itemListElement\":[{\"@type\":\"ListItem\",\"position\":1,\"name\":\"Accueil\",\"item\":\"https:\/\/lescreationsdejulia.fr\/\"},{\"@type\":\"ListItem\",\"position\":2,\"name\":\"Les box\",\"item\":\"https:\/\/lescreationsdejulia.fr\/index.php\/box\/\"},{\"@type\":\"ListItem\",\"position\":3,\"name\":\"Bougie Zodiaque &#8220;Ambre&#8221;\"}]}]}<\/script>\n<!-- \/ Yoast SEO plugin. -->","yoast_head_json":{"title":"Bougie Zodiaque \"Ambre\" - Les cr\u00e9ations de Julia","description":"D\u00e9couvrez notre bougie zodiaque \"Ambre\", elle est parfaite pour un cadeau. Ce sont des bougies artisanales made in Alsace.","robots":{"index":"index","follow":"follow","max-snippet":"max-snippet:-1","max-image-preview":"max-image-preview:large","max-video-preview":"max-video-preview:-1"},"canonical":"https:\/\/lescreationsdejulia.fr\/index.php\/produit\/bougie-zodiaque\/","og_locale":"fr_FR","og_type":"article","og_title":"Bougie Zodiaque \"Ambre\" - Les cr\u00e9ations de Julia","og_description":"D\u00e9couvrez notre bougie zodiaque \"Ambre\", elle est parfaite pour un cadeau. Ce sont des bougies artisanales made in Alsace.","og_url":"https:\/\/lescreationsdejulia.fr\/index.php\/produit\/bougie-zodiaque\/","og_site_name":"Les cr\u00e9ations de Julia","article_modified_time":"2022-12-01T11:32:58+00:00","og_image":[{"width":1617,"height":1617,"url":"https:\/\/lescreationsdejulia.fr\/wp-content\/uploads\/2022\/05\/IMG_6518-e1653387164682.jpg","type":"image\/jpeg"}],"twitter_card":"summary_large_image","twitter_misc":{"Dur\u00e9e de lecture estim\u00e9e":"2 minutes"},"schema":{"@context":"https:\/\/schema.org","@graph":[{"@type":"WebSite","@id":"https:\/\/lescreationsdejulia.fr\/#website","url":"https:\/\/lescreationsdejulia.fr\/","name":"Les cr\u00e9ations de Julia","description":"Fait main \u00e0 la fran\u00e7aise","potentialAction":[{"@type":"SearchAction","target":{"@type":"EntryPoint","urlTemplate":"https:\/\/lescreationsdejulia.fr\/?s={search_term_string}"},"query-input":"required name=search_term_string"}],"inLanguage":"fr-FR"},{"@type":"ImageObject","@id":"https:\/\/lescreationsdejulia.fr\/index.php\/produit\/bougie-zodiaque\/#primaryimage","inLanguage":"fr-FR","url":"https:\/\/i0.wp.com\/lescreationsdejulia.fr\/wp-content\/uploads\/2022\/05\/IMG_6518-e1653387164682.jpg?fit=1617%2C1617&ssl=1","contentUrl":"https:\/\/i0.wp.com\/lescreationsdejulia.fr\/wp-content\/uploads\/2022\/05\/IMG_6518-e1653387164682.jpg?fit=1617%2C1617&ssl=1","width":1617,"height":1617},{"@type":"WebPage","@id":"https:\/\/lescreationsdejulia.fr\/index.php\/produit\/bougie-zodiaque\/#webpage","url":"https:\/\/lescreationsdejulia.fr\/index.php\/produit\/bougie-zodiaque\/","name":"Bougie Zodiaque \"Ambre\" - Les cr\u00e9ations de Julia","isPartOf":{"@id":"https:\/\/lescreationsdejulia.fr\/#website"},"primaryImageOfPage":{"@id":"https:\/\/lescreationsdejulia.fr\/index.php\/produit\/bougie-zodiaque\/#primaryimage"},"datePublished":"2021-09-09T08:17:49+00:00","dateModified":"2022-12-01T11:32:58+00:00","description":"D\u00e9couvrez notre bougie zodiaque \"Ambre\", elle est parfaite pour un cadeau. Ce sont des bougies artisanales made in Alsace.","breadcrumb":{"@id":"https:\/\/lescreationsdejulia.fr\/index.php\/produit\/bougie-zodiaque\/#breadcrumb"},"inLanguage":"fr-FR","potentialAction":[{"@type":"ReadAction","target":["https:\/\/lescreationsdejulia.fr\/index.php\/produit\/bougie-zodiaque\/"]}]},{"@type":"BreadcrumbList","@id":"https:\/\/lescreationsdejulia.fr\/index.php\/produit\/bougie-zodiaque\/#breadcrumb","itemListElement":[{"@type":"ListItem","position":1,"name":"Accueil","item":"https:\/\/lescreationsdejulia.fr\/"},{"@type":"ListItem","position":2,"name":"Les box","item":"https:\/\/lescreationsdejulia.fr\/index.php\/box\/"},{"@type":"ListItem","position":3,"name":"Bougie Zodiaque &#8220;Ambre&#8221;"}]}]}},"jetpack_sharing_enabled":true,"_links":{"self":[{"href":"https:\/\/lescreationsdejulia.fr\/index.php\/wp-json\/wp\/v2\/product\/858"}],"collection":[{"href":"https:\/\/lescreationsdejulia.fr\/index.php\/wp-json\/wp\/v2\/product"}],"about":[{"href":"https:\/\/lescreationsdejulia.fr\/index.php\/wp-json\/wp\/v2\/types\/product"}],"wp:featuredmedia":[{"embeddable":true,"href":"https:\/\/lescreationsdejulia.fr\/index.php\/wp-json\/wp\/v2\/media\/1769"}],"wp:attachment":[{"href":"https:\/\/lescreationsdejulia.fr\/index.php\/wp-json\/wp\/v2\/media?parent=858"}],"wp:term":[{"taxonomy":"product_cat","embeddable":true,"href":"https:\/\/lescreationsdejulia.fr\/index.php\/wp-json\/wp\/v2\/product_cat?post=858"},{"taxonomy":"product_tag","embeddable":true,"href":"https:\/\/lescreationsdejulia.fr\/index.php\/wp-json\/wp\/v2\/product_tag?post=858"}],"curies":[{"name":"wp","href":"https:\/\/api.w.org\/{rel}","templated":true}]}}