{"id":94,"date":"2021-07-03T10:25:46","date_gmt":"2021-07-03T08:25:46","guid":{"rendered":"http:\/\/lescreationsdejulia.fr\/?post_type=product&#038;p=94"},"modified":"2022-12-06T17:37:21","modified_gmt":"2022-12-06T16:37:21","slug":"box-zero-dechet-hera","status":"publish","type":"product","link":"https:\/\/lescreationsdejulia.fr\/index.php\/produit\/box-zero-dechet-hera\/","title":{"rendered":"Box z\u00e9ro-d\u00e9chet &#8220;H\u00e9ra&#8221;"},"content":{"rendered":"<p><u>Les produits<\/u> : Chaque produit est 100% fait main ou personnalis\u00e9 en Alsace, r\u00e9alis\u00e9 avec une attention particuli\u00e8re dans le respect de l\u2019environnement, tous nos tissus sont certifi\u00e9s OEKO-TEX et dessin\u00e9s par Julia Jordy.<\/p>\n<ul>\n<li><u>Un sac shopping<\/u>: 100% coton, design\u00e9 dans notre atelier de cr\u00e9ation, parfait alli\u00e9 du quotidien \u00e0 toujours avoir sur soi. Lavage \u00e0 40\u00b0C.<\/li>\n<li><u>Lot de 3 lingettes r\u00e9utilisables<\/u>: une face 100% coton au design exclusif, et l\u2019autre en micro-\u00e9ponge de bambou (40% bambou, 40% coton, 20% polyester) ultra douce. Ces lingettes lavables et r\u00e9utilisables \u00e0 l\u2019infini permettent de d\u00e9maquiller et nettoyer le visage en douceur. Vous pouvez l\u2019utiliser avec votre d\u00e9maquillant habituel, votre eau micellaire, ou m\u00eame de l\u2019huile de coco pour un impact carbone ultra maitris\u00e9. Lavage \u00e0 40\u00b0C.<\/li>\n<li><u>Un sac shopping nature <\/u>: 100% coton OEKO-TEX, id\u00e9al en toute situation, et \u00e0 toujours avoir sur soi pour allier l&#8217;utile \u00e0 l&#8217;esth\u00e9tisme. Pas de lavage.<\/li>\n<li><u>Une \u00e9ponge lavable <\/u>: double emploi est compos\u00e9e de 2 faces, la premi\u00e8re en jute pour gratter et d\u00e9sincruster, la seconde en tissus \u00e9ponge pour essuyer. Lavage \u00e0 40\u00b0C.<\/li>\n<li><u>Une illustration<\/u><\/li>\n<\/ul>\n","protected":false},"excerpt":{"rendered":"<p>Travailler avec des partenaires locaux, recycler ses d\u00e9chets, mieux consommer, sont des piliers de notre entreprise, c&#8217;est pourquoi, \u00e0 sa cr\u00e9ation, l&#8217;id\u00e9e d&#8217;une box respectueuse de l&#8217;environnement a tout de suite fait \u00e9cho en nous. Nous avions envie de proposer un produit qui aide \u00e0 rendre notre mani\u00e8re de consommer plus responsable, car nous construisons aujourd&#8217;hui le monde de demain, celui de nos enfants.<\/p>\n<p>A offrir, ou pour se faire plaisir, la box z\u00e9ro-d\u00e9chet est un &#8220;starter pack&#8221; compos\u00e9 de lingettes d\u00e9maquillantes, d&#8217;une \u00e9ponge lavable, d&#8217;un sac shopping et d&#8217;une illustration qui se d\u00e9cline en 3 designs : Chloris, Art\u00e9mis ou H\u00e9ra.<\/p>\n","protected":false},"featured_media":1035,"template":"","meta":[],"product_cat":[141,126,19,21],"product_tag":[87,85,75,73,62,88,89,86],"yoast_head":"<!-- This site is optimized with the Yoast SEO plugin v18.4.1 - https:\/\/yoast.com\/wordpress\/plugins\/seo\/ -->\n<title>Box z\u00e9ro-d\u00e9chet &quot;H\u00e9ra&quot; - Les cr\u00e9ations de Julia<\/title>\n<meta name=\"robots\" content=\"index, follow, max-snippet:-1, max-image-preview:large, max-video-preview:-1\" \/>\n<link rel=\"canonical\" href=\"https:\/\/lescreationsdejulia.fr\/index.php\/produit\/box-zero-dechet-hera\/\" \/>\n<meta property=\"og:locale\" content=\"fr_FR\" \/>\n<meta property=\"og:type\" content=\"article\" \/>\n<meta property=\"og:title\" content=\"Box z\u00e9ro-d\u00e9chet &quot;H\u00e9ra&quot; - Les cr\u00e9ations de Julia\" \/>\n<meta property=\"og:description\" content=\"Travailler avec des partenaires locaux, recycler ses d\u00e9chets, mieux consommer, sont des piliers de notre entreprise, c&#039;est pourquoi, \u00e0 sa cr\u00e9ation, l&#039;id\u00e9e d&#039;une box respectueuse de l&#039;environnement a tout de suite fait \u00e9cho en nous. Nous avions envie de proposer un produit qui aide \u00e0 rendre notre mani\u00e8re de consommer plus responsable, car nous construisons aujourd&#039;hui le monde de demain, celui de nos enfants.  A offrir, ou pour se faire plaisir, la box z\u00e9ro-d\u00e9chet est un &quot;starter pack&quot; compos\u00e9 de lingettes d\u00e9maquillantes, d&#039;une \u00e9ponge lavable, d&#039;un sac shopping et d&#039;une illustration qui se d\u00e9cline en 3 designs : Chloris, Art\u00e9mis ou H\u00e9ra.\" \/>\n<meta property=\"og:url\" content=\"https:\/\/lescreationsdejulia.fr\/index.php\/produit\/box-zero-dechet-hera\/\" \/>\n<meta property=\"og:site_name\" content=\"Les cr\u00e9ations de Julia\" \/>\n<meta property=\"article:modified_time\" content=\"2022-12-06T16:37:21+00:00\" \/>\n<meta property=\"og:image\" content=\"https:\/\/lescreationsdejulia.fr\/wp-content\/uploads\/2021\/07\/Box-ZD-NV.jpg\" \/>\n\t<meta property=\"og:image:width\" content=\"1512\" \/>\n\t<meta property=\"og:image:height\" content=\"2016\" \/>\n\t<meta property=\"og:image:type\" content=\"image\/jpeg\" \/>\n<meta name=\"twitter:card\" content=\"summary_large_image\" \/>\n<meta name=\"twitter:label1\" content=\"Dur\u00e9e de lecture estim\u00e9e\" \/>\n\t<meta name=\"twitter:data1\" content=\"1 minute\" \/>\n<script type=\"application\/ld+json\" class=\"yoast-schema-graph\">{\"@context\":\"https:\/\/schema.org\",\"@graph\":[{\"@type\":\"WebSite\",\"@id\":\"https:\/\/lescreationsdejulia.fr\/#website\",\"url\":\"https:\/\/lescreationsdejulia.fr\/\",\"name\":\"Les cr\u00e9ations de Julia\",\"description\":\"Fait main \u00e0 la fran\u00e7aise\",\"potentialAction\":[{\"@type\":\"SearchAction\",\"target\":{\"@type\":\"EntryPoint\",\"urlTemplate\":\"https:\/\/lescreationsdejulia.fr\/?s={search_term_string}\"},\"query-input\":\"required name=search_term_string\"}],\"inLanguage\":\"fr-FR\"},{\"@type\":\"ImageObject\",\"@id\":\"https:\/\/lescreationsdejulia.fr\/index.php\/produit\/box-zero-dechet-hera\/#primaryimage\",\"inLanguage\":\"fr-FR\",\"url\":\"https:\/\/i0.wp.com\/lescreationsdejulia.fr\/wp-content\/uploads\/2021\/07\/Box-ZD-NV.jpg?fit=1512%2C2016&ssl=1\",\"contentUrl\":\"https:\/\/i0.wp.com\/lescreationsdejulia.fr\/wp-content\/uploads\/2021\/07\/Box-ZD-NV.jpg?fit=1512%2C2016&ssl=1\",\"width\":1512,\"height\":2016},{\"@type\":\"WebPage\",\"@id\":\"https:\/\/lescreationsdejulia.fr\/index.php\/produit\/box-zero-dechet-hera\/#webpage\",\"url\":\"https:\/\/lescreationsdejulia.fr\/index.php\/produit\/box-zero-dechet-hera\/\",\"name\":\"Box z\u00e9ro-d\u00e9chet \\\"H\u00e9ra\\\" - Les cr\u00e9ations de Julia\",\"isPartOf\":{\"@id\":\"https:\/\/lescreationsdejulia.fr\/#website\"},\"primaryImageOfPage\":{\"@id\":\"https:\/\/lescreationsdejulia.fr\/index.php\/produit\/box-zero-dechet-hera\/#primaryimage\"},\"datePublished\":\"2021-07-03T08:25:46+00:00\",\"dateModified\":\"2022-12-06T16:37:21+00:00\",\"breadcrumb\":{\"@id\":\"https:\/\/lescreationsdejulia.fr\/index.php\/produit\/box-zero-dechet-hera\/#breadcrumb\"},\"inLanguage\":\"fr-FR\",\"potentialAction\":[{\"@type\":\"ReadAction\",\"target\":[\"https:\/\/lescreationsdejulia.fr\/index.php\/produit\/box-zero-dechet-hera\/\"]}]},{\"@type\":\"BreadcrumbList\",\"@id\":\"https:\/\/lescreationsdejulia.fr\/index.php\/produit\/box-zero-dechet-hera\/#breadcrumb\",\"itemListElement\":[{\"@type\":\"ListItem\",\"position\":1,\"name\":\"Accueil\",\"item\":\"https:\/\/lescreationsdejulia.fr\/\"},{\"@type\":\"ListItem\",\"position\":2,\"name\":\"Les box\",\"item\":\"https:\/\/lescreationsdejulia.fr\/index.php\/box\/\"},{\"@type\":\"ListItem\",\"position\":3,\"name\":\"Box z\u00e9ro-d\u00e9chet &#8220;H\u00e9ra&#8221;\"}]}]}<\/script>\n<!-- \/ Yoast SEO plugin. -->","yoast_head_json":{"title":"Box z\u00e9ro-d\u00e9chet \"H\u00e9ra\" - Les cr\u00e9ations de Julia","robots":{"index":"index","follow":"follow","max-snippet":"max-snippet:-1","max-image-preview":"max-image-preview:large","max-video-preview":"max-video-preview:-1"},"canonical":"https:\/\/lescreationsdejulia.fr\/index.php\/produit\/box-zero-dechet-hera\/","og_locale":"fr_FR","og_type":"article","og_title":"Box z\u00e9ro-d\u00e9chet \"H\u00e9ra\" - Les cr\u00e9ations de Julia","og_description":"Travailler avec des partenaires locaux, recycler ses d\u00e9chets, mieux consommer, sont des piliers de notre entreprise, c'est pourquoi, \u00e0 sa cr\u00e9ation, l'id\u00e9e d'une box respectueuse de l'environnement a tout de suite fait \u00e9cho en nous. Nous avions envie de proposer un produit qui aide \u00e0 rendre notre mani\u00e8re de consommer plus responsable, car nous construisons aujourd'hui le monde de demain, celui de nos enfants.  A offrir, ou pour se faire plaisir, la box z\u00e9ro-d\u00e9chet est un \"starter pack\" compos\u00e9 de lingettes d\u00e9maquillantes, d'une \u00e9ponge lavable, d'un sac shopping et d'une illustration qui se d\u00e9cline en 3 designs : Chloris, Art\u00e9mis ou H\u00e9ra.","og_url":"https:\/\/lescreationsdejulia.fr\/index.php\/produit\/box-zero-dechet-hera\/","og_site_name":"Les cr\u00e9ations de Julia","article_modified_time":"2022-12-06T16:37:21+00:00","og_image":[{"width":1512,"height":2016,"url":"https:\/\/lescreationsdejulia.fr\/wp-content\/uploads\/2021\/07\/Box-ZD-NV.jpg","type":"image\/jpeg"}],"twitter_card":"summary_large_image","twitter_misc":{"Dur\u00e9e de lecture estim\u00e9e":"1 minute"},"schema":{"@context":"https:\/\/schema.org","@graph":[{"@type":"WebSite","@id":"https:\/\/lescreationsdejulia.fr\/#website","url":"https:\/\/lescreationsdejulia.fr\/","name":"Les cr\u00e9ations de Julia","description":"Fait main \u00e0 la fran\u00e7aise","potentialAction":[{"@type":"SearchAction","target":{"@type":"EntryPoint","urlTemplate":"https:\/\/lescreationsdejulia.fr\/?s={search_term_string}"},"query-input":"required name=search_term_string"}],"inLanguage":"fr-FR"},{"@type":"ImageObject","@id":"https:\/\/lescreationsdejulia.fr\/index.php\/produit\/box-zero-dechet-hera\/#primaryimage","inLanguage":"fr-FR","url":"https:\/\/i0.wp.com\/lescreationsdejulia.fr\/wp-content\/uploads\/2021\/07\/Box-ZD-NV.jpg?fit=1512%2C2016&ssl=1","contentUrl":"https:\/\/i0.wp.com\/lescreationsdejulia.fr\/wp-content\/uploads\/2021\/07\/Box-ZD-NV.jpg?fit=1512%2C2016&ssl=1","width":1512,"height":2016},{"@type":"WebPage","@id":"https:\/\/lescreationsdejulia.fr\/index.php\/produit\/box-zero-dechet-hera\/#webpage","url":"https:\/\/lescreationsdejulia.fr\/index.php\/produit\/box-zero-dechet-hera\/","name":"Box z\u00e9ro-d\u00e9chet \"H\u00e9ra\" - Les cr\u00e9ations de Julia","isPartOf":{"@id":"https:\/\/lescreationsdejulia.fr\/#website"},"primaryImageOfPage":{"@id":"https:\/\/lescreationsdejulia.fr\/index.php\/produit\/box-zero-dechet-hera\/#primaryimage"},"datePublished":"2021-07-03T08:25:46+00:00","dateModified":"2022-12-06T16:37:21+00:00","breadcrumb":{"@id":"https:\/\/lescreationsdejulia.fr\/index.php\/produit\/box-zero-dechet-hera\/#breadcrumb"},"inLanguage":"fr-FR","potentialAction":[{"@type":"ReadAction","target":["https:\/\/lescreationsdejulia.fr\/index.php\/produit\/box-zero-dechet-hera\/"]}]},{"@type":"BreadcrumbList","@id":"https:\/\/lescreationsdejulia.fr\/index.php\/produit\/box-zero-dechet-hera\/#breadcrumb","itemListElement":[{"@type":"ListItem","position":1,"name":"Accueil","item":"https:\/\/lescreationsdejulia.fr\/"},{"@type":"ListItem","position":2,"name":"Les box","item":"https:\/\/lescreationsdejulia.fr\/index.php\/box\/"},{"@type":"ListItem","position":3,"name":"Box z\u00e9ro-d\u00e9chet &#8220;H\u00e9ra&#8221;"}]}]}},"jetpack_sharing_enabled":true,"_links":{"self":[{"href":"https:\/\/lescreationsdejulia.fr\/index.php\/wp-json\/wp\/v2\/product\/94"}],"collection":[{"href":"https:\/\/lescreationsdejulia.fr\/index.php\/wp-json\/wp\/v2\/product"}],"about":[{"href":"https:\/\/lescreationsdejulia.fr\/index.php\/wp-json\/wp\/v2\/types\/product"}],"wp:featuredmedia":[{"embeddable":true,"href":"https:\/\/lescreationsdejulia.fr\/index.php\/wp-json\/wp\/v2\/media\/1035"}],"wp:attachment":[{"href":"https:\/\/lescreationsdejulia.fr\/index.php\/wp-json\/wp\/v2\/media?parent=94"}],"wp:term":[{"taxonomy":"product_cat","embeddable":true,"href":"https:\/\/lescreationsdejulia.fr\/index.php\/wp-json\/wp\/v2\/product_cat?post=94"},{"taxonomy":"product_tag","embeddable":true,"href":"https:\/\/lescreationsdejulia.fr\/index.php\/wp-json\/wp\/v2\/product_tag?post=94"}],"curies":[{"name":"wp","href":"https:\/\/api.w.org\/{rel}","templated":true}]}}